{"id":745524,"date":"2025-08-28T02:21:55","date_gmt":"2025-08-27T23:21:55","guid":{"rendered":"https:\/\/roveyayinevi.com.tr\/index.php\/urun\/farkli-disiplinlerde-kadin-gozuyle-kadin-calismalari\/"},"modified":"2026-04-16T02:57:46","modified_gmt":"2026-04-15T23:57:46","slug":"farkli-disiplinlerde-kadin-gozuyle-kadin-calismalari","status":"publish","type":"product","link":"https:\/\/roveyayinevi.com.tr\/index.php\/urun\/farkli-disiplinlerde-kadin-gozuyle-kadin-calismalari\/","title":{"rendered":"Farkl\u0131 Disiplinlerde Kad\u0131n G\u00f6z\u00fcyle Kad\u0131n \u00c7al\u0131\u015fmalar\u0131"},"content":{"rendered":"<p>\u00b7         T\u00dcRK\u0130YE\u2019DE KADINA Y\u00d6NEL\u0130K \u015e\u0130DDETLE M\u00dcCADELE VE SOSYAL H\u0130ZMETLER \u00b7         TOPLUMSAL C\u0130NS\u0130YET BA\u011eLAMINDA KADIN SA\u011eLI\u011eI \u00b7         FEM\u0130N\u0130ST TERAP\u0130 VE SOSYAL PS\u0130KOLOJ\u0130K B\u0130R DE\u011eERLEND\u0130RME \u00b7         ANADOLU DUVAR RESM\u0130 ARA\u015eTIRMALARINDA \u00d6NC\u00dc KADINLAR: R\u00dc\u00c7HAN ARIK VE G\u00dcNSEL RENDA\u2019NIN \u00c7ALI\u015eMALARI \u00b7         TOPLUMSAL HAREKETLER BA\u011eLAMINDA KADIN HAREKETLER\u0130N\u0130N DE\u011e\u0130\u015eEN G\u00d6R\u00dcN\u00dcM\u00dc: D\u0130J\u0130TAL FEM\u0130N\u0130ZM \u00b7         POLONYA\u2019DA TATAR K\u00d6KENL\u0130 M\u00dcSL\u00dcMANLARIN \u00c7A\u011eDA\u015e D\u0130N\u00ce K\u0130ML\u0130\u011e\u0130N\u0130 TEMS\u0130L EDEN KADINLAR \u00b7         JEANETTE W\u0130NTERSON\u2019IN V\u0130\u015eNEN\u0130N C\u0130NS\u0130YET\u0130 ADLI ESER\u0130NE J\u0130NO-ELE\u015eT\u0130REL B\u0130R YAKLA\u015eIM <\/p>\n","protected":false},"excerpt":{"rendered":"<p>\u00b7 T\u00dcRK\u0130YE\u2019DE KADINA Y\u00d6NEL\u0130K \u015e\u0130DDETLE M\u00dcCADELE VE SOSYAL H\u0130ZMETLER \u00b7 TOPLUMSAL C\u0130NS\u0130YET BA\u011eLAMINDA KADIN SA\u011eLI\u011eI \u00b7 FEM\u0130N\u0130ST TERAP\u0130 VE SOSYAL PS\u0130KOLOJ\u0130K B\u0130R DE\u011eERLEND\u0130RME \u00b7 ANADOLU DUVAR<span class=\"excerpt-hellip\"> [\u2026]<\/span><\/p>\n","protected":false},"featured_media":0,"template":"","meta":{"_monsterinsights_skip_tracking":false,"_monsterinsights_sitenote_active":false,"_monsterinsights_sitenote_note":"","_monsterinsights_sitenote_category":0},"product_brand":[],"product_cat":[12573,12566],"product_tag":[],"class_list":{"0":"post-745524","1":"product","2":"type-product","3":"status-publish","5":"product_cat-akademik-kitaplar","6":"product_cat-egitim","7":"pa_cilt-ciltsiz","8":"pa_tur-kitap","9":"pa_yayinevi-gazi-kitabevi","10":"pa_yazar-kolektif","12":"first","13":"instock","14":"sale","15":"shipping-taxable","16":"purchasable","17":"product-type-simple"},"_links":{"self":[{"href":"https:\/\/roveyayinevi.com.tr\/index.php\/wp-json\/wp\/v2\/product\/745524","targetHints":{"allow":["GET"]}}],"collection":[{"href":"https:\/\/roveyayinevi.com.tr\/index.php\/wp-json\/wp\/v2\/product"}],"about":[{"href":"https:\/\/roveyayinevi.com.tr\/index.php\/wp-json\/wp\/v2\/types\/product"}],"wp:attachment":[{"href":"https:\/\/roveyayinevi.com.tr\/index.php\/wp-json\/wp\/v2\/media?parent=745524"}],"wp:term":[{"taxonomy":"product_brand","embeddable":true,"href":"https:\/\/roveyayinevi.com.tr\/index.php\/wp-json\/wp\/v2\/product_brand?post=745524"},{"taxonomy":"product_cat","embeddable":true,"href":"https:\/\/roveyayinevi.com.tr\/index.php\/wp-json\/wp\/v2\/product_cat?post=745524"},{"taxonomy":"product_tag","embeddable":true,"href":"https:\/\/roveyayinevi.com.tr\/index.php\/wp-json\/wp\/v2\/product_tag?post=745524"}],"curies":[{"name":"wp","href":"https:\/\/api.w.org\/{rel}","templated":true}]}}