{"id":745522,"date":"2025-08-28T02:21:53","date_gmt":"2025-08-27T23:21:53","guid":{"rendered":"https:\/\/roveyayinevi.com.tr\/index.php\/urun\/ornek-olaylarla-dijital-pazarlama-yonetimi\/"},"modified":"2025-11-21T08:33:58","modified_gmt":"2025-11-21T05:33:58","slug":"ornek-olaylarla-dijital-pazarlama-yonetimi","status":"publish","type":"product","link":"https:\/\/roveyayinevi.com.tr\/index.php\/urun\/ornek-olaylarla-dijital-pazarlama-yonetimi\/","title":{"rendered":"\u00d6rnek Olaylarla Dijital Pazarlama Y\u00f6netimi"},"content":{"rendered":"<p>B\u0130R\u0130NC\u0130 B\u00d6L\u00dcM D\u0130J\u0130TAL PAZARLAMANIN GEL\u0130\u015e\u0130M\u0130 VE PAZARLAMA 5.0   \u0130K\u0130NC\u0130 B\u00d6L\u00dcM K\u00dc\u00c7\u00dcK \u0130\u015eLETMELERDE D\u0130J\u0130TAL PAZARLAMA FAAL\u0130YETLER\u0130   \u00dc\u00c7\u00dcNC\u00dc B\u00d6L\u00dcM SOSYAL MEDYA PAZARLAMASI   D\u00d6RD\u00dcNC\u00dc B\u00d6L\u00dcM H\u0130ZMETLERE Y\u00d6NEL\u0130K D\u0130J\u0130TAL PAZARLAMA STRATEJ\u0130LER\u0130   BE\u015e\u0130NC\u0130 B\u00d6L\u00dcM D\u0130J\u0130TAL T\u00dcKET\u0130C\u0130 DAVRANI\u015eLAR   ALTINCI B\u00d6L\u00dcM D\u0130J\u0130TAL PAZARLAMA KARMASI VE Y\u00d6NET\u0130M\u0130   YED\u0130NC\u0130 B\u00d6L\u00dcM D\u0130J\u0130TAL PAZARLAMANIN ET\u0130K, YASAL VE MAHREM\u0130YET BOYUTLARI SEK\u0130Z\u0130NC\u0130 B\u00d6L\u00dcM D\u0130J\u0130TAL PAZARLAMA \u0130LET\u0130\u015e\u0130M\u0130   DOKUZUNCU B\u00d6L\u00dcM ULUSLARARASI T\u0130CARETTE D\u0130J\u0130TAL PAZARLAMA UYGULAMALARI   ONUNCU B\u00d6L\u00dcM \u0130\u00c7ER\u0130K PAZARLAMASI <\/p>\n","protected":false},"excerpt":{"rendered":"<p>B\u0130R\u0130NC\u0130 B\u00d6L\u00dcM D\u0130J\u0130TAL PAZARLAMANIN GEL\u0130\u015e\u0130M\u0130 VE PAZARLAMA 5.0 \u0130K\u0130NC\u0130 B\u00d6L\u00dcM K\u00dc\u00c7\u00dcK \u0130\u015eLETMELERDE D\u0130J\u0130TAL PAZARLAMA FAAL\u0130YETLER\u0130 \u00dc\u00c7\u00dcNC\u00dc B\u00d6L\u00dcM SOSYAL MEDYA PAZARLAMASI D\u00d6RD\u00dcNC\u00dc B\u00d6L\u00dcM H\u0130ZMETLERE Y\u00d6NEL\u0130K D\u0130J\u0130TAL PAZARLAMA<span class=\"excerpt-hellip\"> [\u2026]<\/span><\/p>\n","protected":false},"featured_media":0,"template":"","meta":{"_monsterinsights_skip_tracking":false,"_monsterinsights_sitenote_active":false,"_monsterinsights_sitenote_note":"","_monsterinsights_sitenote_category":0},"product_brand":[],"product_cat":[20333,13043],"product_tag":[],"class_list":{"0":"post-745522","1":"product","2":"type-product","3":"status-publish","5":"product_cat-diger-ekonomi","6":"product_cat-ekonomi","7":"pa_cilt-ciltsiz","8":"pa_tur-kitap","9":"pa_yayinevi-gazi-kitabevi","10":"pa_yazar-kolektif","12":"first","13":"instock","14":"sale","15":"shipping-taxable","16":"purchasable","17":"product-type-simple"},"_links":{"self":[{"href":"https:\/\/roveyayinevi.com.tr\/index.php\/wp-json\/wp\/v2\/product\/745522","targetHints":{"allow":["GET"]}}],"collection":[{"href":"https:\/\/roveyayinevi.com.tr\/index.php\/wp-json\/wp\/v2\/product"}],"about":[{"href":"https:\/\/roveyayinevi.com.tr\/index.php\/wp-json\/wp\/v2\/types\/product"}],"wp:attachment":[{"href":"https:\/\/roveyayinevi.com.tr\/index.php\/wp-json\/wp\/v2\/media?parent=745522"}],"wp:term":[{"taxonomy":"product_brand","embeddable":true,"href":"https:\/\/roveyayinevi.com.tr\/index.php\/wp-json\/wp\/v2\/product_brand?post=745522"},{"taxonomy":"product_cat","embeddable":true,"href":"https:\/\/roveyayinevi.com.tr\/index.php\/wp-json\/wp\/v2\/product_cat?post=745522"},{"taxonomy":"product_tag","embeddable":true,"href":"https:\/\/roveyayinevi.com.tr\/index.php\/wp-json\/wp\/v2\/product_tag?post=745522"}],"curies":[{"name":"wp","href":"https:\/\/api.w.org\/{rel}","templated":true}]}}