{"id":745521,"date":"2025-08-28T02:21:52","date_gmt":"2025-08-27T23:21:52","guid":{"rendered":"https:\/\/roveyayinevi.com.tr\/index.php\/urun\/annemin-zarif-elbiseleri\/"},"modified":"2026-04-16T02:57:46","modified_gmt":"2026-04-15T23:57:46","slug":"annemin-zarif-elbiseleri","status":"publish","type":"product","link":"https:\/\/roveyayinevi.com.tr\/index.php\/urun\/annemin-zarif-elbiseleri\/","title":{"rendered":"Annemin Zarif Elbiseleri"},"content":{"rendered":"<p>Uzak diyarlardan birinde, insanlar\u0131n kibarca, ho\u015fg\u00f6r\u00fcyle, ne\u015feyle ya\u015fad\u0131\u011f\u0131 Nazikistan \u00dclkesi\u2019nde, halk amans\u0131z bir hastal\u0131\u011fa tutulmu\u015f. Bu hastal\u0131\u011f\u0131n etkilerini azaltman\u0131n tek yolu ne yaz\u0131k ki kaba saba davranmak ve k\u00f6t\u00fc s\u00f6zler s\u00f6ylemekmi\u015f. T\u00fcrl\u00fc t\u00fcrl\u00fc hekimler bir \u015fifa bulamay\u0131nca, \u00fclkenin nazl\u0131 prensesi Nazenin\u2019in sad\u0131k hizmetk\u00e2r\u0131 Sadakat, korkun\u00e7 salg\u0131na \u00e7are aramak i\u00e7in yollara d\u00fc\u015fm\u00fc\u015f. Ve sonunda, yolu olmazlar\u0131n oldu\u011fu Mucizeler \u00dclkesi\u2019nin mucizevi terzisi G\u00f6n\u00fclden\u2019le kesi\u015fmi\u015f.G\u00f6n\u00fclden\u2019in zarafetle, sevgiyle, ince bir zevkle yaratt\u0131\u011f\u0131 t\u00fcm elbiseler mutluluk verirmi\u015f kendi halk\u0131na. Onun sihirli dokunu\u015fuyla yap\u0131lan k\u0131yafetler Nazikistan\u2019\u0131n ba\u015f\u0131ndaki kara bulutlar\u0131 da da\u011f\u0131tabilir miymi\u015f acaba?Annemin Zarif Elbiseleri, \u00e7ocuk ya da yeti\u015fkin fark etmeksizin t\u00fcm okurlar\u0131n ve dinleyenlerin g\u00f6nl\u00fcne nazik\u00e7e dokunacak b\u00fcy\u00fcl\u00fc bir masal&#8230;<\/p>\n","protected":false},"excerpt":{"rendered":"<p>Uzak diyarlardan birinde, insanlar\u0131n kibarca, ho\u015fg\u00f6r\u00fcyle, ne\u015feyle ya\u015fad\u0131\u011f\u0131 Nazikistan \u00dclkesi\u2019nde, halk amans\u0131z bir hastal\u0131\u011fa tutulmu\u015f. Bu hastal\u0131\u011f\u0131n etkilerini azaltman\u0131n tek yolu ne yaz\u0131k ki kaba saba<span class=\"excerpt-hellip\"> [\u2026]<\/span><\/p>\n","protected":false},"featured_media":0,"template":"","meta":{"_monsterinsights_skip_tracking":false,"_monsterinsights_sitenote_active":false,"_monsterinsights_sitenote_note":"","_monsterinsights_sitenote_category":0},"product_brand":[],"product_cat":[12274,12284],"product_tag":[],"class_list":{"0":"post-745521","1":"product","2":"type-product","3":"status-publish","5":"product_cat-cocuk-ve-genclik-kitaplari","6":"product_cat-hikayeler","7":"pa_cilt-ciltsiz","8":"pa_tur-kitap","9":"pa_yayinevi-ithaki-yayinlari","10":"pa_yazar-pinar-sakliyan-kocali","12":"first","13":"instock","14":"sale","15":"shipping-taxable","16":"purchasable","17":"product-type-simple"},"_links":{"self":[{"href":"https:\/\/roveyayinevi.com.tr\/index.php\/wp-json\/wp\/v2\/product\/745521","targetHints":{"allow":["GET"]}}],"collection":[{"href":"https:\/\/roveyayinevi.com.tr\/index.php\/wp-json\/wp\/v2\/product"}],"about":[{"href":"https:\/\/roveyayinevi.com.tr\/index.php\/wp-json\/wp\/v2\/types\/product"}],"wp:attachment":[{"href":"https:\/\/roveyayinevi.com.tr\/index.php\/wp-json\/wp\/v2\/media?parent=745521"}],"wp:term":[{"taxonomy":"product_brand","embeddable":true,"href":"https:\/\/roveyayinevi.com.tr\/index.php\/wp-json\/wp\/v2\/product_brand?post=745521"},{"taxonomy":"product_cat","embeddable":true,"href":"https:\/\/roveyayinevi.com.tr\/index.php\/wp-json\/wp\/v2\/product_cat?post=745521"},{"taxonomy":"product_tag","embeddable":true,"href":"https:\/\/roveyayinevi.com.tr\/index.php\/wp-json\/wp\/v2\/product_tag?post=745521"}],"curies":[{"name":"wp","href":"https:\/\/api.w.org\/{rel}","templated":true}]}}