{"id":745520,"date":"2025-08-28T02:21:50","date_gmt":"2025-08-27T23:21:50","guid":{"rendered":"https:\/\/roveyayinevi.com.tr\/index.php\/urun\/wildcard-joker-oyuncunun-hikayesi\/"},"modified":"2026-04-16T02:57:46","modified_gmt":"2026-04-15T23:57:46","slug":"wildcard-joker-oyuncunun-hikayesi","status":"publish","type":"product","link":"https:\/\/roveyayinevi.com.tr\/index.php\/urun\/wildcard-joker-oyuncunun-hikayesi\/","title":{"rendered":"Wildcard: Joker Oyuncunun Hikayesi"},"content":{"rendered":"<p>Her \u015fey m\u00fcmk\u00fcn. Bu sefer hayatlar\u0131 pahas\u0131na bir oyun ba\u015fl\u0131yor.Emika Chen, zor da olsa Warcross \u015eampiyonas\u0131\u2019ndan sa\u011f \u00e7\u0131kmay\u0131 ba\u015farm\u0131\u015ft\u0131. Hideo\u2019nun yeni N\u00f6roLink algoritmas\u0131n\u0131n ard\u0131ndaki ger\u00e7e\u011fi \u00f6\u011frendi\u011finden beri, bir zamanlar hayranl\u0131k duydu\u011fu, ayn\u0131 tarafta olduklar\u0131n\u0131 sand\u0131\u011f\u0131 ki\u015fiye g\u00fcvenemiyordu.Emika ve Anka S\u00fcvarileri, Hideo\u2019yu durdurmak i\u00e7in bir araya gelecekti. Fakat bilmedikleri bir \u015fey vard\u0131: Tokyo\u2019nun neon \u0131\u015f\u0131kl\u0131 sokaklar\u0131n\u0131 tehdit eden yeni bir tehlike ufuktayd\u0131. Birileri Emika\u2019n\u0131n ba\u015f\u0131na \u00f6d\u00fcl koymu\u015ftu ve gen\u00e7 k\u0131z\u0131n hayatta kalmak i\u00e7in tek \u015fans\u0131 S\u0131f\u0131r\u2019a ve ac\u0131mas\u0131z Karaz\u0131rhlar\u2019a s\u0131\u011f\u0131nmakt\u0131. Ancak \u00e7ok ge\u00e7meden S\u0131f\u0131r\u2019\u0131n asl\u0131nda g\u00f6r\u00fcnd\u00fc\u011f\u00fc gibi biri olmad\u0131\u011f\u0131n\u0131 fark edecek ve korumas\u0131 alt\u0131na girmenin bir bedeli olaca\u011f\u0131n\u0131 \u00f6\u011frenecekti.\u00d6zg\u00fcr iradenin gelece\u011fi tehdit alt\u0131ndayken kendini bir ihanet a\u011f\u0131n\u0131n tam ortas\u0131nda bulan Emika, sevdi\u011fi adam\u0131 durdurmak i\u00e7in ne kadar ileri gidebilirdi?\u201cLu\u2019nun gelece\u011fe dair \u00e7izdi\u011fi d\u00fcnyan\u0131n insan\u0131 i\u00e7ine \u00e7eken teknolojisi fazlas\u0131yla ger\u00e7ek\u00e7i. \u0130nan\u0131lmaz hareketli fakat ayn\u0131 zamanda duygusall\u0131kla yo\u011frulmu\u015f bir hik\u00e2ye.\u201d \u2014Publishers Weekly, starred review\u201cKurgu fevkalade. \u0130lk kitapta olanlara ba\u011flanan bir s\u00fcr\u00fc ufak detay var. Zorlama gelmeyen s\u00fcrprizler ve karakterlerin geli\u015fiminden gelen bir g\u00fcc\u00fc var hik\u00e2yenin. Ak\u0131c\u0131, yo\u011fun ve muhte\u015fem bir kitap.\u201d \u2014Kirkus Review, starred review\u201c\u0130nan\u0131lmaz ihanetlerle dolu, ak\u0131c\u0131 bir hik\u00e2ye. Seri okumay\u0131 sevenler bu kitaba bay\u0131lacak.\u201d \u2014Booklist<\/p>\n","protected":false},"excerpt":{"rendered":"<p>Her \u015fey m\u00fcmk\u00fcn. Bu sefer hayatlar\u0131 pahas\u0131na bir oyun ba\u015fl\u0131yor.Emika Chen, zor da olsa Warcross \u015eampiyonas\u0131\u2019ndan sa\u011f \u00e7\u0131kmay\u0131 ba\u015farm\u0131\u015ft\u0131. Hideo\u2019nun yeni N\u00f6roLink algoritmas\u0131n\u0131n ard\u0131ndaki ger\u00e7e\u011fi \u00f6\u011frendi\u011finden<span class=\"excerpt-hellip\"> [\u2026]<\/span><\/p>\n","protected":false},"featured_media":0,"template":"","meta":{"_monsterinsights_skip_tracking":false,"_monsterinsights_sitenote_active":false,"_monsterinsights_sitenote_note":"","_monsterinsights_sitenote_category":0},"product_brand":[],"product_cat":[12540,12291],"product_tag":[],"class_list":{"0":"post-745520","1":"product","2":"type-product","3":"status-publish","5":"product_cat-bilim-kurgu","6":"product_cat-edebiyat","7":"pa_cilt-ciltsiz","8":"pa_tur-kitap","9":"pa_yayinevi-yabanci-yayinevi","10":"pa_yazar-marie-lu","12":"first","13":"instock","14":"sale","15":"shipping-taxable","16":"purchasable","17":"product-type-simple"},"_links":{"self":[{"href":"https:\/\/roveyayinevi.com.tr\/index.php\/wp-json\/wp\/v2\/product\/745520","targetHints":{"allow":["GET"]}}],"collection":[{"href":"https:\/\/roveyayinevi.com.tr\/index.php\/wp-json\/wp\/v2\/product"}],"about":[{"href":"https:\/\/roveyayinevi.com.tr\/index.php\/wp-json\/wp\/v2\/types\/product"}],"wp:attachment":[{"href":"https:\/\/roveyayinevi.com.tr\/index.php\/wp-json\/wp\/v2\/media?parent=745520"}],"wp:term":[{"taxonomy":"product_brand","embeddable":true,"href":"https:\/\/roveyayinevi.com.tr\/index.php\/wp-json\/wp\/v2\/product_brand?post=745520"},{"taxonomy":"product_cat","embeddable":true,"href":"https:\/\/roveyayinevi.com.tr\/index.php\/wp-json\/wp\/v2\/product_cat?post=745520"},{"taxonomy":"product_tag","embeddable":true,"href":"https:\/\/roveyayinevi.com.tr\/index.php\/wp-json\/wp\/v2\/product_tag?post=745520"}],"curies":[{"name":"wp","href":"https:\/\/api.w.org\/{rel}","templated":true}]}}