{"id":745519,"date":"2025-08-28T02:21:49","date_gmt":"2025-08-27T23:21:49","guid":{"rendered":"https:\/\/roveyayinevi.com.tr\/index.php\/urun\/warcross-bir-sanal-gerceklik-oyunu\/"},"modified":"2026-04-16T02:57:46","modified_gmt":"2026-04-15T23:57:46","slug":"warcross-bir-sanal-gerceklik-oyunu","status":"publish","type":"product","link":"https:\/\/roveyayinevi.com.tr\/index.php\/urun\/warcross-bir-sanal-gerceklik-oyunu\/","title":{"rendered":"Warcross: Bir Sanal Ger\u00e7eklik Oyunu"},"content":{"rendered":"<p>Kime g\u00fcvenece\u011finize karar vermekoynayaca\u011f\u0131n\u0131z en b\u00fcy\u00fck kumar olacakOn y\u0131l \u00f6nce b\u00fct\u00fcn d\u00fcnyay\u0131 saran sanal ger\u00e7eklik oyunu Warcross, art\u0131k baz\u0131lar\u0131 i\u00e7in ger\u00e7eklikten ka\u00e7man\u0131n bir yolu, baz\u0131lar\u0131 i\u00e7inse verimli bir k\u00e2r kayna\u011f\u0131na d\u00f6n\u00fc\u015fm\u00fc\u015ft\u00fc. \u0130ki yakas\u0131n\u0131 bir araya getirmek i\u00e7in \u00e7abalay\u0131p duran Emika Chen bir \u00f6d\u00fcl avc\u0131s\u0131 olarak \u00e7al\u0131\u015f\u0131yor, yasad\u0131\u015f\u0131 bahis oynayan Warcross oyuncular\u0131n\u0131n pe\u015fine d\u00fc\u015f\u00fcyordu. Ancak \u00f6d\u00fcl avc\u0131l\u0131\u011f\u0131 kolay bir i\u015f de\u011fildi, rekabet fazlayd\u0131 ve ayakta kalmak giderek zorla\u015f\u0131yordu. Maddi olarak iyice k\u00f6\u015feye s\u0131k\u0131\u015fan Emika bir risk alarak Warcross \u015eampiyonas\u0131\u2019n\u0131n A\u00e7\u0131l\u0131\u015f T\u00f6reni\u2019ni hackledi\u011finde hayat\u0131n\u0131n de\u011fi\u015fece\u011finden habersizdi. Bir glitch ile oyuna s\u0131zarak istemeden de olsa kendisini oyunun ortas\u0131nda bulmu\u015f ve bir gecede herkesin konu\u015ftu\u011fu ki\u015fi h\u00e2line gelmi\u015fti.Tutuklanaca\u011f\u0131na emin olan Emika, oyunun yarat\u0131c\u0131s\u0131 Hideo Tanaka\u2019dan bir telefon ald\u0131\u011f\u0131nda, \u00fcst\u00fcne \u00fcstl\u00fck gen\u00e7 milyarder ona reddedilmesi imk\u00e2ns\u0131z bir teklif sundu\u011funda \u015fa\u015fk\u0131na d\u00f6necekti. Bir g\u00fcvenlik sorununu ortaya \u00e7\u0131karabilmek i\u00e7in Hideo\u2019nun bu seneki \u015fampiyonada bir ajana ihtiyac\u0131 vard\u0131 ve bu i\u015f i\u00e7in Emika\u2019y\u0131 istiyordu. Hi\u00e7 vakit kaybetmeden Tokyo\u2019ya g\u00f6t\u00fcr\u00fclen Emika, kendisini her zaman hayalini kurdu\u011fu gelece\u011fin ortas\u0131nda bulmu\u015ftu. Fakat k\u0131sa s\u00fcre i\u00e7inde Warcross evreninin d\u00fc\u015f\u00fcnd\u00fc\u011f\u00fcnden \u00e7ok daha tehlikeli oldu\u011funu anlayacakt\u0131\u2026\u201cCanl\u0131, aksiyon dolu bir adrenalin bombas\u0131. Lu karakterlerini kalp ve kararl\u0131l\u0131kla yo\u011furarak, ak\u0131ll\u0131ca tasarlanm\u0131\u015f bir s\u0131n\u0131rs\u0131z olas\u0131l\u0131klar d\u00fcnyas\u0131na sal\u0131yor.\u201d \u2014Leigh Bardugo\u201cPlanlar\u0131n\u0131z\u0131 iptal edin \u00e7\u00fcnk\u00fc Warcross\u2019u bitirene kadar elinizden d\u00fc\u015f\u00fcremeyeceksiniz. Ba\u011f\u0131ml\u0131l\u0131k yap\u0131yor, h\u0131zla ilerliyor ve sizi tamamen i\u00e7ine \u00e7ekiyor.\u201d \u2014Amie Kaufman\u201cMarie Lu\u2019nun Warcross\u2019u \u015fimdiye dek okudu\u011fum kitaplara hi\u00e7 benzemiyor. Ak\u0131ll\u0131ca yaz\u0131lm\u0131\u015f bu reng\u00e2renk hik\u00e2yeden aksiyon f\u0131\u015fk\u0131r\u0131yor ve hi\u00e7 d\u00fc\u015fmeyen bir temposu var. Kitab\u0131 u\u00e7ar gibi okudum, kesinlikle muhte\u015fem.\u201d \u2014Sabaa Tahir, New York Times \u00e7oksatan yazar\u0131\u201cAyr\u0131lmak istemedi\u011fim, insan\u0131 i\u00e7ine \u00e7eken bir d\u00fcnya. Warcross saf bir deha \u00fcr\u00fcn\u00fc. \u0130kincisi i\u00e7in haz\u0131r\u0131m!\u201d \u2014Kami Garcia, New York Times \u00e7oksatan yazar\u0131<\/p>\n","protected":false},"excerpt":{"rendered":"<p>Kime g\u00fcvenece\u011finize karar vermekoynayaca\u011f\u0131n\u0131z en b\u00fcy\u00fck kumar olacakOn y\u0131l \u00f6nce b\u00fct\u00fcn d\u00fcnyay\u0131 saran sanal ger\u00e7eklik oyunu Warcross, art\u0131k baz\u0131lar\u0131 i\u00e7in ger\u00e7eklikten ka\u00e7man\u0131n bir yolu, baz\u0131lar\u0131 i\u00e7inse<span class=\"excerpt-hellip\"> [\u2026]<\/span><\/p>\n","protected":false},"featured_media":0,"template":"","meta":{"_monsterinsights_skip_tracking":false,"_monsterinsights_sitenote_active":false,"_monsterinsights_sitenote_note":"","_monsterinsights_sitenote_category":0},"product_brand":[],"product_cat":[12540,12291],"product_tag":[],"class_list":{"0":"post-745519","1":"product","2":"type-product","3":"status-publish","5":"product_cat-bilim-kurgu","6":"product_cat-edebiyat","7":"pa_cilt-ciltsiz","8":"pa_tur-kitap","9":"pa_yayinevi-yabanci-yayinevi","10":"pa_yazar-marie-lu","12":"first","13":"instock","14":"sale","15":"shipping-taxable","16":"purchasable","17":"product-type-simple"},"_links":{"self":[{"href":"https:\/\/roveyayinevi.com.tr\/index.php\/wp-json\/wp\/v2\/product\/745519","targetHints":{"allow":["GET"]}}],"collection":[{"href":"https:\/\/roveyayinevi.com.tr\/index.php\/wp-json\/wp\/v2\/product"}],"about":[{"href":"https:\/\/roveyayinevi.com.tr\/index.php\/wp-json\/wp\/v2\/types\/product"}],"wp:attachment":[{"href":"https:\/\/roveyayinevi.com.tr\/index.php\/wp-json\/wp\/v2\/media?parent=745519"}],"wp:term":[{"taxonomy":"product_brand","embeddable":true,"href":"https:\/\/roveyayinevi.com.tr\/index.php\/wp-json\/wp\/v2\/product_brand?post=745519"},{"taxonomy":"product_cat","embeddable":true,"href":"https:\/\/roveyayinevi.com.tr\/index.php\/wp-json\/wp\/v2\/product_cat?post=745519"},{"taxonomy":"product_tag","embeddable":true,"href":"https:\/\/roveyayinevi.com.tr\/index.php\/wp-json\/wp\/v2\/product_tag?post=745519"}],"curies":[{"name":"wp","href":"https:\/\/api.w.org\/{rel}","templated":true}]}}