{"id":745518,"date":"2025-08-28T02:21:47","date_gmt":"2025-08-27T23:21:47","guid":{"rendered":"https:\/\/roveyayinevi.com.tr\/index.php\/urun\/en-uzun-noel\/"},"modified":"2025-12-30T11:00:53","modified_gmt":"2025-12-30T08:00:53","slug":"en-uzun-noel","status":"publish","type":"product","link":"https:\/\/roveyayinevi.com.tr\/index.php\/urun\/en-uzun-noel\/","title":{"rendered":"En Uzun Noel"},"content":{"rendered":"<p>A\u015fk yan\u0131 ba\u015f\u0131ndayken ne diledi\u011fine dikkat etmelisinMaelyn Jones ailesiyle birlikte ya\u015f\u0131yor ve ona art\u0131k bir \u015fey katmayan i\u015finden nefret ediyordu. Yine de Noel y\u0131l\u0131n en b\u00fcy\u00fcl\u00fc zaman\u0131yd\u0131 ve d\u00fcnyada en sevdi\u011fi yerdeydi: Ailesi ve onlar\u0131n \u00f6m\u00fcrl\u00fck dostlar\u0131yla t\u00fcm tatillerini ge\u00e7irdi\u011fi karl\u0131 kul\u00fcbede. Ancak gece yar\u0131s\u0131 yapt\u0131\u011f\u0131 bir hata s\u0131\u011f\u0131na\u011f\u0131n\u0131n s\u0131cakl\u0131\u011f\u0131n\u0131 tehlikeye atm\u0131\u015f ve i\u015fler hi\u00e7 beklemedi\u011fi bi\u00e7imde sarpa sarm\u0131\u015ft\u0131.Mae \u00e7aresizce evrenden onu mutlu edecek \u015feyi g\u00f6stermesini diledi\u011finde kendini tatiline en ba\u015ftan ba\u015flamak \u00fczere u\u00e7akta bulmu\u015ftu. Bu ya dev bir \u015fakayd\u0131 ya da ger\u00e7ekten ona ikinci bir \u015fans verilmi\u015fti. Hapsoldu\u011fu bu zaman d\u00f6ng\u00fcs\u00fcnden kurtulmak istiyorsa \u00f6nce i\u015fleri yoluna koymal\u0131yd\u0131. \u00d6zellikle de kendini bildi bileli \u00e2\u015f\u0131k oldu\u011fu adama itiraf etmesi gereken bir \u015fey vard\u0131\u2026\u201cK\u0131\u015f temal\u0131 bir a\u015fk hik\u00e2yesinden isteyebilece\u011fim her \u015fey!\u201d \u2014Emily Henry\u201cM\u00fckemmel bir y\u0131lba\u015f\u0131 hediyesi.\u201d \u2014Publishers Weekly (starred review)\u201cLauren\u2019\u0131n ilk tatil romans\u0131 insana daha en ba\u015ftan kendini iyi hissettiriyor.\u201d \u2014BookPage (starred review)\u201cKusurlar\u0131yla sevilesi bir kad\u0131n karakteri al\u0131n, a\u015f\u0131r\u0131 ilgili kom\u015fu-\u00e7ocu\u011fu kahraman\u0131 ekleyip \u00fczerine s\u0131cak bir aile kutlamas\u0131 serpi\u015ftirin; i\u015fte size Christina Lauren\u2019dan zaman d\u00f6ng\u00fcs\u00fc konulu leziz bir romantik komedinin tarifi.\u201d \u2014Library Journal (starred review)\u201cChristina Lauren ba\u015f d\u00f6nd\u00fcr\u00fcc\u00fc a\u015fk romanlar\u0131 yazmakta usta ancak En Uzun Noel en muhte\u015fem i\u015fi. Kitap, okurlar\u0131n\u0131 \u00e7ok sevdikleri bayram kazaklar\u0131 gibi s\u0131cak, ne\u015feli bir \u015fekilde sarmal\u0131yor.\u201d \u2014Entertainment Weekly\u201cKlasik bir konu, Christina Lauren\u2019\u0131n alameti farikas\u0131 i\u011fneleyici \u015fakalar ve tutkuyla birle\u015fti\u011finde ortaya cazip bir romantik komedi \u00e7\u0131k\u0131yor.\u201d \u2014Kirkus\u201cChristina Lauren\u2019\u0131n En Uzun Noel\u2019i mutlulu\u011fu bulmak ve \u00e2\u015f\u0131k olmak \u00fczerine muhte\u015fem bir bak\u0131\u015f a\u00e7\u0131s\u0131 sunuyor.\u201d \u2014Carrie Ann Ryan\u201cKesinlikle b\u00fcy\u00fcleyici bir tatil romans\u0131: zekice yaz\u0131lm\u0131\u015f, s\u0131cac\u0131k ve enfes bir \u015fekilde seksi. Karakterleri akl\u0131n\u0131zdan kolay kolay \u00e7\u0131kmayacak.\u201d \u2014Kate Clayborn\u201cEn Uzun Noel bir \u015fans daha verilmi\u015f bir kad\u0131n\u0131n hik\u00e2yesi\u2026 Christina Lauren\u2019\u0131n hayranlar\u0131 bu ne\u015feli romana kesinlikle bay\u0131lacak.\u201d \u2014Shelf Awareness\u201cEn Uzun Noel k\u0131\u015f\u0131n \u015f\u00f6minenin \u00f6n\u00fcnde battaniyenizin alt\u0131na k\u0131vr\u0131lm\u0131\u015fken okumak i\u00e7in birebir.\u201d \u2014Insider.com\u201cRakip tan\u0131mayan ikili Christina Hobbs ve Lauren Billings \u2013yani Christina Lauren\u2013 okurlar\u0131n\u0131 asla hayal k\u0131r\u0131kl\u0131\u011f\u0131na u\u011fratm\u0131yor. Zaman d\u00f6ng\u00fcs\u00fc konulu romantik komedileri yeniy\u0131l ruhuna erkenden girmenize sebep olacak.\u201d \u2014Bust.com<\/p>\n","protected":false},"excerpt":{"rendered":"<p>A\u015fk yan\u0131 ba\u015f\u0131ndayken ne diledi\u011fine dikkat etmelisinMaelyn Jones ailesiyle birlikte ya\u015f\u0131yor ve ona art\u0131k bir \u015fey katmayan i\u015finden nefret ediyordu. Yine de Noel y\u0131l\u0131n en b\u00fcy\u00fcl\u00fc<span class=\"excerpt-hellip\"> [\u2026]<\/span><\/p>\n","protected":false},"featured_media":0,"template":"","meta":{"_monsterinsights_skip_tracking":false,"_monsterinsights_sitenote_active":false,"_monsterinsights_sitenote_note":"","_monsterinsights_sitenote_category":0},"product_brand":[],"product_cat":[12291,12711],"product_tag":[],"class_list":{"0":"post-745518","1":"product","2":"type-product","3":"status-publish","5":"product_cat-edebiyat","6":"product_cat-roman-oyku","7":"pa_cilt-ciltsiz","8":"pa_tur-kitap","9":"pa_yayinevi-yabanci-yayinevi","10":"pa_yazar-christina-lauren","12":"first","13":"instock","14":"sale","15":"shipping-taxable","16":"purchasable","17":"product-type-simple"},"_links":{"self":[{"href":"https:\/\/roveyayinevi.com.tr\/index.php\/wp-json\/wp\/v2\/product\/745518","targetHints":{"allow":["GET"]}}],"collection":[{"href":"https:\/\/roveyayinevi.com.tr\/index.php\/wp-json\/wp\/v2\/product"}],"about":[{"href":"https:\/\/roveyayinevi.com.tr\/index.php\/wp-json\/wp\/v2\/types\/product"}],"wp:attachment":[{"href":"https:\/\/roveyayinevi.com.tr\/index.php\/wp-json\/wp\/v2\/media?parent=745518"}],"wp:term":[{"taxonomy":"product_brand","embeddable":true,"href":"https:\/\/roveyayinevi.com.tr\/index.php\/wp-json\/wp\/v2\/product_brand?post=745518"},{"taxonomy":"product_cat","embeddable":true,"href":"https:\/\/roveyayinevi.com.tr\/index.php\/wp-json\/wp\/v2\/product_cat?post=745518"},{"taxonomy":"product_tag","embeddable":true,"href":"https:\/\/roveyayinevi.com.tr\/index.php\/wp-json\/wp\/v2\/product_tag?post=745518"}],"curies":[{"name":"wp","href":"https:\/\/api.w.org\/{rel}","templated":true}]}}