{"id":745517,"date":"2025-08-28T02:21:45","date_gmt":"2025-08-27T23:21:45","guid":{"rendered":"https:\/\/roveyayinevi.com.tr\/index.php\/urun\/bir-vampirin-gercek-oykusu-oteki-taraf\/"},"modified":"2026-04-16T02:57:46","modified_gmt":"2026-04-15T23:57:46","slug":"bir-vampirin-gercek-oykusu-oteki-taraf","status":"publish","type":"product","link":"https:\/\/roveyayinevi.com.tr\/index.php\/urun\/bir-vampirin-gercek-oykusu-oteki-taraf\/","title":{"rendered":"Bir Vampirin Ger\u00e7ek \u00d6yk\u00fcs\u00fc &amp; \u00d6teki Taraf"},"content":{"rendered":"<p>\u201c\u0130nsanlar vampirlere \u00e7o\u011funlukla inanm\u0131yorlar!\u201dW. B. Yeats\u2019in \u201cbilgin, usta, ayya\u015f, \u015fair ve sapk\u0131n\u201d diyerek tan\u0131mlad\u0131\u011f\u0131, abart\u0131l\u0131 k\u0131yafetleri, egzotik ev hayvanlar\u0131ndan m\u00fcte\u015fekkil maiyeti ve \u00fcrk\u00fct\u00fcc\u00fc cazibesiyle Kont Eric Stenbock dekadan sanat\u00e7\u0131lar\u0131n \u00f6nde gelen sembollerinden biriydi. Karizmatik ve manip\u00fclat\u00f6r bir vampiri anlatt\u0131\u011f\u0131 \u201cBir Vampirin Ger\u00e7ek \u00d6yk\u00fcs\u00fc\u201d ile kurtadamlar ve korkun\u00e7 ayinlerle dolu \u201c\u00d6teki Taraf\u201d yazar\u0131n en \u00f6nemli \u00f6yk\u00fclerinden ikisi.<\/p>\n","protected":false},"excerpt":{"rendered":"<p>\u201c\u0130nsanlar vampirlere \u00e7o\u011funlukla inanm\u0131yorlar!\u201dW. B. Yeats\u2019in \u201cbilgin, usta, ayya\u015f, \u015fair ve sapk\u0131n\u201d diyerek tan\u0131mlad\u0131\u011f\u0131, abart\u0131l\u0131 k\u0131yafetleri, egzotik ev hayvanlar\u0131ndan m\u00fcte\u015fekkil maiyeti ve \u00fcrk\u00fct\u00fcc\u00fc cazibesiyle Kont Eric<span class=\"excerpt-hellip\"> [\u2026]<\/span><\/p>\n","protected":false},"featured_media":0,"template":"","meta":{"_monsterinsights_skip_tracking":false,"_monsterinsights_sitenote_active":false,"_monsterinsights_sitenote_note":"","_monsterinsights_sitenote_category":0},"product_brand":[],"product_cat":[12291,17033],"product_tag":[],"class_list":{"0":"post-745517","1":"product","2":"type-product","3":"status-publish","5":"product_cat-edebiyat","6":"product_cat-korku-gerilim","7":"pa_cilt-ciltsiz","8":"pa_tur-kitap","9":"pa_yayinevi-ithaki-yayinlari","10":"pa_yazar-eric-stenbock","12":"first","13":"instock","14":"sale","15":"shipping-taxable","16":"purchasable","17":"product-type-simple"},"_links":{"self":[{"href":"https:\/\/roveyayinevi.com.tr\/index.php\/wp-json\/wp\/v2\/product\/745517","targetHints":{"allow":["GET"]}}],"collection":[{"href":"https:\/\/roveyayinevi.com.tr\/index.php\/wp-json\/wp\/v2\/product"}],"about":[{"href":"https:\/\/roveyayinevi.com.tr\/index.php\/wp-json\/wp\/v2\/types\/product"}],"wp:attachment":[{"href":"https:\/\/roveyayinevi.com.tr\/index.php\/wp-json\/wp\/v2\/media?parent=745517"}],"wp:term":[{"taxonomy":"product_brand","embeddable":true,"href":"https:\/\/roveyayinevi.com.tr\/index.php\/wp-json\/wp\/v2\/product_brand?post=745517"},{"taxonomy":"product_cat","embeddable":true,"href":"https:\/\/roveyayinevi.com.tr\/index.php\/wp-json\/wp\/v2\/product_cat?post=745517"},{"taxonomy":"product_tag","embeddable":true,"href":"https:\/\/roveyayinevi.com.tr\/index.php\/wp-json\/wp\/v2\/product_tag?post=745517"}],"curies":[{"name":"wp","href":"https:\/\/api.w.org\/{rel}","templated":true}]}}