{"id":745515,"date":"2025-08-28T02:21:43","date_gmt":"2025-08-27T23:21:43","guid":{"rendered":"https:\/\/roveyayinevi.com.tr\/index.php\/urun\/taassuk-i-talat-ve-fitnat-7\/"},"modified":"2026-04-16T02:57:46","modified_gmt":"2026-04-15T23:57:46","slug":"taassuk-i-talat-ve-fitnat-7","status":"publish","type":"product","link":"https:\/\/roveyayinevi.com.tr\/index.php\/urun\/taassuk-i-talat-ve-fitnat-7\/","title":{"rendered":"Taa\u015f\u015fuk-\u0131 Talat ve Fitnat"},"content":{"rendered":"<p>ZAMANSIZ ESERLER &#8211; 20   \u201cYa\u015fl\u0131 insanlar geride b\u0131rakt\u0131klar\u0131 gen\u00e7liklerinin mutlu g\u00fcnleri ak\u0131llar\u0131na geldi\u011fi zaman b\u00f6yle burukla\u015f\u0131rlar. O g\u00fczel g\u00fcnlerin bir daha ya\u015fanamayaca\u011f\u0131n\u0131 ve geriye d\u00f6n\u00fc\u015f\u00fcn m\u00fcmk\u00fcn olmad\u0131\u011f\u0131n\u0131 d\u00fc\u015f\u00fcnmek, ya\u015fanm\u0131\u015f ac\u0131lar\u0131 hat\u0131rlamaktan daha fazla \u00fcz\u00fcnt\u00fc verir onlara\u2026\u201d <\/p>\n","protected":false},"excerpt":{"rendered":"<p>ZAMANSIZ ESERLER &#8211; 20 \u201cYa\u015fl\u0131 insanlar geride b\u0131rakt\u0131klar\u0131 gen\u00e7liklerinin mutlu g\u00fcnleri ak\u0131llar\u0131na geldi\u011fi zaman b\u00f6yle burukla\u015f\u0131rlar. O g\u00fczel g\u00fcnlerin bir daha ya\u015fanamayaca\u011f\u0131n\u0131 ve geriye d\u00f6n\u00fc\u015f\u00fcn m\u00fcmk\u00fcn<span class=\"excerpt-hellip\"> [\u2026]<\/span><\/p>\n","protected":false},"featured_media":0,"template":"","meta":{"_monsterinsights_skip_tracking":false,"_monsterinsights_sitenote_active":false,"_monsterinsights_sitenote_note":"","_monsterinsights_sitenote_category":0},"product_brand":[],"product_cat":[12291,50487],"product_tag":[],"class_list":{"0":"post-745515","1":"product","2":"type-product","3":"status-publish","5":"product_cat-edebiyat","6":"product_cat-kurgu","7":"pa_cilt-ciltsiz","8":"pa_tur-kitap","9":"pa_yayinevi-the-kitap","10":"pa_yazar-semsettin-sami","12":"first","13":"instock","14":"sale","15":"shipping-taxable","16":"purchasable","17":"product-type-simple"},"_links":{"self":[{"href":"https:\/\/roveyayinevi.com.tr\/index.php\/wp-json\/wp\/v2\/product\/745515","targetHints":{"allow":["GET"]}}],"collection":[{"href":"https:\/\/roveyayinevi.com.tr\/index.php\/wp-json\/wp\/v2\/product"}],"about":[{"href":"https:\/\/roveyayinevi.com.tr\/index.php\/wp-json\/wp\/v2\/types\/product"}],"wp:attachment":[{"href":"https:\/\/roveyayinevi.com.tr\/index.php\/wp-json\/wp\/v2\/media?parent=745515"}],"wp:term":[{"taxonomy":"product_brand","embeddable":true,"href":"https:\/\/roveyayinevi.com.tr\/index.php\/wp-json\/wp\/v2\/product_brand?post=745515"},{"taxonomy":"product_cat","embeddable":true,"href":"https:\/\/roveyayinevi.com.tr\/index.php\/wp-json\/wp\/v2\/product_cat?post=745515"},{"taxonomy":"product_tag","embeddable":true,"href":"https:\/\/roveyayinevi.com.tr\/index.php\/wp-json\/wp\/v2\/product_tag?post=745515"}],"curies":[{"name":"wp","href":"https:\/\/api.w.org\/{rel}","templated":true}]}}