{"id":745513,"date":"2025-08-28T02:21:40","date_gmt":"2025-08-27T23:21:40","guid":{"rendered":"https:\/\/roveyayinevi.com.tr\/index.php\/urun\/eylul-22\/"},"modified":"2025-10-09T08:12:40","modified_gmt":"2025-10-09T05:12:40","slug":"eylul-22","status":"publish","type":"product","link":"https:\/\/roveyayinevi.com.tr\/index.php\/urun\/eylul-22\/","title":{"rendered":"Eyl\u00fcl"},"content":{"rendered":"<p>ZAMANSIZ ESERLER &#8211; 17   \u201cBu ay, sabahlar\u0131 sisler, sisleri y\u0131rtan canavar iniltileriyle vapurlar, bahar\u0131 and\u0131r\u0131r gibi iken birden b\u00fct\u00fcn mevsimlerin renkleriyle can \u00e7eki\u015fip nihayet siyah bir k\u0131\u015f ak\u015fam\u0131yla bunalan g\u00fcnler ile kendisi i\u00e7in \u00f6l\u00fcnceye kadar hat\u0131ras\u0131nda nak\u015fedilmi\u015f kalacak bir sonbahar ay\u0131 oldu.\u201d <\/p>\n","protected":false},"excerpt":{"rendered":"<p>ZAMANSIZ ESERLER &#8211; 17 \u201cBu ay, sabahlar\u0131 sisler, sisleri y\u0131rtan canavar iniltileriyle vapurlar, bahar\u0131 and\u0131r\u0131r gibi iken birden b\u00fct\u00fcn mevsimlerin renkleriyle can \u00e7eki\u015fip nihayet siyah bir<span class=\"excerpt-hellip\"> [\u2026]<\/span><\/p>\n","protected":false},"featured_media":0,"template":"","meta":{"_monsterinsights_skip_tracking":false,"_monsterinsights_sitenote_active":false,"_monsterinsights_sitenote_note":"","_monsterinsights_sitenote_category":0},"product_brand":[],"product_cat":[12291,50487],"product_tag":[],"class_list":{"0":"post-745513","1":"product","2":"type-product","3":"status-publish","5":"product_cat-edebiyat","6":"product_cat-kurgu","7":"pa_cilt-ciltsiz","8":"pa_tur-kitap","9":"pa_yayinevi-the-kitap","10":"pa_yazar-mehmet-rauf","12":"first","13":"instock","14":"sale","15":"shipping-taxable","16":"purchasable","17":"product-type-simple"},"_links":{"self":[{"href":"https:\/\/roveyayinevi.com.tr\/index.php\/wp-json\/wp\/v2\/product\/745513","targetHints":{"allow":["GET"]}}],"collection":[{"href":"https:\/\/roveyayinevi.com.tr\/index.php\/wp-json\/wp\/v2\/product"}],"about":[{"href":"https:\/\/roveyayinevi.com.tr\/index.php\/wp-json\/wp\/v2\/types\/product"}],"wp:attachment":[{"href":"https:\/\/roveyayinevi.com.tr\/index.php\/wp-json\/wp\/v2\/media?parent=745513"}],"wp:term":[{"taxonomy":"product_brand","embeddable":true,"href":"https:\/\/roveyayinevi.com.tr\/index.php\/wp-json\/wp\/v2\/product_brand?post=745513"},{"taxonomy":"product_cat","embeddable":true,"href":"https:\/\/roveyayinevi.com.tr\/index.php\/wp-json\/wp\/v2\/product_cat?post=745513"},{"taxonomy":"product_tag","embeddable":true,"href":"https:\/\/roveyayinevi.com.tr\/index.php\/wp-json\/wp\/v2\/product_tag?post=745513"}],"curies":[{"name":"wp","href":"https:\/\/api.w.org\/{rel}","templated":true}]}}