{"id":745512,"date":"2025-08-28T02:21:38","date_gmt":"2025-08-27T23:21:38","guid":{"rendered":"https:\/\/roveyayinevi.com.tr\/index.php\/urun\/muhterem-leydi-ducayne\/"},"modified":"2026-04-16T02:57:46","modified_gmt":"2026-04-15T23:57:46","slug":"muhterem-leydi-ducayne","status":"publish","type":"product","link":"https:\/\/roveyayinevi.com.tr\/index.php\/urun\/muhterem-leydi-ducayne\/","title":{"rendered":"Muhterem Leydi Ducayne"},"content":{"rendered":"<p>\u201cBana g\u00fcne\u015fin alt\u0131nda, topra\u011f\u0131n \u00fcst\u00fcnde, birka\u00e7 y\u0131l daha verin.\u201dYakla\u015f\u0131k seksen romana imza atan, Viktorya d\u00f6neminin en \u00fcretken yazarlar\u0131ndan biri olan ve olarak do\u011fa\u00fcst\u00fc \u00f6yk\u00fcler de kaleme alan \u0130ngiliz yazar Mary Elizabeth Braddon\u2019\u0131n Dracula\u2019dan bir y\u0131l \u00f6nce, 1896\u2019da yay\u0131mlanan \u00f6yk\u00fcs\u00fc Muhterem Leydi Ducayne, vampir mitinin pop\u00fclerle\u015fmesine katk\u0131da bulunan en \u00f6nemli eserlerden biri.<\/p>\n","protected":false},"excerpt":{"rendered":"<p>\u201cBana g\u00fcne\u015fin alt\u0131nda, topra\u011f\u0131n \u00fcst\u00fcnde, birka\u00e7 y\u0131l daha verin.\u201dYakla\u015f\u0131k seksen romana imza atan, Viktorya d\u00f6neminin en \u00fcretken yazarlar\u0131ndan biri olan ve olarak do\u011fa\u00fcst\u00fc \u00f6yk\u00fcler de kaleme<span class=\"excerpt-hellip\"> [\u2026]<\/span><\/p>\n","protected":false},"featured_media":0,"template":"","meta":{"_monsterinsights_skip_tracking":false,"_monsterinsights_sitenote_active":false,"_monsterinsights_sitenote_note":"","_monsterinsights_sitenote_category":0},"product_brand":[],"product_cat":[12291,17033],"product_tag":[],"class_list":{"0":"post-745512","1":"product","2":"type-product","3":"status-publish","5":"product_cat-edebiyat","6":"product_cat-korku-gerilim","7":"pa_cilt-ciltsiz","8":"pa_tur-kitap","9":"pa_yayinevi-ithaki-yayinlari","10":"pa_yazar-mary-elizabeth-braddon","12":"first","13":"instock","14":"sale","15":"shipping-taxable","16":"purchasable","17":"product-type-simple"},"_links":{"self":[{"href":"https:\/\/roveyayinevi.com.tr\/index.php\/wp-json\/wp\/v2\/product\/745512","targetHints":{"allow":["GET"]}}],"collection":[{"href":"https:\/\/roveyayinevi.com.tr\/index.php\/wp-json\/wp\/v2\/product"}],"about":[{"href":"https:\/\/roveyayinevi.com.tr\/index.php\/wp-json\/wp\/v2\/types\/product"}],"wp:attachment":[{"href":"https:\/\/roveyayinevi.com.tr\/index.php\/wp-json\/wp\/v2\/media?parent=745512"}],"wp:term":[{"taxonomy":"product_brand","embeddable":true,"href":"https:\/\/roveyayinevi.com.tr\/index.php\/wp-json\/wp\/v2\/product_brand?post=745512"},{"taxonomy":"product_cat","embeddable":true,"href":"https:\/\/roveyayinevi.com.tr\/index.php\/wp-json\/wp\/v2\/product_cat?post=745512"},{"taxonomy":"product_tag","embeddable":true,"href":"https:\/\/roveyayinevi.com.tr\/index.php\/wp-json\/wp\/v2\/product_tag?post=745512"}],"curies":[{"name":"wp","href":"https:\/\/api.w.org\/{rel}","templated":true}]}}