{"id":745510,"date":"2025-08-28T02:21:35","date_gmt":"2025-08-27T23:21:35","guid":{"rendered":"https:\/\/roveyayinevi.com.tr\/index.php\/urun\/felatun-bey-ile-rakim-efendi-10\/"},"modified":"2026-04-16T02:57:46","modified_gmt":"2026-04-15T23:57:46","slug":"felatun-bey-ile-rakim-efendi-10","status":"publish","type":"product","link":"https:\/\/roveyayinevi.com.tr\/index.php\/urun\/felatun-bey-ile-rakim-efendi-10\/","title":{"rendered":"Felatun Bey ile Rak\u0131m Efendi"},"content":{"rendered":"<p>ZAMANSIZ ESERLER-18 \u201c\u0130nsanl\u0131\u011f\u0131n yap\u0131s\u0131 gere\u011fi, insan kendi mutlulu\u011fundan yaln\u0131z kendisinin haberdar olmas\u0131na kanaat etmez. Herkes duysun ister. Hatta bir adam kendi kendine mesut de\u011filse dahi, halk\u0131 kendi saadet haline inand\u0131rmak i\u00e7in hilek\u00e2rl\u0131\u011fa ve yalanc\u0131l\u0131\u011fa bile ba\u015fvurur.\u201d <\/p>\n","protected":false},"excerpt":{"rendered":"<p>ZAMANSIZ ESERLER-18 \u201c\u0130nsanl\u0131\u011f\u0131n yap\u0131s\u0131 gere\u011fi, insan kendi mutlulu\u011fundan yaln\u0131z kendisinin haberdar olmas\u0131na kanaat etmez. Herkes duysun ister. Hatta bir adam kendi kendine mesut de\u011filse dahi, halk\u0131<span class=\"excerpt-hellip\"> [\u2026]<\/span><\/p>\n","protected":false},"featured_media":0,"template":"","meta":{"_monsterinsights_skip_tracking":false,"_monsterinsights_sitenote_active":false,"_monsterinsights_sitenote_note":"","_monsterinsights_sitenote_category":0},"product_brand":[],"product_cat":[12291,50487],"product_tag":[],"class_list":{"0":"post-745510","1":"product","2":"type-product","3":"status-publish","5":"product_cat-edebiyat","6":"product_cat-kurgu","7":"pa_cilt-ciltsiz","8":"pa_tur-kitap","9":"pa_yayinevi-the-kitap","10":"pa_yazar-ahmet-mithat-efendi","12":"first","13":"instock","14":"sale","15":"shipping-taxable","16":"purchasable","17":"product-type-simple"},"_links":{"self":[{"href":"https:\/\/roveyayinevi.com.tr\/index.php\/wp-json\/wp\/v2\/product\/745510","targetHints":{"allow":["GET"]}}],"collection":[{"href":"https:\/\/roveyayinevi.com.tr\/index.php\/wp-json\/wp\/v2\/product"}],"about":[{"href":"https:\/\/roveyayinevi.com.tr\/index.php\/wp-json\/wp\/v2\/types\/product"}],"wp:attachment":[{"href":"https:\/\/roveyayinevi.com.tr\/index.php\/wp-json\/wp\/v2\/media?parent=745510"}],"wp:term":[{"taxonomy":"product_brand","embeddable":true,"href":"https:\/\/roveyayinevi.com.tr\/index.php\/wp-json\/wp\/v2\/product_brand?post=745510"},{"taxonomy":"product_cat","embeddable":true,"href":"https:\/\/roveyayinevi.com.tr\/index.php\/wp-json\/wp\/v2\/product_cat?post=745510"},{"taxonomy":"product_tag","embeddable":true,"href":"https:\/\/roveyayinevi.com.tr\/index.php\/wp-json\/wp\/v2\/product_tag?post=745510"}],"curies":[{"name":"wp","href":"https:\/\/api.w.org\/{rel}","templated":true}]}}