{"id":745509,"date":"2025-08-28T02:21:34","date_gmt":"2025-08-27T23:21:34","guid":{"rendered":"https:\/\/roveyayinevi.com.tr\/index.php\/urun\/vampirin-itirafi\/"},"modified":"2026-04-16T02:57:46","modified_gmt":"2026-04-15T23:57:46","slug":"vampirin-itirafi","status":"publish","type":"product","link":"https:\/\/roveyayinevi.com.tr\/index.php\/urun\/vampirin-itirafi\/","title":{"rendered":"Vampirin \u0130tiraf\u0131"},"content":{"rendered":"<p>\u201c\u00d6l\u00fcms\u00fczl\u00fck, sahildeki kum tanelerini saymak kadar sonsuz bir \u015fey gibi g\u00f6r\u00fcn\u00fcyor, de\u011fil mi? Oysa ben o kumlar\u0131 saymaya ba\u015flamaktan bile \u00e7ekinmiyorum. Hatta bir d\u00f6nem buna vakit harcad\u0131\u011f\u0131m olmu\u015ftu.\u201d\u00c7\u00fcr\u00fck Ayvalar\u2019da insan\u0131n ruhundaki \u00e7\u00fcr\u00fcmenin resmedildi\u011fi tekinsiz \u00f6yk\u00fclere imza atan ve ayn\u0131 zamanda korku sinemas\u0131 alan\u0131nda bilimsel \u00e7al\u0131\u015fmalar yapan U\u011fur K\u0131l\u0131n\u00e7\u2019\u0131n Vampirin \u0130tiraf\u0131 adl\u0131 \u00f6yk\u00fcs\u00fc, kitap i\u00e7inde bir kitap bi\u00e7iminde, insan i\u00e7inde bir vampir hakk\u0131nda\u2026<\/p>\n","protected":false},"excerpt":{"rendered":"<p>\u201c\u00d6l\u00fcms\u00fczl\u00fck, sahildeki kum tanelerini saymak kadar sonsuz bir \u015fey gibi g\u00f6r\u00fcn\u00fcyor, de\u011fil mi? Oysa ben o kumlar\u0131 saymaya ba\u015flamaktan bile \u00e7ekinmiyorum. Hatta bir d\u00f6nem buna vakit<span class=\"excerpt-hellip\"> [\u2026]<\/span><\/p>\n","protected":false},"featured_media":0,"template":"","meta":{"_monsterinsights_skip_tracking":false,"_monsterinsights_sitenote_active":false,"_monsterinsights_sitenote_note":"","_monsterinsights_sitenote_category":0},"product_brand":[],"product_cat":[12291,17033],"product_tag":[],"class_list":{"0":"post-745509","1":"product","2":"type-product","3":"status-publish","5":"product_cat-edebiyat","6":"product_cat-korku-gerilim","7":"pa_cilt-ciltsiz","8":"pa_tur-kitap","9":"pa_yayinevi-ithaki-yayinlari","10":"pa_yazar-ugur-kilinc","12":"first","13":"instock","14":"sale","15":"shipping-taxable","16":"purchasable","17":"product-type-simple"},"_links":{"self":[{"href":"https:\/\/roveyayinevi.com.tr\/index.php\/wp-json\/wp\/v2\/product\/745509","targetHints":{"allow":["GET"]}}],"collection":[{"href":"https:\/\/roveyayinevi.com.tr\/index.php\/wp-json\/wp\/v2\/product"}],"about":[{"href":"https:\/\/roveyayinevi.com.tr\/index.php\/wp-json\/wp\/v2\/types\/product"}],"wp:attachment":[{"href":"https:\/\/roveyayinevi.com.tr\/index.php\/wp-json\/wp\/v2\/media?parent=745509"}],"wp:term":[{"taxonomy":"product_brand","embeddable":true,"href":"https:\/\/roveyayinevi.com.tr\/index.php\/wp-json\/wp\/v2\/product_brand?post=745509"},{"taxonomy":"product_cat","embeddable":true,"href":"https:\/\/roveyayinevi.com.tr\/index.php\/wp-json\/wp\/v2\/product_cat?post=745509"},{"taxonomy":"product_tag","embeddable":true,"href":"https:\/\/roveyayinevi.com.tr\/index.php\/wp-json\/wp\/v2\/product_tag?post=745509"}],"curies":[{"name":"wp","href":"https:\/\/api.w.org\/{rel}","templated":true}]}}