{"id":745508,"date":"2025-08-28T02:21:32","date_gmt":"2025-08-27T23:21:32","guid":{"rendered":"https:\/\/roveyayinevi.com.tr\/index.php\/urun\/intibah-13\/"},"modified":"2026-04-16T02:57:45","modified_gmt":"2026-04-15T23:57:45","slug":"intibah-13","status":"publish","type":"product","link":"https:\/\/roveyayinevi.com.tr\/index.php\/urun\/intibah-13\/","title":{"rendered":"\u0130ntibah"},"content":{"rendered":"<p>ZAMANSIZ ESERLER &#8211; 19 \u201c\u0130nsan her ad\u0131m\u0131n\u0131 mezardan uzakla\u015fmak i\u00e7in atar. Yine de bir ad\u0131m att\u0131k\u00e7a mezara giderek yakla\u015f\u0131r. Nitekim her nefesini hayat\u0131n\u0131 uzatmak i\u00e7in al\u0131r. Yine her nefeste hayat\u0131ndan bir nefeslik zaman azal\u0131r.\u201d <\/p>\n","protected":false},"excerpt":{"rendered":"<p>ZAMANSIZ ESERLER &#8211; 19 \u201c\u0130nsan her ad\u0131m\u0131n\u0131 mezardan uzakla\u015fmak i\u00e7in atar. Yine de bir ad\u0131m att\u0131k\u00e7a mezara giderek yakla\u015f\u0131r. Nitekim her nefesini hayat\u0131n\u0131 uzatmak i\u00e7in al\u0131r.<span class=\"excerpt-hellip\"> [\u2026]<\/span><\/p>\n","protected":false},"featured_media":0,"template":"","meta":{"_monsterinsights_skip_tracking":false,"_monsterinsights_sitenote_active":false,"_monsterinsights_sitenote_note":"","_monsterinsights_sitenote_category":0},"product_brand":[],"product_cat":[12291,50487],"product_tag":[],"class_list":{"0":"post-745508","1":"product","2":"type-product","3":"status-publish","5":"product_cat-edebiyat","6":"product_cat-kurgu","7":"pa_cilt-ciltsiz","8":"pa_tur-kitap","9":"pa_yayinevi-the-kitap","10":"pa_yazar-namik-kemal","12":"first","13":"instock","14":"sale","15":"shipping-taxable","16":"purchasable","17":"product-type-simple"},"_links":{"self":[{"href":"https:\/\/roveyayinevi.com.tr\/index.php\/wp-json\/wp\/v2\/product\/745508","targetHints":{"allow":["GET"]}}],"collection":[{"href":"https:\/\/roveyayinevi.com.tr\/index.php\/wp-json\/wp\/v2\/product"}],"about":[{"href":"https:\/\/roveyayinevi.com.tr\/index.php\/wp-json\/wp\/v2\/types\/product"}],"wp:attachment":[{"href":"https:\/\/roveyayinevi.com.tr\/index.php\/wp-json\/wp\/v2\/media?parent=745508"}],"wp:term":[{"taxonomy":"product_brand","embeddable":true,"href":"https:\/\/roveyayinevi.com.tr\/index.php\/wp-json\/wp\/v2\/product_brand?post=745508"},{"taxonomy":"product_cat","embeddable":true,"href":"https:\/\/roveyayinevi.com.tr\/index.php\/wp-json\/wp\/v2\/product_cat?post=745508"},{"taxonomy":"product_tag","embeddable":true,"href":"https:\/\/roveyayinevi.com.tr\/index.php\/wp-json\/wp\/v2\/product_tag?post=745508"}],"curies":[{"name":"wp","href":"https:\/\/api.w.org\/{rel}","templated":true}]}}