{"id":745507,"date":"2025-08-28T02:21:30","date_gmt":"2025-08-27T23:21:30","guid":{"rendered":"https:\/\/roveyayinevi.com.tr\/index.php\/urun\/vourdalak-ailesi\/"},"modified":"2026-04-16T02:57:45","modified_gmt":"2026-04-15T23:57:45","slug":"vourdalak-ailesi","status":"publish","type":"product","link":"https:\/\/roveyayinevi.com.tr\/index.php\/urun\/vourdalak-ailesi\/","title":{"rendered":"Vourdalak Ailesi"},"content":{"rendered":"<p>\u201cKendi evimde yabanc\u0131 m\u0131 oldum?\u201dRus \u015fair, romanc\u0131 ve oyun yazar\u0131 Aleksey Konstantinovi\u00e7 Tolstoy\u2019un 1839\u2019da Frans\u0131zca kaleme ald\u0131\u011f\u0131; en yak\u0131nlar\u0131n\u0131n ve aile \u00fcyelerinin kan\u0131n\u0131 emmek i\u00e7in \u00f6l\u00fcmden geri d\u00f6nen lanetli varl\u0131klar\u0131 konu etti\u011fi gotik \u00f6yk\u00fcs\u00fc Vourdalak Ailesi, vampir edebiyat\u0131n\u0131n unutulmaz eserlerinden oldu\u011fu gibi, Mario Bava\u2019n\u0131n klasik yap\u0131t\u0131 Black Sabbath filminin de ba\u015fl\u0131ca kaynaklar\u0131ndan biri.<\/p>\n","protected":false},"excerpt":{"rendered":"<p>\u201cKendi evimde yabanc\u0131 m\u0131 oldum?\u201dRus \u015fair, romanc\u0131 ve oyun yazar\u0131 Aleksey Konstantinovi\u00e7 Tolstoy\u2019un 1839\u2019da Frans\u0131zca kaleme ald\u0131\u011f\u0131; en yak\u0131nlar\u0131n\u0131n ve aile \u00fcyelerinin kan\u0131n\u0131 emmek i\u00e7in \u00f6l\u00fcmden<span class=\"excerpt-hellip\"> [\u2026]<\/span><\/p>\n","protected":false},"featured_media":0,"template":"","meta":{"_monsterinsights_skip_tracking":false,"_monsterinsights_sitenote_active":false,"_monsterinsights_sitenote_note":"","_monsterinsights_sitenote_category":0},"product_brand":[],"product_cat":[12291,17033],"product_tag":[],"class_list":{"0":"post-745507","1":"product","2":"type-product","3":"status-publish","5":"product_cat-edebiyat","6":"product_cat-korku-gerilim","7":"pa_cilt-ciltsiz","8":"pa_tur-kitap","9":"pa_yayinevi-ithaki-yayinlari","10":"pa_yazar-lev-nikolayevic-tolstoy","12":"first","13":"instock","14":"sale","15":"shipping-taxable","16":"purchasable","17":"product-type-simple"},"_links":{"self":[{"href":"https:\/\/roveyayinevi.com.tr\/index.php\/wp-json\/wp\/v2\/product\/745507","targetHints":{"allow":["GET"]}}],"collection":[{"href":"https:\/\/roveyayinevi.com.tr\/index.php\/wp-json\/wp\/v2\/product"}],"about":[{"href":"https:\/\/roveyayinevi.com.tr\/index.php\/wp-json\/wp\/v2\/types\/product"}],"wp:attachment":[{"href":"https:\/\/roveyayinevi.com.tr\/index.php\/wp-json\/wp\/v2\/media?parent=745507"}],"wp:term":[{"taxonomy":"product_brand","embeddable":true,"href":"https:\/\/roveyayinevi.com.tr\/index.php\/wp-json\/wp\/v2\/product_brand?post=745507"},{"taxonomy":"product_cat","embeddable":true,"href":"https:\/\/roveyayinevi.com.tr\/index.php\/wp-json\/wp\/v2\/product_cat?post=745507"},{"taxonomy":"product_tag","embeddable":true,"href":"https:\/\/roveyayinevi.com.tr\/index.php\/wp-json\/wp\/v2\/product_tag?post=745507"}],"curies":[{"name":"wp","href":"https:\/\/api.w.org\/{rel}","templated":true}]}}