{"id":745506,"date":"2025-08-28T02:21:30","date_gmt":"2025-08-27T23:21:30","guid":{"rendered":"https:\/\/roveyayinevi.com.tr\/index.php\/urun\/calkanti-ve-dalga-2\/"},"modified":"2026-04-16T02:57:45","modified_gmt":"2026-04-15T23:57:45","slug":"calkanti-ve-dalga-2","status":"publish","type":"product","link":"https:\/\/roveyayinevi.com.tr\/index.php\/urun\/calkanti-ve-dalga-2\/","title":{"rendered":"\u00c7alkant\u0131 ve Dalga"},"content":{"rendered":"<p>\u00c7alkant\u0131 ve Dalga\u2019da birbirini takip eden d\u00fc\u015f\u00fcncelerde boyutlar\u0131 derin, devinimleri zinde ve atak, perspektifi geni\u015f bir d\u00fc\u015f\u00fcnce d\u00fcnyas\u0131 ortaya \u00e7\u0131k\u0131yor. Ebubekir Ero\u011flu, \u015fiirdeki ustal\u0131\u011f\u0131n\u0131 bu kez d\u00fc\u015f\u00fcnce yaz\u0131lar\u0131nda da yans\u0131t\u0131yor. Ele al\u0131nan konu her ne olursa olsun uzun bir s\u00fcre tembelli\u011fe itilmi\u015f toplumun tepki ve reflekslerini ustal\u0131kla sorguluyor. Tarihsel olarak daimi bir s\u00fcr\u00fcklenmenin ve savrulman\u0131n oldu\u011fu bir iklimde Ero\u011flu, al\u0131\u015f\u0131lm\u0131\u015f kal\u0131plar\u0131n \u00f6tesine ge\u00e7iyor. \u00d6rnek ve k\u0131yaslamalar\u0131, dil zenginli\u011fi, duygu ve mant\u0131k kabiliyetiyle ideal dengeyi yakal\u0131yor. T\u0131pk\u0131 usta deneme yazarlar\u0131nda g\u00f6r\u00fclece\u011fi \u00fczere (Val\u00e9ry, Unamuno veya Camus) y\u00fczy\u0131llar i\u00e7inde ve kalabal\u0131klar aras\u0131nda benli\u011fin biricik sesi duyulabiliyor.   \u201cBu kitap, hayat\u0131 yorumlamaya imk\u00e2n veren baz\u0131 bilgilere, ama asl\u0131nda do\u011frudan m\u00fc\u015fahedenin imgelemimiz \u00fczerinde b\u0131rakt\u0131\u011f\u0131 izlenimlerin sonucunda, \u201cDalga\u201d ve \u201c\u00c7alkant\u0131\u201d olarak nitelenmesi uygun, tarih\u00ee ve toplumsal iki s\u00fcre\u00e7te serbest\u00e7e zihinsel gezinti ve yoklamalar\u0131n verimi olarak ortaya \u00e7\u0131kt\u0131.   Bu s\u00fcre\u00e7lerden birine \u201cDalga\u201d diyoruz. Uzak ge\u00e7mi\u015fi tarih \u00f6ncesine ve ke\u015ffedilmi\u015f bilgilere ba\u011flanan bu s\u00fcre\u00e7, her insan\u0131n birey (\u015fah\u0131s) olarak yap\u0131lanmas\u0131yla birlikte ger\u00e7eklik kazan\u0131yor ve bireyin \u00f6l\u00e7\u00fcs\u00fcne g\u00f6re bilgi d\u00fcnyam\u0131zda yeni ba\u015ftan bi\u00e7imleniyor. Dalga, tarihsel d\u00f6nemlerin ve insanl\u0131k i\u00e7inde uzun s\u00fcrm\u00fc\u015f hareketlerin buradaki ad\u0131d\u0131r. B\u00fcy\u00fck insanl\u0131k dalgas\u0131n\u0131n simgesel izd\u00fc\u015f\u00fcm\u00fcd\u00fcr.\u201d <\/p>\n","protected":false},"excerpt":{"rendered":"<p>\u00c7alkant\u0131 ve Dalga\u2019da birbirini takip eden d\u00fc\u015f\u00fcncelerde boyutlar\u0131 derin, devinimleri zinde ve atak, perspektifi geni\u015f bir d\u00fc\u015f\u00fcnce d\u00fcnyas\u0131 ortaya \u00e7\u0131k\u0131yor. Ebubekir Ero\u011flu, \u015fiirdeki ustal\u0131\u011f\u0131n\u0131 bu kez<span class=\"excerpt-hellip\"> [\u2026]<\/span><\/p>\n","protected":false},"featured_media":0,"template":"","meta":{"_monsterinsights_skip_tracking":false,"_monsterinsights_sitenote_active":false,"_monsterinsights_sitenote_note":"","_monsterinsights_sitenote_category":0},"product_brand":[],"product_cat":[12389,12388],"product_tag":[],"class_list":{"0":"post-745506","1":"product","2":"type-product","3":"status-publish","5":"product_cat-diger-felsefe","6":"product_cat-felsefe","7":"pa_cilt-ciltsiz","8":"pa_tur-kitap","9":"pa_yayinevi-dogu-bati-yayinlari","10":"pa_yazar-ebubekir-eroglu","12":"first","13":"instock","14":"sale","15":"shipping-taxable","16":"purchasable","17":"product-type-simple"},"_links":{"self":[{"href":"https:\/\/roveyayinevi.com.tr\/index.php\/wp-json\/wp\/v2\/product\/745506","targetHints":{"allow":["GET"]}}],"collection":[{"href":"https:\/\/roveyayinevi.com.tr\/index.php\/wp-json\/wp\/v2\/product"}],"about":[{"href":"https:\/\/roveyayinevi.com.tr\/index.php\/wp-json\/wp\/v2\/types\/product"}],"wp:attachment":[{"href":"https:\/\/roveyayinevi.com.tr\/index.php\/wp-json\/wp\/v2\/media?parent=745506"}],"wp:term":[{"taxonomy":"product_brand","embeddable":true,"href":"https:\/\/roveyayinevi.com.tr\/index.php\/wp-json\/wp\/v2\/product_brand?post=745506"},{"taxonomy":"product_cat","embeddable":true,"href":"https:\/\/roveyayinevi.com.tr\/index.php\/wp-json\/wp\/v2\/product_cat?post=745506"},{"taxonomy":"product_tag","embeddable":true,"href":"https:\/\/roveyayinevi.com.tr\/index.php\/wp-json\/wp\/v2\/product_tag?post=745506"}],"curies":[{"name":"wp","href":"https:\/\/api.w.org\/{rel}","templated":true}]}}