{"id":745505,"date":"2025-08-28T02:21:28","date_gmt":"2025-08-27T23:21:28","guid":{"rendered":"https:\/\/roveyayinevi.com.tr\/index.php\/urun\/kan-sahibi\/"},"modified":"2026-04-16T02:57:45","modified_gmt":"2026-04-15T23:57:45","slug":"kan-sahibi","status":"publish","type":"product","link":"https:\/\/roveyayinevi.com.tr\/index.php\/urun\/kan-sahibi\/","title":{"rendered":"Kan Sahibi"},"content":{"rendered":"<p>\u201cUlaklara buyruk verilsin, bir cad\u0131 \u00fcstad\u0131 kiralan\u0131p Mesopotam\u2019a g\u00f6nderilsin.\u201dYedikuleli Mansur, Istrancal\u0131 Abd\u00fclharis Pa\u015fa ve Karanl\u0131\u011f\u0131n \u015eahidesi gibi romanlar\u0131yla tan\u0131d\u0131\u011f\u0131m\u0131z Mehmet Berk Yalt\u0131r\u0131k, Kan Sahibi\u2019yle okurlar\u0131n\u0131 \u00fcrk\u00fctmeye devam ediyor. Tepedelenli Ali Pa\u015fa\u2019n\u0131n h\u00fckmetti\u011fi topraklarda, Arnavut t\u00f6resinin, \u201cLek Dukagin Kanunu\u201dnun, \u201cbesa\u201dn\u0131n \u00e7izdi\u011fi karanl\u0131k bir ser\u00fcven. \u201cBesa\u201dda yeri olan kan sahibi, kan davas\u0131 ve s\u00f6zl\u00fc yasalar kadar eski inan\u0131\u015flar\u0131n birbirine \u00e7att\u0131\u011f\u0131 bir tuhaf kar\u015f\u0131la\u015fma\u2026<\/p>\n","protected":false},"excerpt":{"rendered":"<p>\u201cUlaklara buyruk verilsin, bir cad\u0131 \u00fcstad\u0131 kiralan\u0131p Mesopotam\u2019a g\u00f6nderilsin.\u201dYedikuleli Mansur, Istrancal\u0131 Abd\u00fclharis Pa\u015fa ve Karanl\u0131\u011f\u0131n \u015eahidesi gibi romanlar\u0131yla tan\u0131d\u0131\u011f\u0131m\u0131z Mehmet Berk Yalt\u0131r\u0131k, Kan Sahibi\u2019yle okurlar\u0131n\u0131 \u00fcrk\u00fctmeye<span class=\"excerpt-hellip\"> [\u2026]<\/span><\/p>\n","protected":false},"featured_media":0,"template":"","meta":{"_monsterinsights_skip_tracking":false,"_monsterinsights_sitenote_active":false,"_monsterinsights_sitenote_note":"","_monsterinsights_sitenote_category":0},"product_brand":[],"product_cat":[12291,17033],"product_tag":[],"class_list":{"0":"post-745505","1":"product","2":"type-product","3":"status-publish","5":"product_cat-edebiyat","6":"product_cat-korku-gerilim","7":"pa_cilt-ciltsiz","8":"pa_tur-kitap","9":"pa_yayinevi-ithaki-yayinlari","10":"pa_yazar-mehmet-berk-yaltirik","12":"first","13":"instock","14":"sale","15":"shipping-taxable","16":"purchasable","17":"product-type-simple"},"_links":{"self":[{"href":"https:\/\/roveyayinevi.com.tr\/index.php\/wp-json\/wp\/v2\/product\/745505","targetHints":{"allow":["GET"]}}],"collection":[{"href":"https:\/\/roveyayinevi.com.tr\/index.php\/wp-json\/wp\/v2\/product"}],"about":[{"href":"https:\/\/roveyayinevi.com.tr\/index.php\/wp-json\/wp\/v2\/types\/product"}],"wp:attachment":[{"href":"https:\/\/roveyayinevi.com.tr\/index.php\/wp-json\/wp\/v2\/media?parent=745505"}],"wp:term":[{"taxonomy":"product_brand","embeddable":true,"href":"https:\/\/roveyayinevi.com.tr\/index.php\/wp-json\/wp\/v2\/product_brand?post=745505"},{"taxonomy":"product_cat","embeddable":true,"href":"https:\/\/roveyayinevi.com.tr\/index.php\/wp-json\/wp\/v2\/product_cat?post=745505"},{"taxonomy":"product_tag","embeddable":true,"href":"https:\/\/roveyayinevi.com.tr\/index.php\/wp-json\/wp\/v2\/product_tag?post=745505"}],"curies":[{"name":"wp","href":"https:\/\/api.w.org\/{rel}","templated":true}]}}