{"id":745504,"date":"2025-08-28T02:21:27","date_gmt":"2025-08-27T23:21:27","guid":{"rendered":"https:\/\/roveyayinevi.com.tr\/index.php\/urun\/vampir-olumcul-tesir\/"},"modified":"2026-04-16T02:57:45","modified_gmt":"2026-04-15T23:57:45","slug":"vampir-olumcul-tesir","status":"publish","type":"product","link":"https:\/\/roveyayinevi.com.tr\/index.php\/urun\/vampir-olumcul-tesir\/","title":{"rendered":"Vampir &amp; \u00d6l\u00fcmc\u00fcl Tesir"},"content":{"rendered":"<p>\u201cHayaletlere inanmad\u0131\u011f\u0131n\u0131 s\u00f6yledin; peki sonra inanmaya mecbur kal\u0131rsan?\u201d\u0130talyan edebiyat\u0131nda on dokuzuncu y\u00fczy\u0131l\u0131n sonlar\u0131nda y\u00fckseli\u015fe ge\u00e7en \u201cverismo\u201d (ger\u00e7ek\u00e7ilik) ak\u0131m\u0131n\u0131n \u00f6nc\u00fclerinden biri olarak kabul edilen Luigi Capuana\u2019n\u0131n 1907\u2019de yay\u0131mlanan \u00f6yk\u00fcleri \u201cVampir\u201d ve \u201c\u00d6l\u00fcmc\u00fcl Tesir\u201d, yazar\u0131n insan zihninin karanl\u0131k yanlar\u0131na duydu\u011fu ilgiyi \u00f6ne \u00e7\u0131kar\u0131rken, do\u011fal olan ile do\u011fa\u00fcst\u00fc olan aras\u0131ndaki \u00e7at\u0131\u015fmaya odaklan\u0131yor.<\/p>\n","protected":false},"excerpt":{"rendered":"<p>\u201cHayaletlere inanmad\u0131\u011f\u0131n\u0131 s\u00f6yledin; peki sonra inanmaya mecbur kal\u0131rsan?\u201d\u0130talyan edebiyat\u0131nda on dokuzuncu y\u00fczy\u0131l\u0131n sonlar\u0131nda y\u00fckseli\u015fe ge\u00e7en \u201cverismo\u201d (ger\u00e7ek\u00e7ilik) ak\u0131m\u0131n\u0131n \u00f6nc\u00fclerinden biri olarak kabul edilen Luigi Capuana\u2019n\u0131n 1907\u2019de<span class=\"excerpt-hellip\"> [\u2026]<\/span><\/p>\n","protected":false},"featured_media":0,"template":"","meta":{"_monsterinsights_skip_tracking":false,"_monsterinsights_sitenote_active":false,"_monsterinsights_sitenote_note":"","_monsterinsights_sitenote_category":0},"product_brand":[],"product_cat":[12291,17033],"product_tag":[],"class_list":{"0":"post-745504","1":"product","2":"type-product","3":"status-publish","5":"product_cat-edebiyat","6":"product_cat-korku-gerilim","7":"pa_cilt-ciltsiz","8":"pa_tur-kitap","9":"pa_yayinevi-ithaki-yayinlari","10":"pa_yazar-luigi-capuana","12":"first","13":"instock","14":"sale","15":"shipping-taxable","16":"purchasable","17":"product-type-simple"},"_links":{"self":[{"href":"https:\/\/roveyayinevi.com.tr\/index.php\/wp-json\/wp\/v2\/product\/745504","targetHints":{"allow":["GET"]}}],"collection":[{"href":"https:\/\/roveyayinevi.com.tr\/index.php\/wp-json\/wp\/v2\/product"}],"about":[{"href":"https:\/\/roveyayinevi.com.tr\/index.php\/wp-json\/wp\/v2\/types\/product"}],"wp:attachment":[{"href":"https:\/\/roveyayinevi.com.tr\/index.php\/wp-json\/wp\/v2\/media?parent=745504"}],"wp:term":[{"taxonomy":"product_brand","embeddable":true,"href":"https:\/\/roveyayinevi.com.tr\/index.php\/wp-json\/wp\/v2\/product_brand?post=745504"},{"taxonomy":"product_cat","embeddable":true,"href":"https:\/\/roveyayinevi.com.tr\/index.php\/wp-json\/wp\/v2\/product_cat?post=745504"},{"taxonomy":"product_tag","embeddable":true,"href":"https:\/\/roveyayinevi.com.tr\/index.php\/wp-json\/wp\/v2\/product_tag?post=745504"}],"curies":[{"name":"wp","href":"https:\/\/api.w.org\/{rel}","templated":true}]}}