{"id":745503,"date":"2025-08-28T02:21:25","date_gmt":"2025-08-27T23:21:25","guid":{"rendered":"https:\/\/roveyayinevi.com.tr\/index.php\/urun\/ekmek-parasi-yazilari\/"},"modified":"2026-04-15T03:07:59","modified_gmt":"2026-04-15T00:07:59","slug":"ekmek-parasi-yazilari","status":"publish","type":"product","link":"https:\/\/roveyayinevi.com.tr\/index.php\/urun\/ekmek-parasi-yazilari\/","title":{"rendered":"Ekmek Paras\u0131 Yaz\u0131lar\u0131"},"content":{"rendered":"<p>\u0130nsano\u011flu g\u00fcnahk\u00e2rd\u0131r. Ama insano\u011flu ad\u0131n\u0131 hak etmeye lay\u0131k her fani, kefaret aray\u0131\u015f\u0131na ve kendi i\u00e7 d\u00fcnyas\u0131ndaki Golgota\u2019n\u0131n yoku\u015funu kendi \u00e7arm\u0131h\u0131yla \u00e7\u0131kmaya mecburdur. Oysa bunu \u00e7ok az\u0131m\u0131z ba\u015farabilir. B\u00fct\u00fcn bir \u00f6m\u00fcr ac\u0131yan can\u0131yla b\u00f6ylesi nadir ve asil bir ruh kar\u015f\u0131m\u0131za tarih boyu pek \u00e7ok isimle \u00e7\u0131kabilir: Odysseus, Buddha, \u0130sa, Ali, Assissili Francesco, Don Quijote, Lenin, Nietzsche, Bolivar, Zweig ve Kazancakis. Her g\u00fc\u00e7l\u00fc ruhun, kefaret \u00f6derken ifa etti\u011fi kendine has bir vazifesi vard\u0131r: \u00e7arm\u0131ha gerilmek, ta\u015flanmak, yollara d\u00fc\u015fmek, alay edilmek, bir at\u0131n boynuna sar\u0131l\u0131p h\u0131\u00e7k\u0131rarak a\u011flamak, devrim yapmak, lanetlenmek, kovulmak, aforoz edilmek ve tebli\u011f ve itiraf etmenin zirvesi olarak yazmak\u2014hepsi de ayn\u0131 aray\u0131\u015f \u00e7ilesini \u00e7ekmeye taliptir. D\u00fcnyay\u0131 kurtaracak olan da hayat\u0131 sab\u0131r, g\u00fcven, korku ve g\u00f6zya\u015f\u0131 ile kar\u015f\u0131layabilmekte ustala\u015fmakt\u0131r. Yoksa ebed\u00ee mutluluk, adalet, bar\u0131\u015f ve beyazlara b\u00fcr\u00fcnm\u00fc\u015f, nur y\u00fczl\u00fc, iyiliksever bir Tanr\u0131n\u0131n inayetini beklemek beyhudedir. Yola \u00e7\u0131kmak ve yolda olmaktan kellisi, asil bir ruh i\u00e7in yaland\u0131r. <\/p>\n","protected":false},"excerpt":{"rendered":"<p>\u0130nsano\u011flu g\u00fcnahk\u00e2rd\u0131r. Ama insano\u011flu ad\u0131n\u0131 hak etmeye lay\u0131k her fani, kefaret aray\u0131\u015f\u0131na ve kendi i\u00e7 d\u00fcnyas\u0131ndaki Golgota\u2019n\u0131n yoku\u015funu kendi \u00e7arm\u0131h\u0131yla \u00e7\u0131kmaya mecburdur. Oysa bunu \u00e7ok az\u0131m\u0131z<span class=\"excerpt-hellip\"> [\u2026]<\/span><\/p>\n","protected":false},"featured_media":0,"template":"","meta":{"_monsterinsights_skip_tracking":false,"_monsterinsights_sitenote_active":false,"_monsterinsights_sitenote_note":"","_monsterinsights_sitenote_category":0},"product_brand":[],"product_cat":[12291,12711],"product_tag":[],"class_list":{"0":"post-745503","1":"product","2":"type-product","3":"status-publish","5":"product_cat-edebiyat","6":"product_cat-roman-oyku","7":"pa_cilt-ciltsiz","8":"pa_tur-kitap","9":"pa_yayinevi-pinhan-yayincilik","10":"pa_yazar-gokhan-yavuz-demir","12":"first","13":"instock","14":"sale","15":"shipping-taxable","16":"purchasable","17":"product-type-simple"},"_links":{"self":[{"href":"https:\/\/roveyayinevi.com.tr\/index.php\/wp-json\/wp\/v2\/product\/745503","targetHints":{"allow":["GET"]}}],"collection":[{"href":"https:\/\/roveyayinevi.com.tr\/index.php\/wp-json\/wp\/v2\/product"}],"about":[{"href":"https:\/\/roveyayinevi.com.tr\/index.php\/wp-json\/wp\/v2\/types\/product"}],"wp:attachment":[{"href":"https:\/\/roveyayinevi.com.tr\/index.php\/wp-json\/wp\/v2\/media?parent=745503"}],"wp:term":[{"taxonomy":"product_brand","embeddable":true,"href":"https:\/\/roveyayinevi.com.tr\/index.php\/wp-json\/wp\/v2\/product_brand?post=745503"},{"taxonomy":"product_cat","embeddable":true,"href":"https:\/\/roveyayinevi.com.tr\/index.php\/wp-json\/wp\/v2\/product_cat?post=745503"},{"taxonomy":"product_tag","embeddable":true,"href":"https:\/\/roveyayinevi.com.tr\/index.php\/wp-json\/wp\/v2\/product_tag?post=745503"}],"curies":[{"name":"wp","href":"https:\/\/api.w.org\/{rel}","templated":true}]}}