{"id":745502,"date":"2025-08-28T02:21:24","date_gmt":"2025-08-27T23:21:24","guid":{"rendered":"https:\/\/roveyayinevi.com.tr\/index.php\/urun\/ozel-hukuk-tarihi\/"},"modified":"2026-04-16T02:57:45","modified_gmt":"2026-04-15T23:57:45","slug":"ozel-hukuk-tarihi","status":"publish","type":"product","link":"https:\/\/roveyayinevi.com.tr\/index.php\/urun\/ozel-hukuk-tarihi\/","title":{"rendered":"\u00d6zel Hukuk Tarihi"},"content":{"rendered":"<p>Bu ba\u015fl\u0131k, birtak\u0131m \u00f6zel hukuk kurumlar\u0131n\u0131n ge\u00e7mi\u015fini \u00f6\u011frenmek isteyen okur i\u00e7in belirli \u00f6l\u00e7\u00fcde aldat\u0131c\u0131 bir isim olarak addedilebilir. Zira bu kitap, \u00f6zel hukuka odaklanarak hukukun modernle\u015fme hikayesini anlatmay\u0131 ama\u00e7lamaktad\u0131r. Hukukun yasalardan m\u00fcte\u015fekkil olu\u015fu, bu yasalar\u0131 se\u00e7ilmi\u015flerden olu\u015fan meclislerin yapmas\u0131, davalarda taraflar\u0131 temsil eden, taraflar\u0131n \u00fccret \u00f6dedi\u011fi avukatlar\u0131n yer almas\u0131 vb. bug\u00fcn\u00fcn hukukunda mutat g\u00f6r\u00fclen bir\u00e7ok kurum esas\u0131nda tarihseldir; hep var de\u011fillerdi, yar\u0131n olmamalar\u0131 da ihtimaldir. Yasalardan \u00f6nce \u00f6rfler, hukuk bilginlerinin kitaplar\u0131 vard\u0131, bir vakit avukatlara de\u011fil yarg\u0131\u00e7lara \u00fccret \u00f6dendi, \u00fcniversiteler yoktu yahut kapat\u0131lm\u0131\u015f ya da i\u00e7i bo\u015falm\u0131\u015ft\u0131. Ayd\u0131nlanm\u0131\u015f despotlar, g\u00f6z\u00fc kara devrimciler, tutkulu alimler, \u00f6fkeli kitleler eliyle y\u00fczy\u0131llar i\u00e7inde bug\u00fcnk\u00fc m\u00fcesses halini alan k\u0131ta hukuk sisteminin hikayesini bilmek bu sistemin i\u00e7ine do\u011fmu\u015f olanlar i\u00e7in elzemdir.<\/p>\n","protected":false},"excerpt":{"rendered":"<p>Bu ba\u015fl\u0131k, birtak\u0131m \u00f6zel hukuk kurumlar\u0131n\u0131n ge\u00e7mi\u015fini \u00f6\u011frenmek isteyen okur i\u00e7in belirli \u00f6l\u00e7\u00fcde aldat\u0131c\u0131 bir isim olarak addedilebilir. Zira bu kitap, \u00f6zel hukuka odaklanarak hukukun modernle\u015fme<span class=\"excerpt-hellip\"> [\u2026]<\/span><\/p>\n","protected":false},"featured_media":0,"template":"","meta":{"_monsterinsights_skip_tracking":false,"_monsterinsights_sitenote_active":false,"_monsterinsights_sitenote_note":"","_monsterinsights_sitenote_category":0},"product_brand":[],"product_cat":[15350,17602],"product_tag":[],"class_list":{"0":"post-745502","1":"product","2":"type-product","3":"status-publish","5":"product_cat-hukuk","6":"product_cat-hukuk-uzerine","7":"pa_cilt-ciltsiz","8":"pa_tur-kitap","9":"pa_yayinevi-pinhan-yayincilik","10":"pa_yazar-r-c-van-caenegem","12":"first","13":"instock","14":"sale","15":"shipping-taxable","16":"purchasable","17":"product-type-simple"},"_links":{"self":[{"href":"https:\/\/roveyayinevi.com.tr\/index.php\/wp-json\/wp\/v2\/product\/745502","targetHints":{"allow":["GET"]}}],"collection":[{"href":"https:\/\/roveyayinevi.com.tr\/index.php\/wp-json\/wp\/v2\/product"}],"about":[{"href":"https:\/\/roveyayinevi.com.tr\/index.php\/wp-json\/wp\/v2\/types\/product"}],"wp:attachment":[{"href":"https:\/\/roveyayinevi.com.tr\/index.php\/wp-json\/wp\/v2\/media?parent=745502"}],"wp:term":[{"taxonomy":"product_brand","embeddable":true,"href":"https:\/\/roveyayinevi.com.tr\/index.php\/wp-json\/wp\/v2\/product_brand?post=745502"},{"taxonomy":"product_cat","embeddable":true,"href":"https:\/\/roveyayinevi.com.tr\/index.php\/wp-json\/wp\/v2\/product_cat?post=745502"},{"taxonomy":"product_tag","embeddable":true,"href":"https:\/\/roveyayinevi.com.tr\/index.php\/wp-json\/wp\/v2\/product_tag?post=745502"}],"curies":[{"name":"wp","href":"https:\/\/api.w.org\/{rel}","templated":true}]}}