{"id":745501,"date":"2025-08-28T02:21:23","date_gmt":"2025-08-27T23:21:23","guid":{"rendered":"https:\/\/roveyayinevi.com.tr\/index.php\/urun\/gerisi-hikayeden-vampir-oykuleri\/"},"modified":"2026-04-16T02:57:45","modified_gmt":"2026-04-15T23:57:45","slug":"gerisi-hikayeden-vampir-oykuleri","status":"publish","type":"product","link":"https:\/\/roveyayinevi.com.tr\/index.php\/urun\/gerisi-hikayeden-vampir-oykuleri\/","title":{"rendered":"Gerisi Hikaye\u2019den Vampir \u00d6yk\u00fcleri"},"content":{"rendered":"<p>\u201cEjderin evlatlar\u0131, evime, evinize ho\u015f geldiniz!\u201d2000\u2019li y\u0131llar\u0131n ba\u015flang\u0131c\u0131ndan itibaren T\u00fcrk korku edebiyat\u0131nda g\u00f6r\u00fclen y\u00fckseli\u015fe damga vuran, Gerisi Hik\u00e2ye podcast program\u0131ndan da tan\u0131d\u0131\u011f\u0131m\u0131z yazarlar Demokan Atasoy, I\u015f\u0131n Beril Tetik ve Galip Dursun\u2019un kaleme ald\u0131\u011f\u0131 \u00f6yk\u00fclerde s\u0131radan hayat\u0131n\u0131 ya\u015famaya \u00e7al\u0131\u015fan (ya da \u00f6yle g\u00f6r\u00fcnen) insanlar ile kanl\u0131 canl\u0131 vampirler bir araya geliyor. Demokan Atasoy \u201cG\u00f6k Girsin K\u0131z\u0131l \u00c7\u0131ks\u0131n\u201dda bizi Kad\u0131k\u00f6y\u2019e, Teoman \u015eef\u2019in hik\u00e2yesine davet ederken, I\u015f\u0131n Beril Tetik \u201c\u00c7akma Di\u015f\u201dte ger\u00e7ek bir vampir oldu\u011funu iddia eden \u00fcnl\u00fc Youtuber Rodan Kula\u2019yla tan\u0131\u015ft\u0131r\u0131yor. \u201cG\u00fcne\u015f\u2019in Talipleri\u201d \u00f6yk\u00fcs\u00fcnde ise Galip Dursun, G\u00fcne\u015f ile Hakan Sever\u2019in kanl\u0131 a\u015fk oyununun perde arkas\u0131ndaki tekinsizli\u011fi g\u00fcn y\u00fcz\u00fcne \u00e7\u0131kar\u0131yor.<\/p>\n","protected":false},"excerpt":{"rendered":"<p>\u201cEjderin evlatlar\u0131, evime, evinize ho\u015f geldiniz!\u201d2000\u2019li y\u0131llar\u0131n ba\u015flang\u0131c\u0131ndan itibaren T\u00fcrk korku edebiyat\u0131nda g\u00f6r\u00fclen y\u00fckseli\u015fe damga vuran, Gerisi Hik\u00e2ye podcast program\u0131ndan da tan\u0131d\u0131\u011f\u0131m\u0131z yazarlar Demokan Atasoy, I\u015f\u0131n<span class=\"excerpt-hellip\"> [\u2026]<\/span><\/p>\n","protected":false},"featured_media":0,"template":"","meta":{"_monsterinsights_skip_tracking":false,"_monsterinsights_sitenote_active":false,"_monsterinsights_sitenote_note":"","_monsterinsights_sitenote_category":0},"product_brand":[],"product_cat":[12291,17033],"product_tag":[],"class_list":{"0":"post-745501","1":"product","2":"type-product","3":"status-publish","5":"product_cat-edebiyat","6":"product_cat-korku-gerilim","7":"pa_cilt-ciltsiz","8":"pa_tur-kitap","9":"pa_yayinevi-ithaki-yayinlari","10":"pa_yazar-demokan-atasoy-isin-beril-tetik-galip-dursun","12":"first","13":"instock","14":"sale","15":"shipping-taxable","16":"purchasable","17":"product-type-simple"},"_links":{"self":[{"href":"https:\/\/roveyayinevi.com.tr\/index.php\/wp-json\/wp\/v2\/product\/745501","targetHints":{"allow":["GET"]}}],"collection":[{"href":"https:\/\/roveyayinevi.com.tr\/index.php\/wp-json\/wp\/v2\/product"}],"about":[{"href":"https:\/\/roveyayinevi.com.tr\/index.php\/wp-json\/wp\/v2\/types\/product"}],"wp:attachment":[{"href":"https:\/\/roveyayinevi.com.tr\/index.php\/wp-json\/wp\/v2\/media?parent=745501"}],"wp:term":[{"taxonomy":"product_brand","embeddable":true,"href":"https:\/\/roveyayinevi.com.tr\/index.php\/wp-json\/wp\/v2\/product_brand?post=745501"},{"taxonomy":"product_cat","embeddable":true,"href":"https:\/\/roveyayinevi.com.tr\/index.php\/wp-json\/wp\/v2\/product_cat?post=745501"},{"taxonomy":"product_tag","embeddable":true,"href":"https:\/\/roveyayinevi.com.tr\/index.php\/wp-json\/wp\/v2\/product_tag?post=745501"}],"curies":[{"name":"wp","href":"https:\/\/api.w.org\/{rel}","templated":true}]}}