{"id":745500,"date":"2025-08-28T02:21:22","date_gmt":"2025-08-27T23:21:22","guid":{"rendered":"https:\/\/roveyayinevi.com.tr\/index.php\/urun\/hellenistik-dunyada-roma\/"},"modified":"2026-04-16T02:57:45","modified_gmt":"2026-04-15T23:57:45","slug":"hellenistik-dunyada-roma","status":"publish","type":"product","link":"https:\/\/roveyayinevi.com.tr\/index.php\/urun\/hellenistik-dunyada-roma\/","title":{"rendered":"Hellenistik D\u00fcnyada Roma"},"content":{"rendered":"<p>Bu \u00e7al\u0131\u015fma, Appianos\u2019un Roma Tarihi eserinin g\u00fcn\u00fcm\u00fcze par\u00e7alar h\u00e2linde ula\u015fm\u0131\u015f olan Makedonia kitab\u0131 ile neredeyse eksiksiz olarak ula\u015fm\u0131\u015f \u0130llyria, Syria ve Mithradates kitaplar\u0131n\u0131n \u00e7evirisini i\u00e7ermektedir. Appianos, Makedonia kitab\u0131nda Roma\u2019n\u0131n Akdeniz\u2019de tam bir hakimiyet elde etmesiyle sonu\u00e7lanan Makedonia Sava\u015flar\u0131\u2019n\u0131 anlat\u0131r. Romal\u0131lar, bu krall\u0131\u011f\u0131 ortadan kald\u0131r\u0131p b\u00fcy\u00fck kazan\u0131mlar elde etmi\u015f ve bunun sonucunda Akdeniz\u2019de tart\u0131\u015fmas\u0131z bir hakimiyet elde ederek yay\u0131lmac\u0131 politikalar\u0131n\u0131 giderek y\u00fckselen bir ivmeyle s\u00fcrd\u00fcrm\u00fc\u015flerdir. \u0130llyria kitab\u0131, Balkan Yar\u0131madas\u0131\u2019n\u0131n kuzeybat\u0131s\u0131nda Adriyatik k\u0131y\u0131s\u0131 boyunca ya\u015fayan halklar\u0131 ve Romal\u0131lar\u0131n bu halklara kar\u015f\u0131 \u00e7\u0131kt\u0131\u011f\u0131 asker\u00ee seferleri ele al\u0131r. Romal\u0131lar, Illyricum olarak adland\u0131rd\u0131klar\u0131 bu b\u00f6lgenin sava\u015f\u00e7\u0131 halklar\u0131na kar\u015f\u0131 hem Caesar hem de Augustus zaman\u0131nda \u00f6nemli asker\u00ee seferler d\u00fczenlemi\u015flerdir. Syria kitab\u0131, Romal\u0131lar ile Asya\u2019da g\u00fcc\u00fcn\u00fc giderek art\u0131ran Seleukos Krall\u0131\u011f\u0131\u2019n\u0131n h\u00fck\u00fcmdar\u0131 III. (B\u00fcy\u00fck) Antiokhos aras\u0131ndaki sava\u015f\u0131 aktar\u0131r. Bu kitapta ayr\u0131ca Aleksandros\u2019un \u00f6l\u00fcm\u00fcn\u00fcn ard\u0131ndan onun komutanlar\u0131 aras\u0131ndaki m\u00fccadeleler ve Seleukos Krall\u0131\u011f\u0131\u2019n\u0131n k\u0131sa bir tarihi de yer almaktad\u0131r. Mithradates kitab\u0131 ise, Roma\u2019n\u0131n en b\u00fcy\u00fck d\u00fc\u015fmanlar\u0131ndan biri olan Pontos kral\u0131 VI. Mithradates\u2019in krall\u0131\u011f\u0131n\u0131 geni\u015fletmesine kadar olan s\u00fcreci ve Roma\u2019n\u0131n bu b\u00fcy\u00fck kral ile yapt\u0131\u011f\u0131 \u00f6nemli sava\u015flar\u0131 aktar\u0131r. Romal\u0131lar\u0131n bu d\u00f6nemdeki faaliyetleri, a\u011f\u0131rl\u0131kl\u0131 olarak Aleksandros\u2019un \u00f6l\u00fcm\u00fcn\u00fcn ard\u0131ndan ortaya \u00e7\u0131kan Hellenistik Krall\u0131klar ile ili\u015fkili oldu\u011fundan bu \u00e7al\u0131\u015fma \u201cHellenistik D\u00fcnyada Roma\u201d ana ba\u015fl\u0131\u011f\u0131 alt\u0131nda toplanm\u0131\u015ft\u0131r.<\/p>\n","protected":false},"excerpt":{"rendered":"<p>Bu \u00e7al\u0131\u015fma, Appianos\u2019un Roma Tarihi eserinin g\u00fcn\u00fcm\u00fcze par\u00e7alar h\u00e2linde ula\u015fm\u0131\u015f olan Makedonia kitab\u0131 ile neredeyse eksiksiz olarak ula\u015fm\u0131\u015f \u0130llyria, Syria ve Mithradates kitaplar\u0131n\u0131n \u00e7evirisini i\u00e7ermektedir. Appianos,<span class=\"excerpt-hellip\"> [\u2026]<\/span><\/p>\n","protected":false},"featured_media":0,"template":"","meta":{"_monsterinsights_skip_tracking":false,"_monsterinsights_sitenote_active":false,"_monsterinsights_sitenote_note":"","_monsterinsights_sitenote_category":0},"product_brand":[],"product_cat":[12312,12304],"product_tag":[],"class_list":{"0":"post-745500","1":"product","2":"type-product","3":"status-publish","5":"product_cat-diger","6":"product_cat-tarih","7":"pa_cilt-ciltsiz","8":"pa_tur-kitap","9":"pa_yayinevi-pinhan-yayincilik","10":"pa_yazar-appianos","12":"first","13":"instock","14":"sale","15":"shipping-taxable","16":"purchasable","17":"product-type-simple"},"_links":{"self":[{"href":"https:\/\/roveyayinevi.com.tr\/index.php\/wp-json\/wp\/v2\/product\/745500","targetHints":{"allow":["GET"]}}],"collection":[{"href":"https:\/\/roveyayinevi.com.tr\/index.php\/wp-json\/wp\/v2\/product"}],"about":[{"href":"https:\/\/roveyayinevi.com.tr\/index.php\/wp-json\/wp\/v2\/types\/product"}],"wp:attachment":[{"href":"https:\/\/roveyayinevi.com.tr\/index.php\/wp-json\/wp\/v2\/media?parent=745500"}],"wp:term":[{"taxonomy":"product_brand","embeddable":true,"href":"https:\/\/roveyayinevi.com.tr\/index.php\/wp-json\/wp\/v2\/product_brand?post=745500"},{"taxonomy":"product_cat","embeddable":true,"href":"https:\/\/roveyayinevi.com.tr\/index.php\/wp-json\/wp\/v2\/product_cat?post=745500"},{"taxonomy":"product_tag","embeddable":true,"href":"https:\/\/roveyayinevi.com.tr\/index.php\/wp-json\/wp\/v2\/product_tag?post=745500"}],"curies":[{"name":"wp","href":"https:\/\/api.w.org\/{rel}","templated":true}]}}