{"id":745499,"date":"2025-08-28T02:21:20","date_gmt":"2025-08-27T23:21:20","guid":{"rendered":"https:\/\/roveyayinevi.com.tr\/index.php\/urun\/oluleri-uyandirmayin\/"},"modified":"2026-04-16T02:57:45","modified_gmt":"2026-04-15T23:57:45","slug":"oluleri-uyandirmayin","status":"publish","type":"product","link":"https:\/\/roveyayinevi.com.tr\/index.php\/urun\/oluleri-uyandirmayin\/","title":{"rendered":"\u00d6l\u00fcleri Uyand\u0131rmay\u0131n"},"content":{"rendered":"<p>\u201c\u00d6l\u00fcleri uyand\u0131rmay\u0131n!\u00d6l\u00fcler yery\u00fcz\u00fcn\u00fcn g\u00fcn\u00fcne getirir karanl\u0131\u011f\u0131;Bir kez mezara gireneDe\u011fmez bir daha yery\u00fcz\u00fcn\u00fcn \u0131\u015f\u0131\u011f\u0131.\u201dAlman oyun yazar\u0131 Ernst Raupach\u2019\u0131n 1823\u2019te yay\u0131mlanan ve uzun y\u0131llar boyu Ludwig Tieck\u2019e ait san\u0131lan, yay\u0131mland\u0131\u011f\u0131 gibi \u0130ngilizceye \u00e7evrilmesi nedeniyle d\u00fcnya edebiyat\u0131na da benzerlerinden daha erken n\u00fcfuz eden, ba\u015fta Poe olmak \u00fczere bir\u00e7ok korku yazar\u0131n\u0131 etkileyen \u00f6yk\u00fcs\u00fc \u00d6l\u00fcleri Uyand\u0131rmay\u0131n, vampir edebiyat\u0131nda bir d\u00f6n\u00fcm noktas\u0131.<\/p>\n","protected":false},"excerpt":{"rendered":"<p>\u201c\u00d6l\u00fcleri uyand\u0131rmay\u0131n!\u00d6l\u00fcler yery\u00fcz\u00fcn\u00fcn g\u00fcn\u00fcne getirir karanl\u0131\u011f\u0131;Bir kez mezara gireneDe\u011fmez bir daha yery\u00fcz\u00fcn\u00fcn \u0131\u015f\u0131\u011f\u0131.\u201dAlman oyun yazar\u0131 Ernst Raupach\u2019\u0131n 1823\u2019te yay\u0131mlanan ve uzun y\u0131llar boyu Ludwig Tieck\u2019e ait<span class=\"excerpt-hellip\"> [\u2026]<\/span><\/p>\n","protected":false},"featured_media":0,"template":"","meta":{"_monsterinsights_skip_tracking":false,"_monsterinsights_sitenote_active":false,"_monsterinsights_sitenote_note":"","_monsterinsights_sitenote_category":0},"product_brand":[],"product_cat":[12291,17033],"product_tag":[],"class_list":{"0":"post-745499","1":"product","2":"type-product","3":"status-publish","5":"product_cat-edebiyat","6":"product_cat-korku-gerilim","7":"pa_cilt-ciltsiz","8":"pa_tur-kitap","9":"pa_yayinevi-ithaki-yayinlari","10":"pa_yazar-ernst-raupach","12":"first","13":"instock","14":"sale","15":"shipping-taxable","16":"purchasable","17":"product-type-simple"},"_links":{"self":[{"href":"https:\/\/roveyayinevi.com.tr\/index.php\/wp-json\/wp\/v2\/product\/745499","targetHints":{"allow":["GET"]}}],"collection":[{"href":"https:\/\/roveyayinevi.com.tr\/index.php\/wp-json\/wp\/v2\/product"}],"about":[{"href":"https:\/\/roveyayinevi.com.tr\/index.php\/wp-json\/wp\/v2\/types\/product"}],"wp:attachment":[{"href":"https:\/\/roveyayinevi.com.tr\/index.php\/wp-json\/wp\/v2\/media?parent=745499"}],"wp:term":[{"taxonomy":"product_brand","embeddable":true,"href":"https:\/\/roveyayinevi.com.tr\/index.php\/wp-json\/wp\/v2\/product_brand?post=745499"},{"taxonomy":"product_cat","embeddable":true,"href":"https:\/\/roveyayinevi.com.tr\/index.php\/wp-json\/wp\/v2\/product_cat?post=745499"},{"taxonomy":"product_tag","embeddable":true,"href":"https:\/\/roveyayinevi.com.tr\/index.php\/wp-json\/wp\/v2\/product_tag?post=745499"}],"curies":[{"name":"wp","href":"https:\/\/api.w.org\/{rel}","templated":true}]}}