{"id":745498,"date":"2025-08-28T02:21:18","date_gmt":"2025-08-27T23:21:18","guid":{"rendered":"https:\/\/roveyayinevi.com.tr\/index.php\/urun\/kendimle-karsilasmalar\/"},"modified":"2026-04-16T02:57:45","modified_gmt":"2026-04-15T23:57:45","slug":"kendimle-karsilasmalar","status":"publish","type":"product","link":"https:\/\/roveyayinevi.com.tr\/index.php\/urun\/kendimle-karsilasmalar\/","title":{"rendered":"Kendimle Kar\u015f\u0131la\u015fmalar"},"content":{"rendered":"<p>\u00c7ocuklar\u0131yla ili\u015fkileri hasarl\u0131 babalar\u0131n, \u201ciyi\u201d bir anne olmak i\u00e7in didinirken annesine d\u00f6n\u00fc\u015fmekten korkanlar\u0131n, hi\u00e7 beklenmedik bir anda \u00f6\u011frencisinin hayat\u0131n\u0131 de\u011fi\u015ftiren \u00f6\u011fretmenlerin, a\u015fk\u0131 \u00e7ok ge\u00e7 bulanlar\u0131n, bir t\u00fcrl\u00fc bulamayanlar\u0131n, aldat\u0131lanlar\u0131n, aldatanlar\u0131n, \u201c\u00f6teki\u201dlerin, \u201cmakbul olmayan\u201dlar\u0131n, hi\u00e7bir yere ait hissedemeyenlerin, \u015fiddete maruz b\u0131rak\u0131lanlar\u0131n, hayatta kalanlar\u0131n, geride kalanlar\u0131n, umudunu kaybedenlerin, ne\u015fesi \u00e7al\u0131nanlar\u0131n, yetinemeyenlerin ve mutlulu\u011fu arayanlar\u0131n hik\u00e2yelerinden yola \u00e7\u0131kan Psikiyatr Arzu Erkan, okurlar\u0131na geni\u015f ve i\u00e7ten bir ya\u015fam k\u0131lavuzu sunuyor. Empati, haset, \u00f6fke, keder, umut, a\u015fk, cinsellik ve bize dair bir\u00e7ok duygunun temeline yolculuk edece\u011finiz bu kitapta sizi pek \u00e7ok kar\u015f\u0131la\u015fma bekliyor. Zor ama belki de art\u0131k zaman\u0131 gelmi\u015f bir kar\u015f\u0131la\u015fma. <\/p>\n","protected":false},"excerpt":{"rendered":"<p>\u00c7ocuklar\u0131yla ili\u015fkileri hasarl\u0131 babalar\u0131n, \u201ciyi\u201d bir anne olmak i\u00e7in didinirken annesine d\u00f6n\u00fc\u015fmekten korkanlar\u0131n, hi\u00e7 beklenmedik bir anda \u00f6\u011frencisinin hayat\u0131n\u0131 de\u011fi\u015ftiren \u00f6\u011fretmenlerin, a\u015fk\u0131 \u00e7ok ge\u00e7 bulanlar\u0131n, bir<span class=\"excerpt-hellip\"> [\u2026]<\/span><\/p>\n","protected":false},"featured_media":0,"template":"","meta":{"_monsterinsights_skip_tracking":false,"_monsterinsights_sitenote_active":false,"_monsterinsights_sitenote_note":"","_monsterinsights_sitenote_category":0},"product_brand":[],"product_cat":[12777,12291],"product_tag":[],"class_list":{"0":"post-745498","1":"product","2":"type-product","3":"status-publish","5":"product_cat-deneme","6":"product_cat-edebiyat","7":"pa_cilt-ciltsiz","8":"pa_tur-kitap","9":"pa_yayinevi-kara-karga-yayinlari","10":"pa_yazar-arzu-erkan","12":"first","13":"instock","14":"sale","15":"shipping-taxable","16":"purchasable","17":"product-type-simple"},"_links":{"self":[{"href":"https:\/\/roveyayinevi.com.tr\/index.php\/wp-json\/wp\/v2\/product\/745498","targetHints":{"allow":["GET"]}}],"collection":[{"href":"https:\/\/roveyayinevi.com.tr\/index.php\/wp-json\/wp\/v2\/product"}],"about":[{"href":"https:\/\/roveyayinevi.com.tr\/index.php\/wp-json\/wp\/v2\/types\/product"}],"wp:attachment":[{"href":"https:\/\/roveyayinevi.com.tr\/index.php\/wp-json\/wp\/v2\/media?parent=745498"}],"wp:term":[{"taxonomy":"product_brand","embeddable":true,"href":"https:\/\/roveyayinevi.com.tr\/index.php\/wp-json\/wp\/v2\/product_brand?post=745498"},{"taxonomy":"product_cat","embeddable":true,"href":"https:\/\/roveyayinevi.com.tr\/index.php\/wp-json\/wp\/v2\/product_cat?post=745498"},{"taxonomy":"product_tag","embeddable":true,"href":"https:\/\/roveyayinevi.com.tr\/index.php\/wp-json\/wp\/v2\/product_tag?post=745498"}],"curies":[{"name":"wp","href":"https:\/\/api.w.org\/{rel}","templated":true}]}}