{"id":745497,"date":"2025-08-28T02:21:17","date_gmt":"2025-08-27T23:21:17","guid":{"rendered":"https:\/\/roveyayinevi.com.tr\/index.php\/urun\/gece-kusu-bir-yarasa-bir-kiza-asik-oldu\/"},"modified":"2026-04-16T02:57:45","modified_gmt":"2026-04-15T23:57:45","slug":"gece-kusu-bir-yarasa-bir-kiza-asik-oldu","status":"publish","type":"product","link":"https:\/\/roveyayinevi.com.tr\/index.php\/urun\/gece-kusu-bir-yarasa-bir-kiza-asik-oldu\/","title":{"rendered":"Gece Ku\u015fu &amp; Bir Yarasa Bir K\u0131za A\u015f\u0131k Oldu"},"content":{"rendered":"<p>\u201cBir g\u00fcn hepimizi ileride bekleyen \u00f6l\u00fcm, o kadar g\u00fczel olarak kanatlar\u0131n\u0131 a\u00e7m\u0131\u015ft\u0131 ki, uyand\u0131racak olsayd\u0131m, bu kanatlar\u0131n birdenbire havalanarak ba\u015fka bir tarafa gideceklerini zannediyordum.\u201dT\u00fcrk korku edebiyat\u0131n\u0131n de\u011feri ge\u00e7 anla\u015f\u0131lm\u0131\u015f kalemi Kenan Hulusi Koray\u2019dan, birlikte okunmas\u0131 olduk\u00e7a manidar iki tekinsiz \u00f6yk\u00fc: \u201cGece Ku\u015fu\u201d ve \u201cBir Yarasa Bir K\u0131za \u00c2\u015f\u0131k Oldu.\u201d\u00dclkemizde korku k\u00fclt\u00fcr\u00fcn\u00fcn \u00f6nemli ba\u015fvuru kaynaklar\u0131ndan Gerisi Hik\u00e2ye podcast program\u0131n\u0131 haz\u0131rlay\u0131p sunan yazarlar Demokan Atasoy, I\u015f\u0131n Beril Tetik ve Galip Dursun\u2019un sons\u00f6z\u00fcyle&#8230;<\/p>\n","protected":false},"excerpt":{"rendered":"<p>\u201cBir g\u00fcn hepimizi ileride bekleyen \u00f6l\u00fcm, o kadar g\u00fczel olarak kanatlar\u0131n\u0131 a\u00e7m\u0131\u015ft\u0131 ki, uyand\u0131racak olsayd\u0131m, bu kanatlar\u0131n birdenbire havalanarak ba\u015fka bir tarafa gideceklerini zannediyordum.\u201dT\u00fcrk korku edebiyat\u0131n\u0131n<span class=\"excerpt-hellip\"> [\u2026]<\/span><\/p>\n","protected":false},"featured_media":0,"template":"","meta":{"_monsterinsights_skip_tracking":false,"_monsterinsights_sitenote_active":false,"_monsterinsights_sitenote_note":"","_monsterinsights_sitenote_category":0},"product_brand":[],"product_cat":[12291,17033],"product_tag":[],"class_list":{"0":"post-745497","1":"product","2":"type-product","3":"status-publish","5":"product_cat-edebiyat","6":"product_cat-korku-gerilim","7":"pa_cilt-ciltsiz","8":"pa_tur-kitap","9":"pa_yayinevi-ithaki-yayinlari","10":"pa_yazar-kenan-hulusi-koray","12":"first","13":"instock","14":"sale","15":"shipping-taxable","16":"purchasable","17":"product-type-simple"},"_links":{"self":[{"href":"https:\/\/roveyayinevi.com.tr\/index.php\/wp-json\/wp\/v2\/product\/745497","targetHints":{"allow":["GET"]}}],"collection":[{"href":"https:\/\/roveyayinevi.com.tr\/index.php\/wp-json\/wp\/v2\/product"}],"about":[{"href":"https:\/\/roveyayinevi.com.tr\/index.php\/wp-json\/wp\/v2\/types\/product"}],"wp:attachment":[{"href":"https:\/\/roveyayinevi.com.tr\/index.php\/wp-json\/wp\/v2\/media?parent=745497"}],"wp:term":[{"taxonomy":"product_brand","embeddable":true,"href":"https:\/\/roveyayinevi.com.tr\/index.php\/wp-json\/wp\/v2\/product_brand?post=745497"},{"taxonomy":"product_cat","embeddable":true,"href":"https:\/\/roveyayinevi.com.tr\/index.php\/wp-json\/wp\/v2\/product_cat?post=745497"},{"taxonomy":"product_tag","embeddable":true,"href":"https:\/\/roveyayinevi.com.tr\/index.php\/wp-json\/wp\/v2\/product_tag?post=745497"}],"curies":[{"name":"wp","href":"https:\/\/api.w.org\/{rel}","templated":true}]}}