{"id":745495,"date":"2025-08-28T02:21:14","date_gmt":"2025-08-27T23:21:14","guid":{"rendered":"https:\/\/roveyayinevi.com.tr\/index.php\/urun\/afet-bir-league-of-legends-romani-ciltli\/"},"modified":"2025-11-21T08:33:45","modified_gmt":"2025-11-21T05:33:45","slug":"afet-bir-league-of-legends-romani-ciltli","status":"publish","type":"product","link":"https:\/\/roveyayinevi.com.tr\/index.php\/urun\/afet-bir-league-of-legends-romani-ciltli\/","title":{"rendered":"Afet: Bir League of Legends Roman\u0131 (Ciltli)"},"content":{"rendered":"<p>T\u00fcm zamanlar\u0131n en pop\u00fcler oyunlar\u0131ndan biri olan League of Legends evreninde ge\u00e7en ilk roman!Ge\u00e7mi\u015fi kana bo\u011fulmu\u015f Camavor ya\u015fam\u0131n zor oldu\u011fu bir \u00fclkedir. Katliam, \u00e2deta imparatorluk \u015f\u00f6valyelerinin g\u00f6lgesi gibi onlar\u0131 takip etmektedir.Kalista bunu de\u011fi\u015ftirmek niyetindedir. Gen\u00e7 ve narsist amcas\u0131 Viego tahta \u00e7\u0131kt\u0131\u011f\u0131nda, yeni kral\u0131n dan\u0131\u015fman\u0131 ve generali olarak Kalista onu dizginlemeye ant i\u00e7er. Ancak bir suikast\u00e7\u0131n\u0131n zehirli han\u00e7eri Viego\u2019nun e\u015fi Isolde\u2019yi hedef ald\u0131\u011f\u0131nda, Kalista\u2019n\u0131n t\u00fcm planlar\u0131 suya d\u00fc\u015fer zira Isolde, \u015fifas\u0131 olmayan bir hastal\u0131\u011fa yakalanm\u0131\u015ft\u0131r.Isolde\u2019nin durumu k\u00f6t\u00fcle\u015ftik\u00e7e, yas ve delilik Viego\u2019yu pen\u00e7esine alacak, Camavor\u2019un gelece\u011fini de tehdit etmeye ba\u015flayacakt\u0131r. Hem krall\u0131\u011f\u0131 hem de Isolde\u2019yi kurtarmak isteyen Kalista, \u00e7areyi kay\u0131p Kutlu Adalar\u2019\u0131 aramak i\u00e7in bir yolculu\u011fa \u00e7\u0131kmakta bulacakt\u0131r.Kalista, Viego\u2019ya duydu\u011fu sadakate ba\u011fl\u0131 m\u0131 kalacakt\u0131r, yoksa do\u011fru olan\u0131 yapmak i\u00e7in her \u015feyi tehlikeye mi atacakt\u0131r? Ne de olsa, zifiri karanl\u0131kta bile, tek bir iyilik d\u00fcnyay\u0131 kurtarmaya yetecek bir \u0131\u015f\u0131k sa\u00e7abilir.\u201cAfet, fantastik severleri mest edecek, aksiyon dolu bir hik\u00e2ye anlat\u0131yor.\u201d \u2013Anthony Ryan\u201cAfet, \u00e2deta bir Yunan tragedyas\u0131. Anthony Reynolds a\u015fk, kay\u0131p, sava\u015f ve \u00f6l\u00fcm dolu, dur durak bilmeyen bir \u00f6yk\u00fc kaleme alm\u0131\u015f.\u201d \u2013Evan Winter\u201cHem League of Legends\u2019a a\u015fina olanlara hem de bu d\u00fcnyaya yeni ad\u0131m atacaklara \u00f6nerimdir.\u201d \u2013James Islington<\/p>\n","protected":false},"excerpt":{"rendered":"<p>T\u00fcm zamanlar\u0131n en pop\u00fcler oyunlar\u0131ndan biri olan League of Legends evreninde ge\u00e7en ilk roman!Ge\u00e7mi\u015fi kana bo\u011fulmu\u015f Camavor ya\u015fam\u0131n zor oldu\u011fu bir \u00fclkedir. Katliam, \u00e2deta imparatorluk \u015f\u00f6valyelerinin<span class=\"excerpt-hellip\"> [\u2026]<\/span><\/p>\n","protected":false},"featured_media":0,"template":"","meta":{"_monsterinsights_skip_tracking":false,"_monsterinsights_sitenote_active":false,"_monsterinsights_sitenote_note":"","_monsterinsights_sitenote_category":0},"product_brand":[],"product_cat":[12291,14777],"product_tag":[],"class_list":{"0":"post-745495","1":"product","2":"type-product","3":"status-publish","5":"product_cat-edebiyat","6":"product_cat-fantastik","7":"pa_cilt-ciltli","8":"pa_tur-kitap","9":"pa_yayinevi-ithaki-yayinlari","10":"pa_yazar-anthony-reynolds","12":"first","13":"instock","14":"sale","15":"shipping-taxable","16":"purchasable","17":"product-type-simple"},"_links":{"self":[{"href":"https:\/\/roveyayinevi.com.tr\/index.php\/wp-json\/wp\/v2\/product\/745495","targetHints":{"allow":["GET"]}}],"collection":[{"href":"https:\/\/roveyayinevi.com.tr\/index.php\/wp-json\/wp\/v2\/product"}],"about":[{"href":"https:\/\/roveyayinevi.com.tr\/index.php\/wp-json\/wp\/v2\/types\/product"}],"wp:attachment":[{"href":"https:\/\/roveyayinevi.com.tr\/index.php\/wp-json\/wp\/v2\/media?parent=745495"}],"wp:term":[{"taxonomy":"product_brand","embeddable":true,"href":"https:\/\/roveyayinevi.com.tr\/index.php\/wp-json\/wp\/v2\/product_brand?post=745495"},{"taxonomy":"product_cat","embeddable":true,"href":"https:\/\/roveyayinevi.com.tr\/index.php\/wp-json\/wp\/v2\/product_cat?post=745495"},{"taxonomy":"product_tag","embeddable":true,"href":"https:\/\/roveyayinevi.com.tr\/index.php\/wp-json\/wp\/v2\/product_tag?post=745495"}],"curies":[{"name":"wp","href":"https:\/\/api.w.org\/{rel}","templated":true}]}}