{"id":745491,"date":"2025-08-28T02:21:09","date_gmt":"2025-08-27T23:21:09","guid":{"rendered":"https:\/\/roveyayinevi.com.tr\/index.php\/urun\/21nci-yuzyilin-ilk-ceyreginde-uluslararasi-basliklar\/"},"modified":"2026-04-16T02:57:45","modified_gmt":"2026-04-15T23:57:45","slug":"21nci-yuzyilin-ilk-ceyreginde-uluslararasi-basliklar","status":"publish","type":"product","link":"https:\/\/roveyayinevi.com.tr\/index.php\/urun\/21nci-yuzyilin-ilk-ceyreginde-uluslararasi-basliklar\/","title":{"rendered":"21nci Y\u00fczy\u0131l&#8217;\u0131n \u0130lk \u00c7eyre\u011finde Uluslararas\u0131 Ba\u015fl\u0131klar"},"content":{"rendered":"<p>21nci Y\u00fczy\u0131l&#8217;\u0131n \u0130lk \u00c7eyre\u011finde Uluslararas\u0131 Ba\u015fl\u0131klarTan\u0131t\u0131m Metni:<\/p>\n","protected":false},"excerpt":{"rendered":"<p>21nci Y\u00fczy\u0131l&#8217;\u0131n \u0130lk \u00c7eyre\u011finde Uluslararas\u0131 Ba\u015fl\u0131klarTan\u0131t\u0131m Metni:<\/p>\n","protected":false},"featured_media":0,"template":"","meta":{"_monsterinsights_skip_tracking":false,"_monsterinsights_sitenote_active":false,"_monsterinsights_sitenote_note":"","_monsterinsights_sitenote_category":0},"product_brand":[],"product_cat":[12573,12566],"product_tag":[],"class_list":{"0":"post-745491","1":"product","2":"type-product","3":"status-publish","5":"product_cat-akademik-kitaplar","6":"product_cat-egitim","7":"pa_cilt-ciltsiz","8":"pa_tur-kitap","9":"pa_yayinevi-soncag-akademik-kitaplar","10":"pa_yazar-ali-nazmi-cora-hakan-cora","12":"first","13":"instock","14":"sale","15":"shipping-taxable","16":"purchasable","17":"product-type-simple"},"_links":{"self":[{"href":"https:\/\/roveyayinevi.com.tr\/index.php\/wp-json\/wp\/v2\/product\/745491","targetHints":{"allow":["GET"]}}],"collection":[{"href":"https:\/\/roveyayinevi.com.tr\/index.php\/wp-json\/wp\/v2\/product"}],"about":[{"href":"https:\/\/roveyayinevi.com.tr\/index.php\/wp-json\/wp\/v2\/types\/product"}],"wp:attachment":[{"href":"https:\/\/roveyayinevi.com.tr\/index.php\/wp-json\/wp\/v2\/media?parent=745491"}],"wp:term":[{"taxonomy":"product_brand","embeddable":true,"href":"https:\/\/roveyayinevi.com.tr\/index.php\/wp-json\/wp\/v2\/product_brand?post=745491"},{"taxonomy":"product_cat","embeddable":true,"href":"https:\/\/roveyayinevi.com.tr\/index.php\/wp-json\/wp\/v2\/product_cat?post=745491"},{"taxonomy":"product_tag","embeddable":true,"href":"https:\/\/roveyayinevi.com.tr\/index.php\/wp-json\/wp\/v2\/product_tag?post=745491"}],"curies":[{"name":"wp","href":"https:\/\/api.w.org\/{rel}","templated":true}]}}