{"id":745490,"date":"2025-08-28T02:21:08","date_gmt":"2025-08-27T23:21:08","guid":{"rendered":"https:\/\/roveyayinevi.com.tr\/index.php\/urun\/miravita\/"},"modified":"2026-04-16T02:57:45","modified_gmt":"2026-04-15T23:57:45","slug":"miravita","status":"publish","type":"product","link":"https:\/\/roveyayinevi.com.tr\/index.php\/urun\/miravita\/","title":{"rendered":"Miravita"},"content":{"rendered":"<p>\u0130dama mahk\u00fbm edilecek vatansever bir komutan, psikolojisi bozuk bir psikolog, kahraman bir onba\u015f\u0131, bir hastane, hapishane ya da herkesin delili\u011finin a\u00e7\u0131\u011fa \u00e7\u0131kt\u0131\u011f\u0131 bir t\u0131marhane\u2026   Melek \u00c7elik taraf\u0131ndan kaleme al\u0131nan, sizi al\u0131p i\u00e7ine \u00e7eken, bilgi, g\u00f6zlem ve deneyim dolu bir eser\u2026 Okudu\u011funuz her sayfada, bir an \u00f6nce sonuna ula\u015fmak i\u00e7in daha da merakla okuyaca\u011f\u0131n\u0131z bir psikolojik roman\u2026   <\/p>\n","protected":false},"excerpt":{"rendered":"<p>\u0130dama mahk\u00fbm edilecek vatansever bir komutan, psikolojisi bozuk bir psikolog, kahraman bir onba\u015f\u0131, bir hastane, hapishane ya da herkesin delili\u011finin a\u00e7\u0131\u011fa \u00e7\u0131kt\u0131\u011f\u0131 bir t\u0131marhane\u2026 Melek \u00c7elik<span class=\"excerpt-hellip\"> [\u2026]<\/span><\/p>\n","protected":false},"featured_media":0,"template":"","meta":{"_monsterinsights_skip_tracking":false,"_monsterinsights_sitenote_active":false,"_monsterinsights_sitenote_note":"","_monsterinsights_sitenote_category":0},"product_brand":[],"product_cat":[12291,12711],"product_tag":[],"class_list":{"0":"post-745490","1":"product","2":"type-product","3":"status-publish","5":"product_cat-edebiyat","6":"product_cat-roman-oyku","7":"pa_cilt-ciltsiz","8":"pa_tur-kitap","9":"pa_yayinevi-myrina-yayinlari","10":"pa_yazar-melek-celik","12":"first","13":"instock","14":"sale","15":"shipping-taxable","16":"purchasable","17":"product-type-simple"},"_links":{"self":[{"href":"https:\/\/roveyayinevi.com.tr\/index.php\/wp-json\/wp\/v2\/product\/745490","targetHints":{"allow":["GET"]}}],"collection":[{"href":"https:\/\/roveyayinevi.com.tr\/index.php\/wp-json\/wp\/v2\/product"}],"about":[{"href":"https:\/\/roveyayinevi.com.tr\/index.php\/wp-json\/wp\/v2\/types\/product"}],"wp:attachment":[{"href":"https:\/\/roveyayinevi.com.tr\/index.php\/wp-json\/wp\/v2\/media?parent=745490"}],"wp:term":[{"taxonomy":"product_brand","embeddable":true,"href":"https:\/\/roveyayinevi.com.tr\/index.php\/wp-json\/wp\/v2\/product_brand?post=745490"},{"taxonomy":"product_cat","embeddable":true,"href":"https:\/\/roveyayinevi.com.tr\/index.php\/wp-json\/wp\/v2\/product_cat?post=745490"},{"taxonomy":"product_tag","embeddable":true,"href":"https:\/\/roveyayinevi.com.tr\/index.php\/wp-json\/wp\/v2\/product_tag?post=745490"}],"curies":[{"name":"wp","href":"https:\/\/api.w.org\/{rel}","templated":true}]}}