{"id":745488,"date":"2025-08-28T02:21:04","date_gmt":"2025-08-27T23:21:04","guid":{"rendered":"https:\/\/roveyayinevi.com.tr\/index.php\/urun\/kaybolan-yillar\/"},"modified":"2026-04-16T02:57:45","modified_gmt":"2026-04-15T23:57:45","slug":"kaybolan-yillar","status":"publish","type":"product","link":"https:\/\/roveyayinevi.com.tr\/index.php\/urun\/kaybolan-yillar\/","title":{"rendered":"Kaybolan Y\u0131llar"},"content":{"rendered":"<p>Anan\u0131 da al git. Kad\u0131n erkek e\u015fitli\u011fi f\u0131trata ters. Dekolte giyen kad\u0131nlar tecav\u00fcz\u00fc g\u00f6ze almal\u0131 Soka\u011fa \u00e7\u0131kmak demokratik hak de\u011fildir. Babalar gibi satar\u0131z. B\u00f6yle sanat\u0131n i\u00e7ine t\u00fck\u00fcr\u00fcr\u00fcm. Karakteri bozuk \u015fehit babalar\u0131 da var. Ben \u00fclkemi pazarlamakla m\u00fckellefim. \u0130\u015f kazalar\u0131 medeniyet g\u00f6stergesidir. Deve sidi\u011fi \u015fifal\u0131d\u0131r. Bu milletin oras\u0131na koyay\u0131m. Uygundur, ben size uydururum. *** Sen olsayd\u0131n bunlar olmayacak! *** ATAM seni nas\u0131l \u00f6zl\u00fcyoruz bir bilsen. <\/p>\n","protected":false},"excerpt":{"rendered":"<p>Anan\u0131 da al git. Kad\u0131n erkek e\u015fitli\u011fi f\u0131trata ters. Dekolte giyen kad\u0131nlar tecav\u00fcz\u00fc g\u00f6ze almal\u0131 Soka\u011fa \u00e7\u0131kmak demokratik hak de\u011fildir. Babalar gibi satar\u0131z. B\u00f6yle sanat\u0131n i\u00e7ine<span class=\"excerpt-hellip\"> [\u2026]<\/span><\/p>\n","protected":false},"featured_media":0,"template":"","meta":{"_monsterinsights_skip_tracking":false,"_monsterinsights_sitenote_active":false,"_monsterinsights_sitenote_note":"","_monsterinsights_sitenote_category":0},"product_brand":[],"product_cat":[18545,12291],"product_tag":[],"class_list":{"0":"post-745488","1":"product","2":"type-product","3":"status-publish","5":"product_cat-anlati","6":"product_cat-edebiyat","7":"pa_cilt-ciltsiz","8":"pa_tur-kitap","9":"pa_yayinevi-ayrikotu-yayinlari","10":"pa_yazar-atilla-gosterisli","12":"first","13":"instock","14":"sale","15":"shipping-taxable","16":"purchasable","17":"product-type-simple"},"_links":{"self":[{"href":"https:\/\/roveyayinevi.com.tr\/index.php\/wp-json\/wp\/v2\/product\/745488","targetHints":{"allow":["GET"]}}],"collection":[{"href":"https:\/\/roveyayinevi.com.tr\/index.php\/wp-json\/wp\/v2\/product"}],"about":[{"href":"https:\/\/roveyayinevi.com.tr\/index.php\/wp-json\/wp\/v2\/types\/product"}],"wp:attachment":[{"href":"https:\/\/roveyayinevi.com.tr\/index.php\/wp-json\/wp\/v2\/media?parent=745488"}],"wp:term":[{"taxonomy":"product_brand","embeddable":true,"href":"https:\/\/roveyayinevi.com.tr\/index.php\/wp-json\/wp\/v2\/product_brand?post=745488"},{"taxonomy":"product_cat","embeddable":true,"href":"https:\/\/roveyayinevi.com.tr\/index.php\/wp-json\/wp\/v2\/product_cat?post=745488"},{"taxonomy":"product_tag","embeddable":true,"href":"https:\/\/roveyayinevi.com.tr\/index.php\/wp-json\/wp\/v2\/product_tag?post=745488"}],"curies":[{"name":"wp","href":"https:\/\/api.w.org\/{rel}","templated":true}]}}