{"id":745486,"date":"2025-08-28T02:21:03","date_gmt":"2025-08-27T23:21:03","guid":{"rendered":"https:\/\/roveyayinevi.com.tr\/index.php\/urun\/yeni-bir-gun-dogarken-isigi-yakalamak\/"},"modified":"2026-04-16T02:57:45","modified_gmt":"2026-04-15T23:57:45","slug":"yeni-bir-gun-dogarken-isigi-yakalamak","status":"publish","type":"product","link":"https:\/\/roveyayinevi.com.tr\/index.php\/urun\/yeni-bir-gun-dogarken-isigi-yakalamak\/","title":{"rendered":"Yeni Bir G\u00fcn Do\u011farken I\u015f\u0131\u011f\u0131 Yakalamak"},"content":{"rendered":"<p>Kimi \u00e7ocuklar sa\u011fl\u0131kl\u0131 bir aile i\u00e7inde d\u00fcnyaya g\u00f6zlerini a\u00e7arken kimi \u00e7ocuklar bu deneyimden yoksun, aile yoksunlu\u011fu ile hayatlar\u0131na ba\u015flar ve \u00f6yle s\u00fcrd\u00fcr\u00fcrler. Bu yolculukta kurum bak\u0131m\u0131 aile yoksunlu\u011fu gereksinimine kar\u015f\u0131l\u0131k gelerek \u00f6nemli bir yer tutar. \u201cAile ortam\u0131na tan\u0131k olmayan bir \u00e7ocuk yeti\u015fkinli\u011finde nas\u0131l bir aile ve ebeveynlik in\u015fa eder? sorusu ile ba\u015flayan d\u00fc\u015f\u00fcnme s\u00fcreci bireylerin \u00e7ocukluk deneyimlerini, yeti\u015fkinlikte nas\u0131l anlamland\u0131rd\u0131klar\u0131n\u0131, ba\u015f etme kapasitelerini, duygular\u0131n\u0131, karar almalar\u0131n\u0131 anlamay\u0131 ve ke\u015ffetmeyi gerektirir. Bu kitap kurum bak\u0131m\u0131 deneyimi olan bireylerin ba\u011flanma kuram\u0131 \u00e7er\u00e7evesinde nas\u0131l bir hayat yolculu\u011fu s\u00fcrd\u00fc\u011f\u00fcne \u0131\u015f\u0131k tutmaktad\u0131r. Kurum bak\u0131m\u0131 ya\u015famlar\u0131 ve sonras\u0131ndaki hayatlar\u0131 onlar\u0131 yeni bir g\u00fcne haz\u0131rlamaktad\u0131r. Yeni bir g\u00fcn do\u011farken ise onlar\u0131n evlilik ya\u015famlar\u0131 ve aile ili\u015fkileri bu kitapta g\u00fcn \u0131\u015f\u0131\u011f\u0131na kavu\u015fmaktad\u0131r. Devlet korumas\u0131nda yeti\u015fenlerin ya\u015fam deneyimlerinden yola \u00e7\u0131k\u0131larak kaleme al\u0131nan bu kitap, kurum bak\u0131m\u0131 deneyiminden bir aile kurmaya do\u011fru olan yolculu\u011fu anlatmaktad\u0131r. Yeni bir g\u00fcn\u00fcn do\u011farken ya\u015fad\u0131\u011f\u0131 sanc\u0131l\u0131 s\u00fcreci okurken sizler de ya\u015fam\u0131n\u0131zdan izler bulmaya haz\u0131r m\u0131s\u0131n\u0131z? <\/p>\n","protected":false},"excerpt":{"rendered":"<p>Kimi \u00e7ocuklar sa\u011fl\u0131kl\u0131 bir aile i\u00e7inde d\u00fcnyaya g\u00f6zlerini a\u00e7arken kimi \u00e7ocuklar bu deneyimden yoksun, aile yoksunlu\u011fu ile hayatlar\u0131na ba\u015flar ve \u00f6yle s\u00fcrd\u00fcr\u00fcrler. Bu yolculukta kurum bak\u0131m\u0131<span class=\"excerpt-hellip\"> [\u2026]<\/span><\/p>\n","protected":false},"featured_media":0,"template":"","meta":{"_monsterinsights_skip_tracking":false,"_monsterinsights_sitenote_active":false,"_monsterinsights_sitenote_note":"","_monsterinsights_sitenote_category":0},"product_brand":[],"product_cat":[12325,12324],"product_tag":[],"class_list":{"0":"post-745486","1":"product","2":"type-product","3":"status-publish","5":"product_cat-diger-sosyoloji","6":"product_cat-sosyoloji","7":"pa_cilt-ciltsiz","8":"pa_tur-kitap","9":"pa_yayinevi-yeni-insan-yayinlari","10":"pa_yazar-tuba-yuceer-kardes-veli-duyan","12":"first","13":"instock","14":"sale","15":"shipping-taxable","16":"purchasable","17":"product-type-simple"},"_links":{"self":[{"href":"https:\/\/roveyayinevi.com.tr\/index.php\/wp-json\/wp\/v2\/product\/745486","targetHints":{"allow":["GET"]}}],"collection":[{"href":"https:\/\/roveyayinevi.com.tr\/index.php\/wp-json\/wp\/v2\/product"}],"about":[{"href":"https:\/\/roveyayinevi.com.tr\/index.php\/wp-json\/wp\/v2\/types\/product"}],"wp:attachment":[{"href":"https:\/\/roveyayinevi.com.tr\/index.php\/wp-json\/wp\/v2\/media?parent=745486"}],"wp:term":[{"taxonomy":"product_brand","embeddable":true,"href":"https:\/\/roveyayinevi.com.tr\/index.php\/wp-json\/wp\/v2\/product_brand?post=745486"},{"taxonomy":"product_cat","embeddable":true,"href":"https:\/\/roveyayinevi.com.tr\/index.php\/wp-json\/wp\/v2\/product_cat?post=745486"},{"taxonomy":"product_tag","embeddable":true,"href":"https:\/\/roveyayinevi.com.tr\/index.php\/wp-json\/wp\/v2\/product_tag?post=745486"}],"curies":[{"name":"wp","href":"https:\/\/api.w.org\/{rel}","templated":true}]}}