{"id":745484,"date":"2025-08-28T02:21:00","date_gmt":"2025-08-27T23:21:00","guid":{"rendered":"https:\/\/roveyayinevi.com.tr\/index.php\/urun\/vay-selami-abime\/"},"modified":"2026-04-16T02:57:45","modified_gmt":"2026-04-15T23:57:45","slug":"vay-selami-abime","status":"publish","type":"product","link":"https:\/\/roveyayinevi.com.tr\/index.php\/urun\/vay-selami-abime\/","title":{"rendered":"Vay Selami Abime!"},"content":{"rendered":"<p>Selami ilgin\u00e7 bir karakter, 42 ya\u015f\u0131nda, bir tekstil fabrikas\u0131nda \u00e7al\u0131\u015f\u0131yor. Pantolonlar\u0131n \u00fct\u00fcye gitmeden \u00f6nce iplerini temizliyor. Ama bir g\u00f6rseniz Selami\u2019de ki afray\u0131 tafray\u0131 sanki o olamasa fabrika kapanacak. Patronu Mahmut Bey, onu ac\u0131d\u0131\u011f\u0131 i\u00e7in i\u015fe alm\u0131\u015f, sonralar\u0131 da \u00e7ok sevmi\u015fti. Selami\u2019nin sonsuz kredisi vard\u0131 yan\u0131nda. Selami\u2019nin tek k\u00f6t\u00fc huyu kendisine g\u00fclenleri \u0131s\u0131rmas\u0131yd\u0131. Selami\u2019ye g\u00fclmemek ise neredeyse imk\u00e2ns\u0131zd\u0131. Yemye\u015fil bir a\u011f\u0131z, a\u011fz\u0131nda hemen hemen her renk ip\u2026 Tabi birka\u00e7 ki\u015fiyi \u0131s\u0131r\u0131nca herkes Selami\u2019den korkar olmu\u015ftu. Onu g\u00f6ren ya kafas\u0131n\u0131 \u00e7eviriyor ya da g\u00fclmemek i\u00e7in dudaklar\u0131n\u0131 \u0131s\u0131rarak, \u201cVay Selami abime! Selam abi.\u201d diyorlard\u0131. Selami de kendisinin sevilen say\u0131lan biri oldu\u011funu d\u00fc\u015f\u00fcn\u00fcyordu. Ama kitapta da okuyacaksan\u0131z, bazen kay\u0131npederinden, bazen belediye ba\u015fkan\u0131ndan tekme tokat dayak yedi\u011fi de olmuyor de\u011fildi.  K\u00e2h gece bek\u00e7isi, k\u00e2h ramazan davulcusu, k\u00e2h i\u00e7i\u015fleri bakanl\u0131\u011f\u0131 m\u00fcfetti\u015fi olan Selami\u2019yi \u00e7ok seveceksiniz.   <\/p>\n","protected":false},"excerpt":{"rendered":"<p>Selami ilgin\u00e7 bir karakter, 42 ya\u015f\u0131nda, bir tekstil fabrikas\u0131nda \u00e7al\u0131\u015f\u0131yor. Pantolonlar\u0131n \u00fct\u00fcye gitmeden \u00f6nce iplerini temizliyor. Ama bir g\u00f6rseniz Selami\u2019de ki afray\u0131 tafray\u0131 sanki o olamasa<span class=\"excerpt-hellip\"> [\u2026]<\/span><\/p>\n","protected":false},"featured_media":0,"template":"","meta":{"_monsterinsights_skip_tracking":false,"_monsterinsights_sitenote_active":false,"_monsterinsights_sitenote_note":"","_monsterinsights_sitenote_category":0},"product_brand":[],"product_cat":[12291,14825],"product_tag":[],"class_list":{"0":"post-745484","1":"product","2":"type-product","3":"status-publish","5":"product_cat-edebiyat","6":"product_cat-mizah","7":"pa_cilt-ciltsiz","8":"pa_tur-kitap","9":"pa_yayinevi-kirmizi-ada-yayinlari","10":"pa_yazar-osman-adatepe","12":"first","13":"instock","14":"sale","15":"shipping-taxable","16":"purchasable","17":"product-type-simple"},"_links":{"self":[{"href":"https:\/\/roveyayinevi.com.tr\/index.php\/wp-json\/wp\/v2\/product\/745484","targetHints":{"allow":["GET"]}}],"collection":[{"href":"https:\/\/roveyayinevi.com.tr\/index.php\/wp-json\/wp\/v2\/product"}],"about":[{"href":"https:\/\/roveyayinevi.com.tr\/index.php\/wp-json\/wp\/v2\/types\/product"}],"wp:attachment":[{"href":"https:\/\/roveyayinevi.com.tr\/index.php\/wp-json\/wp\/v2\/media?parent=745484"}],"wp:term":[{"taxonomy":"product_brand","embeddable":true,"href":"https:\/\/roveyayinevi.com.tr\/index.php\/wp-json\/wp\/v2\/product_brand?post=745484"},{"taxonomy":"product_cat","embeddable":true,"href":"https:\/\/roveyayinevi.com.tr\/index.php\/wp-json\/wp\/v2\/product_cat?post=745484"},{"taxonomy":"product_tag","embeddable":true,"href":"https:\/\/roveyayinevi.com.tr\/index.php\/wp-json\/wp\/v2\/product_tag?post=745484"}],"curies":[{"name":"wp","href":"https:\/\/api.w.org\/{rel}","templated":true}]}}