{"id":745482,"date":"2025-08-28T02:20:57","date_gmt":"2025-08-27T23:20:57","guid":{"rendered":"https:\/\/roveyayinevi.com.tr\/index.php\/urun\/yasam-nedir\/"},"modified":"2026-04-16T02:57:44","modified_gmt":"2026-04-15T23:57:44","slug":"yasam-nedir","status":"publish","type":"product","link":"https:\/\/roveyayinevi.com.tr\/index.php\/urun\/yasam-nedir\/","title":{"rendered":"Ya\u015fam Nedir?"},"content":{"rendered":"<p>Nobel \u00d6d\u00fcll\u00fc biliminsan\u0131 Paul Nurse bu kitapta ya\u015fam\u0131, biyolog olmayanlar\u0131n da anlayaca\u011f\u0131 \u015fekilde tan\u0131mlamak gibi zor bir g\u00f6revi \u00fcstleniyor. Biyolojinin temelindeki be\u015f b\u00fcy\u00fck fikri \u2013h\u00fccre, gen, do\u011fal se\u00e7ilim, kimya ve enformasyon olarak ya\u015fam\u2013 tane tane a\u00e7\u0131klay\u0131p t\u00fcm canl\u0131lar\u0131n ortak ke\u015fif yolculu\u011funun haritas\u0131n\u0131 \u00e7iziyor. \u201cH\u00fccre b\u00f6l\u00fcnmesini denetleyen baz\u0131 genlerin k\u00e2\u015fifi S\u00f6r Paul Nurse bu hayat dolu kitapta, biyolojinin derinliklerine dal\u0131p \u2018ya\u015fam\u2019\u0131n olmazsa olmaz be\u015f \u00f6zelli\u011fini g\u00fcn \u0131\u015f\u0131\u011f\u0131na \u00e7\u0131kar\u0131yor. Yazd\u0131klar\u0131 \u00f6ylesine bilgilendirici, her bir b\u00f6l\u00fcm \u00f6yle \u015fa\u015f\u0131rt\u0131c\u0131 ger\u00e7eklerle dolu ki kitab\u0131 elimden b\u0131rakamad\u0131m.\u201d SIDDHARTHA MUKHERJEE, GEN VE T\u00dcM HASTALIKLARIN \u015eAHI&#8217;NIN YAZARI <\/p>\n","protected":false},"excerpt":{"rendered":"<p>Nobel \u00d6d\u00fcll\u00fc biliminsan\u0131 Paul Nurse bu kitapta ya\u015fam\u0131, biyolog olmayanlar\u0131n da anlayaca\u011f\u0131 \u015fekilde tan\u0131mlamak gibi zor bir g\u00f6revi \u00fcstleniyor. Biyolojinin temelindeki be\u015f b\u00fcy\u00fck fikri \u2013h\u00fccre, gen,<span class=\"excerpt-hellip\"> [\u2026]<\/span><\/p>\n","protected":false},"featured_media":0,"template":"","meta":{"_monsterinsights_skip_tracking":false,"_monsterinsights_sitenote_active":false,"_monsterinsights_sitenote_note":"","_monsterinsights_sitenote_category":0},"product_brand":[],"product_cat":[13005,37328],"product_tag":[],"class_list":{"0":"post-745482","1":"product","2":"type-product","3":"status-publish","5":"product_cat-bilim-muhendislik","6":"product_cat-diger-bilim-muhendislik","7":"pa_cilt-ciltsiz","8":"pa_tur-kitap","9":"pa_yayinevi-domingo-yayinevi","10":"pa_yazar-paul-nurse","12":"first","13":"instock","14":"sale","15":"shipping-taxable","16":"purchasable","17":"product-type-simple"},"_links":{"self":[{"href":"https:\/\/roveyayinevi.com.tr\/index.php\/wp-json\/wp\/v2\/product\/745482","targetHints":{"allow":["GET"]}}],"collection":[{"href":"https:\/\/roveyayinevi.com.tr\/index.php\/wp-json\/wp\/v2\/product"}],"about":[{"href":"https:\/\/roveyayinevi.com.tr\/index.php\/wp-json\/wp\/v2\/types\/product"}],"wp:attachment":[{"href":"https:\/\/roveyayinevi.com.tr\/index.php\/wp-json\/wp\/v2\/media?parent=745482"}],"wp:term":[{"taxonomy":"product_brand","embeddable":true,"href":"https:\/\/roveyayinevi.com.tr\/index.php\/wp-json\/wp\/v2\/product_brand?post=745482"},{"taxonomy":"product_cat","embeddable":true,"href":"https:\/\/roveyayinevi.com.tr\/index.php\/wp-json\/wp\/v2\/product_cat?post=745482"},{"taxonomy":"product_tag","embeddable":true,"href":"https:\/\/roveyayinevi.com.tr\/index.php\/wp-json\/wp\/v2\/product_tag?post=745482"}],"curies":[{"name":"wp","href":"https:\/\/api.w.org\/{rel}","templated":true}]}}