{"id":745480,"date":"2025-08-28T02:20:55","date_gmt":"2025-08-27T23:20:55","guid":{"rendered":"https:\/\/roveyayinevi.com.tr\/index.php\/urun\/kafasi-karismislar-icin-arendt\/"},"modified":"2026-04-16T02:57:44","modified_gmt":"2026-04-15T23:57:44","slug":"kafasi-karismislar-icin-arendt","status":"publish","type":"product","link":"https:\/\/roveyayinevi.com.tr\/index.php\/urun\/kafasi-karismislar-icin-arendt\/","title":{"rendered":"Kafas\u0131 Kar\u0131\u015fm\u0131\u015flar \u0130\u00e7in Arendt"},"content":{"rendered":"<p>Hannah Arendt, yirminci y\u00fczy\u0131l\u0131n en etkili siyaset kuramc\u0131lar\u0131ndan biri olarak kabul edilmektedir. Yaz\u0131lar\u0131 bir dereceye kadar anla\u015f\u0131l\u0131r olsa da, \u00e7al\u0131\u015fmalar\u0131n\u0131n muazzam geni\u015fli\u011fi, onun d\u00fc\u015f\u00fcncesiyle ilk kez kar\u015f\u0131la\u015fan okurlar\u0131n \u00f6zel bir \u00e7aba g\u00f6stermesini gerekli k\u0131lar.   Kafas\u0131 Kar\u0131\u015fm\u0131\u015flar \u0130\u00e7in Arendt, bu son derece \u00f6nemli siyaset d\u00fc\u015f\u00fcn\u00fcr\u00fcne a\u00e7\u0131k, \u00f6zl\u00fc ve anla\u015f\u0131l\u0131r bir giri\u015f sunuyor. Arendt\u2019le ilk kez kar\u015f\u0131la\u015fan okurlar i\u00e7in haz\u0131rlanan bu kitap, onun kuram\u0131 ve en \u00f6nemli \u00e7al\u0131\u015fmalar\u0131yla birlikte, d\u00fc\u015f\u00fcnceleri hakk\u0131ndaki ba\u015fl\u0131ca ele\u015ftirileri ve tart\u0131\u015fmalar\u0131 da tematik bir d\u00fczen ve sistematik bir ak\u0131\u015f i\u00e7inde sergileyerek, Arendt\u2019in siyaseti yeni bir bi\u00e7imde tasavvur etmeye d\u00f6n\u00fck tutarl\u0131 bir \u00e7er\u00e7eve aray\u0131\u015f\u0131n\u0131 ortaya koyuyor.<\/p>\n","protected":false},"excerpt":{"rendered":"<p>Hannah Arendt, yirminci y\u00fczy\u0131l\u0131n en etkili siyaset kuramc\u0131lar\u0131ndan biri olarak kabul edilmektedir. Yaz\u0131lar\u0131 bir dereceye kadar anla\u015f\u0131l\u0131r olsa da, \u00e7al\u0131\u015fmalar\u0131n\u0131n muazzam geni\u015fli\u011fi, onun d\u00fc\u015f\u00fcncesiyle ilk kez<span class=\"excerpt-hellip\"> [\u2026]<\/span><\/p>\n","protected":false},"featured_media":0,"template":"","meta":{"_monsterinsights_skip_tracking":false,"_monsterinsights_sitenote_active":false,"_monsterinsights_sitenote_note":"","_monsterinsights_sitenote_category":0},"product_brand":[],"product_cat":[12388,15536],"product_tag":[],"class_list":{"0":"post-745480","1":"product","2":"type-product","3":"status-publish","5":"product_cat-felsefe","6":"product_cat-siyaset-felsefesi","7":"pa_cilt-ciltsiz","8":"pa_tur-kitap","9":"pa_yayinevi-dipnot-yayinlari","10":"pa_yazar-karin-a-fry","12":"first","13":"instock","14":"sale","15":"shipping-taxable","16":"purchasable","17":"product-type-simple"},"_links":{"self":[{"href":"https:\/\/roveyayinevi.com.tr\/index.php\/wp-json\/wp\/v2\/product\/745480","targetHints":{"allow":["GET"]}}],"collection":[{"href":"https:\/\/roveyayinevi.com.tr\/index.php\/wp-json\/wp\/v2\/product"}],"about":[{"href":"https:\/\/roveyayinevi.com.tr\/index.php\/wp-json\/wp\/v2\/types\/product"}],"wp:attachment":[{"href":"https:\/\/roveyayinevi.com.tr\/index.php\/wp-json\/wp\/v2\/media?parent=745480"}],"wp:term":[{"taxonomy":"product_brand","embeddable":true,"href":"https:\/\/roveyayinevi.com.tr\/index.php\/wp-json\/wp\/v2\/product_brand?post=745480"},{"taxonomy":"product_cat","embeddable":true,"href":"https:\/\/roveyayinevi.com.tr\/index.php\/wp-json\/wp\/v2\/product_cat?post=745480"},{"taxonomy":"product_tag","embeddable":true,"href":"https:\/\/roveyayinevi.com.tr\/index.php\/wp-json\/wp\/v2\/product_tag?post=745480"}],"curies":[{"name":"wp","href":"https:\/\/api.w.org\/{rel}","templated":true}]}}