{"id":745477,"date":"2025-08-28T02:20:51","date_gmt":"2025-08-27T23:20:51","guid":{"rendered":"https:\/\/roveyayinevi.com.tr\/index.php\/urun\/hirsiz-illuzyonu\/"},"modified":"2026-04-16T02:57:44","modified_gmt":"2026-04-15T23:57:44","slug":"hirsiz-illuzyonu","status":"publish","type":"product","link":"https:\/\/roveyayinevi.com.tr\/index.php\/urun\/hirsiz-illuzyonu\/","title":{"rendered":"H\u0131rs\u0131z \u0130ll\u00fczyonu"},"content":{"rendered":"<p>Romy, bir zamanlar yaln\u0131zca zenginlere hizmet eden yasalar\u0131 ve konforu art\u0131k herkese sunan devrimci bir soylunun, G\u00f6lge Lord\u2019un cariyesi olunca zorlu ya\u015fant\u0131s\u0131ndan kurtulur. B\u00fcy\u00fc yard\u0131m\u0131yla h\u0131rs\u0131zl\u0131k yaparken yakalanan karde\u015fi Neri\u2019nin hayat\u0131n\u0131 kurtaran tek \u015fey de Romy\u2019nin aristokratik etkisi ve kar\u015f\u0131l\u0131\u011f\u0131nda s\u00fcrg\u00fcn edilmesidir.   \u015eimdi Dilenciler Halkas\u0131\u2019na d\u00f6nm\u00fc\u015fken elinde kendisini ve karde\u015fi Neri\u2019yi hayatta tutmak i\u00e7in yaln\u0131zca zek\u00e2s\u0131 ve uzun zamand\u0131r saklad\u0131\u011f\u0131 b\u00fcy\u00fcs\u00fc kalm\u0131\u015ft\u0131r. Ancak G\u00f6lge Lord\u2019u devirerek i\u00e7 sava\u015f\u0131 tetikleyecek planlar ortaya \u00e7\u0131kt\u0131\u011f\u0131nda buna nas\u0131l engel olunaca\u011f\u0131n\u0131 yaln\u0131zca Romy bilmektedir. Bunu yapmak i\u00e7in de yeni m\u00fcttefiklerine g\u00fcvenmesi gerekecektir: H\u0131rs\u0131z karde\u015fine, bir k\u0131l\u0131\u00e7 ustas\u0131na ve bir demirciye. Ve onlar\u0131n, isyanc\u0131lar\u0131 mahk\u00fbm edebilecek tek \u015feye ihtiyac\u0131 olacakt\u0131r: B\u00fcy\u00fcye.   Romy, bir zamanlar yaln\u0131zca zenginlere hizmet eden yasalar\u0131 ve refah\u0131 herkese sunan devrimci bir soylunun, G\u00f6lge Lord\u2019un cariyesi olunca zorlu ya\u015fant\u0131s\u0131ndan kurtulur. <\/p>\n","protected":false},"excerpt":{"rendered":"<p>Romy, bir zamanlar yaln\u0131zca zenginlere hizmet eden yasalar\u0131 ve konforu art\u0131k herkese sunan devrimci bir soylunun, G\u00f6lge Lord\u2019un cariyesi olunca zorlu ya\u015fant\u0131s\u0131ndan kurtulur. B\u00fcy\u00fc yard\u0131m\u0131yla h\u0131rs\u0131zl\u0131k<span class=\"excerpt-hellip\"> [\u2026]<\/span><\/p>\n","protected":false},"featured_media":0,"template":"","meta":{"_monsterinsights_skip_tracking":false,"_monsterinsights_sitenote_active":false,"_monsterinsights_sitenote_note":"","_monsterinsights_sitenote_category":0},"product_brand":[],"product_cat":[12291,12711],"product_tag":[],"class_list":{"0":"post-745477","1":"product","2":"type-product","3":"status-publish","5":"product_cat-edebiyat","6":"product_cat-roman-oyku","7":"pa_cilt-ciltsiz","8":"pa_tur-kitap","9":"pa_yayinevi-sms-yayinlari","10":"pa_yazar-cate-glass","12":"first","13":"instock","14":"sale","15":"shipping-taxable","16":"purchasable","17":"product-type-simple"},"_links":{"self":[{"href":"https:\/\/roveyayinevi.com.tr\/index.php\/wp-json\/wp\/v2\/product\/745477","targetHints":{"allow":["GET"]}}],"collection":[{"href":"https:\/\/roveyayinevi.com.tr\/index.php\/wp-json\/wp\/v2\/product"}],"about":[{"href":"https:\/\/roveyayinevi.com.tr\/index.php\/wp-json\/wp\/v2\/types\/product"}],"wp:attachment":[{"href":"https:\/\/roveyayinevi.com.tr\/index.php\/wp-json\/wp\/v2\/media?parent=745477"}],"wp:term":[{"taxonomy":"product_brand","embeddable":true,"href":"https:\/\/roveyayinevi.com.tr\/index.php\/wp-json\/wp\/v2\/product_brand?post=745477"},{"taxonomy":"product_cat","embeddable":true,"href":"https:\/\/roveyayinevi.com.tr\/index.php\/wp-json\/wp\/v2\/product_cat?post=745477"},{"taxonomy":"product_tag","embeddable":true,"href":"https:\/\/roveyayinevi.com.tr\/index.php\/wp-json\/wp\/v2\/product_tag?post=745477"}],"curies":[{"name":"wp","href":"https:\/\/api.w.org\/{rel}","templated":true}]}}