{"id":745476,"date":"2025-08-28T02:20:49","date_gmt":"2025-08-27T23:20:49","guid":{"rendered":"https:\/\/roveyayinevi.com.tr\/index.php\/urun\/guzellik-uykusu-2\/"},"modified":"2026-04-16T02:57:44","modified_gmt":"2026-04-15T23:57:44","slug":"guzellik-uykusu-2","status":"publish","type":"product","link":"https:\/\/roveyayinevi.com.tr\/index.php\/urun\/guzellik-uykusu-2\/","title":{"rendered":"G\u00fczellik Uykusu"},"content":{"rendered":"<p>Kimim?.. Neyim?.. Hangi zamanday\u0131m?.. B\u00fct\u00fcn d\u00fcnya bunu biliyorken Laura kim oldu\u011funu hat\u0131rlayamamaktad\u0131r. \u00d6lmek \u00fczereyken tedavi edilene dek dondurulmu\u015ftur. Yani ger\u00e7ek bir \u201cUyuyan G\u00fczel\u201ddir. Peki k\u0131rk y\u0131l\u0131n ard\u0131ndan onu uyand\u0131r\u0131rsan\u0131z ne olur? Ge\u00e7mi\u015fteki ya\u015fant\u0131n\u0131zda olup biteni \u00e7\u00f6zmeye \u00e7al\u0131\u015f\u0131rken yeni bir hayat kurabilir misiniz? Teknolojiden uzak bir d\u00f6nemden gelen Laura\u2019y\u0131 f\u00fct\u00fcristik bir d\u00fcnyaya d\u00e2hil eden gerilim filmi tad\u0131nda bir hik\u00e2ye\u2026  <\/p>\n","protected":false},"excerpt":{"rendered":"<p>Kimim?.. Neyim?.. Hangi zamanday\u0131m?.. B\u00fct\u00fcn d\u00fcnya bunu biliyorken Laura kim oldu\u011funu hat\u0131rlayamamaktad\u0131r. \u00d6lmek \u00fczereyken tedavi edilene dek dondurulmu\u015ftur. Yani ger\u00e7ek bir \u201cUyuyan G\u00fczel\u201ddir. Peki k\u0131rk y\u0131l\u0131n<span class=\"excerpt-hellip\"> [\u2026]<\/span><\/p>\n","protected":false},"featured_media":0,"template":"","meta":{"_monsterinsights_skip_tracking":false,"_monsterinsights_sitenote_active":false,"_monsterinsights_sitenote_note":"","_monsterinsights_sitenote_category":0},"product_brand":[],"product_cat":[12291,12711],"product_tag":[],"class_list":{"0":"post-745476","1":"product","2":"type-product","3":"status-publish","5":"product_cat-edebiyat","6":"product_cat-roman-oyku","7":"pa_cilt-ciltsiz","8":"pa_tur-kitap","9":"pa_yayinevi-sms-yayinlari","10":"pa_yazar-kathryn-evans","12":"first","13":"instock","14":"sale","15":"shipping-taxable","16":"purchasable","17":"product-type-simple"},"_links":{"self":[{"href":"https:\/\/roveyayinevi.com.tr\/index.php\/wp-json\/wp\/v2\/product\/745476","targetHints":{"allow":["GET"]}}],"collection":[{"href":"https:\/\/roveyayinevi.com.tr\/index.php\/wp-json\/wp\/v2\/product"}],"about":[{"href":"https:\/\/roveyayinevi.com.tr\/index.php\/wp-json\/wp\/v2\/types\/product"}],"wp:attachment":[{"href":"https:\/\/roveyayinevi.com.tr\/index.php\/wp-json\/wp\/v2\/media?parent=745476"}],"wp:term":[{"taxonomy":"product_brand","embeddable":true,"href":"https:\/\/roveyayinevi.com.tr\/index.php\/wp-json\/wp\/v2\/product_brand?post=745476"},{"taxonomy":"product_cat","embeddable":true,"href":"https:\/\/roveyayinevi.com.tr\/index.php\/wp-json\/wp\/v2\/product_cat?post=745476"},{"taxonomy":"product_tag","embeddable":true,"href":"https:\/\/roveyayinevi.com.tr\/index.php\/wp-json\/wp\/v2\/product_tag?post=745476"}],"curies":[{"name":"wp","href":"https:\/\/api.w.org\/{rel}","templated":true}]}}