{"id":745475,"date":"2025-08-28T02:20:47","date_gmt":"2025-08-27T23:20:47","guid":{"rendered":"https:\/\/roveyayinevi.com.tr\/index.php\/urun\/gitme-2\/"},"modified":"2026-04-16T02:57:44","modified_gmt":"2026-04-15T23:57:44","slug":"gitme-2","status":"publish","type":"product","link":"https:\/\/roveyayinevi.com.tr\/index.php\/urun\/gitme-2\/","title":{"rendered":"Gitme"},"content":{"rendered":"<p>Babas\u0131n\u0131n \u00f6l\u00fcm\u00fcnden sonra Tom\u00e1s, k\u00f6t\u00fc \u015feylerin kendisi y\u00fcz\u00fcnden oldu\u011funa inan\u0131r; annesini ve arkada\u015flar\u0131n\u0131 korumak i\u00e7in t\u00fcm hayat\u0131 boyunca ya\u015fad\u0131\u011f\u0131 yeri terk etmeye karar verir.   Ancak \u00fclke bir kas\u0131rgaya yakalan\u0131r ve \u00e7ocuk kendisini g\u00fcn ge\u00e7tik\u00e7e harabelerin ve sellerin ortas\u0131nda, kay\u0131p ve \u00e7aresiz bulur.   Ama yine de b\u00f6yle bir trajedinin ortas\u0131nda en beklenmedik arkada\u015flar bulacakt\u0131r&#8230;   Gitme, kay\u0131p, kalp k\u0131r\u0131kl\u0131\u011f\u0131 ve arkada\u015fl\u0131\u011f\u0131n iyile\u015ftirici g\u00fcc\u00fc hakk\u0131nda etkileyici bir hik\u00e2ye.<\/p>\n","protected":false},"excerpt":{"rendered":"<p>Babas\u0131n\u0131n \u00f6l\u00fcm\u00fcnden sonra Tom\u00e1s, k\u00f6t\u00fc \u015feylerin kendisi y\u00fcz\u00fcnden oldu\u011funa inan\u0131r; annesini ve arkada\u015flar\u0131n\u0131 korumak i\u00e7in t\u00fcm hayat\u0131 boyunca ya\u015fad\u0131\u011f\u0131 yeri terk etmeye karar verir. Ancak \u00fclke<span class=\"excerpt-hellip\"> [\u2026]<\/span><\/p>\n","protected":false},"featured_media":0,"template":"","meta":{"_monsterinsights_skip_tracking":false,"_monsterinsights_sitenote_active":false,"_monsterinsights_sitenote_note":"","_monsterinsights_sitenote_category":0},"product_brand":[],"product_cat":[12291,12711],"product_tag":[],"class_list":{"0":"post-745475","1":"product","2":"type-product","3":"status-publish","5":"product_cat-edebiyat","6":"product_cat-roman-oyku","7":"pa_cilt-ciltsiz","8":"pa_tur-kitap","9":"pa_yayinevi-sms-yayinlari","10":"pa_yazar-david-machado","12":"first","13":"instock","14":"sale","15":"shipping-taxable","16":"purchasable","17":"product-type-simple"},"_links":{"self":[{"href":"https:\/\/roveyayinevi.com.tr\/index.php\/wp-json\/wp\/v2\/product\/745475","targetHints":{"allow":["GET"]}}],"collection":[{"href":"https:\/\/roveyayinevi.com.tr\/index.php\/wp-json\/wp\/v2\/product"}],"about":[{"href":"https:\/\/roveyayinevi.com.tr\/index.php\/wp-json\/wp\/v2\/types\/product"}],"wp:attachment":[{"href":"https:\/\/roveyayinevi.com.tr\/index.php\/wp-json\/wp\/v2\/media?parent=745475"}],"wp:term":[{"taxonomy":"product_brand","embeddable":true,"href":"https:\/\/roveyayinevi.com.tr\/index.php\/wp-json\/wp\/v2\/product_brand?post=745475"},{"taxonomy":"product_cat","embeddable":true,"href":"https:\/\/roveyayinevi.com.tr\/index.php\/wp-json\/wp\/v2\/product_cat?post=745475"},{"taxonomy":"product_tag","embeddable":true,"href":"https:\/\/roveyayinevi.com.tr\/index.php\/wp-json\/wp\/v2\/product_tag?post=745475"}],"curies":[{"name":"wp","href":"https:\/\/api.w.org\/{rel}","templated":true}]}}