{"id":745473,"date":"2025-08-28T02:20:45","date_gmt":"2025-08-27T23:20:45","guid":{"rendered":"https:\/\/roveyayinevi.com.tr\/index.php\/urun\/super-guc\/"},"modified":"2026-04-16T02:57:44","modified_gmt":"2026-04-15T23:57:44","slug":"super-guc","status":"publish","type":"product","link":"https:\/\/roveyayinevi.com.tr\/index.php\/urun\/super-guc\/","title":{"rendered":"S\u00fcper G\u00fc\u00e7"},"content":{"rendered":"<p>E\u011flenceli, anla\u015f\u0131l\u0131r, ilgin\u00e7 ve bilimsel&#8230;Yenilenebilir enerjiyi nas\u0131l kullanabilece\u011fimize ve nelere \u00f6zeng\u00f6stermemiz gerekti\u011fine dair hem \u00f6\u011fretici hem de ilgi \u00e7ekicibilgilerle dolu bu kitapta s\u00fcrd\u00fcr\u00fclebilir bir ya\u015fam i\u00e7in bir\u00e7okyol oldu\u011funu fark edeceksiniz. Hi\u00e7 hayatlar\u0131m\u0131z\u0131 ayd\u0131nlatan ve muhte\u015fem d\u00fcnyam\u0131zag\u00fc\u00e7 kayna\u011f\u0131 olan enerji hakk\u0131nda d\u00fc\u015f\u00fcnd\u00fcn\u00fcz m\u00fc?Enerjinin nas\u0131l \u00fcretildi\u011fini ke\u015ffetmek, gelece\u011fimize g\u00fc\u00e7 katan s\u00fcrd\u00fcr\u00fclebilir s\u00fcper g\u00fc\u00e7lerle tan\u0131\u015fmak ve \u0131\u015f\u0131l \u0131\u015f\u0131l bir gezintiye \u00e7\u0131kmak i\u00e7in haz\u0131r olun. \u00d6d\u00fcll\u00fc yazar Philip Bunting, sizleri yenilenebilir enerjinin b\u00fcy\u00fcleyici ve ilham verici d\u00fcnyas\u0131na davet ediyor.<\/p>\n","protected":false},"excerpt":{"rendered":"<p>E\u011flenceli, anla\u015f\u0131l\u0131r, ilgin\u00e7 ve bilimsel&#8230;Yenilenebilir enerjiyi nas\u0131l kullanabilece\u011fimize ve nelere \u00f6zeng\u00f6stermemiz gerekti\u011fine dair hem \u00f6\u011fretici hem de ilgi \u00e7ekicibilgilerle dolu bu kitapta s\u00fcrd\u00fcr\u00fclebilir bir ya\u015fam i\u00e7in<span class=\"excerpt-hellip\"> [\u2026]<\/span><\/p>\n","protected":false},"featured_media":0,"template":"","meta":{"_monsterinsights_skip_tracking":false,"_monsterinsights_sitenote_active":false,"_monsterinsights_sitenote_note":"","_monsterinsights_sitenote_category":0},"product_brand":[],"product_cat":[12274,15842],"product_tag":[],"class_list":{"0":"post-745473","1":"product","2":"type-product","3":"status-publish","5":"product_cat-cocuk-ve-genclik-kitaplari","6":"product_cat-egitici-kitaplar","7":"pa_cilt-ciltsiz","8":"pa_tur-kitap","9":"pa_yayinevi-masalperest-ozel-urun","10":"pa_yazar-philip-bunting","12":"first","13":"instock","14":"sale","15":"shipping-taxable","16":"purchasable","17":"product-type-simple"},"_links":{"self":[{"href":"https:\/\/roveyayinevi.com.tr\/index.php\/wp-json\/wp\/v2\/product\/745473","targetHints":{"allow":["GET"]}}],"collection":[{"href":"https:\/\/roveyayinevi.com.tr\/index.php\/wp-json\/wp\/v2\/product"}],"about":[{"href":"https:\/\/roveyayinevi.com.tr\/index.php\/wp-json\/wp\/v2\/types\/product"}],"wp:attachment":[{"href":"https:\/\/roveyayinevi.com.tr\/index.php\/wp-json\/wp\/v2\/media?parent=745473"}],"wp:term":[{"taxonomy":"product_brand","embeddable":true,"href":"https:\/\/roveyayinevi.com.tr\/index.php\/wp-json\/wp\/v2\/product_brand?post=745473"},{"taxonomy":"product_cat","embeddable":true,"href":"https:\/\/roveyayinevi.com.tr\/index.php\/wp-json\/wp\/v2\/product_cat?post=745473"},{"taxonomy":"product_tag","embeddable":true,"href":"https:\/\/roveyayinevi.com.tr\/index.php\/wp-json\/wp\/v2\/product_tag?post=745473"}],"curies":[{"name":"wp","href":"https:\/\/api.w.org\/{rel}","templated":true}]}}