{"id":745470,"date":"2025-08-28T02:20:41","date_gmt":"2025-08-27T23:20:41","guid":{"rendered":"https:\/\/roveyayinevi.com.tr\/index.php\/urun\/bilincli-ebeveynin-disiplin-anlayisi\/"},"modified":"2026-04-16T02:57:44","modified_gmt":"2026-04-15T23:57:44","slug":"bilincli-ebeveynin-disiplin-anlayisi","status":"publish","type":"product","link":"https:\/\/roveyayinevi.com.tr\/index.php\/urun\/bilincli-ebeveynin-disiplin-anlayisi\/","title":{"rendered":"Bilin\u00e7li Ebeveynin Disiplin Anlay\u0131\u015f\u0131"},"content":{"rendered":"<p>\u00c7ocu\u011funuzun sa\u011fl\u0131kl\u0131 geli\u015fimi i\u00e7in disiplinin gerekli oldu\u011funu biliyorsunuz. Ama bunu nas\u0131l yapacaks\u0131n\u0131z? Ba\u011f\u0131r\u0131p, \u00e7a\u011f\u0131rarak, ceza vererek ve sonu\u00e7ta boyun e\u011fmesini, itaat etmesini sa\u011flayarak yap\u0131lmamas\u0131 gerekti\u011fini de biliyorsunuz. Yine de \u00f6zellikle \u00e7at\u0131\u015fma anlar\u0131nda sakin kalmak kolay olmayabilir ama \u015fartt\u0131r; \u00e7ocu\u011fun yanl\u0131\u015f davran\u0131\u015flar\u0131na dikkatle yan\u0131t vermek ve duygusal fark\u0131ndal\u0131\u011f\u0131n\u0131, problem \u00e7\u00f6zme becerilerini geli\u015ftirmek bilin\u00e7li ebeveynli\u011fin temel ilkelerindendir. Bilin\u00e7li ebeveyn, en zor disiplin anlar\u0131n\u0131n, \u00e7ocu\u011fa en \u00f6nemli hayat dersini vermek, yani hepimizin insan oldu\u011funu \u00f6\u011fretmek i\u00e7in iyi birer f\u0131rsat olabilece\u011fini bilir. Bilin\u00e7li ebeveyn, olumsuz davran\u0131\u015f\u0131 \u00e7ocu\u011fun bir ihtiyac\u0131n\u0131 ifade etme \u00e7abas\u0131 olarak g\u00f6r\u00fcr, cezan\u0131n i\u015fe yaramayaca\u011f\u0131n\u0131, hatta y\u0131k\u0131c\u0131 olabilece\u011fini bilir ve \u00e7ocu\u011fa ihtiya\u00e7lar\u0131n\u0131 daha uygun yollarla ifade etmesi i\u00e7in yard\u0131m eder. Bilin\u00e7li ebeveyn, \u00e7ocuklar i\u00e7in rol modeli oldu\u011funu, \u00e7ocuklar\u0131n ebeveynlerini izleyerek duygular\u0131n\u0131 d\u00fczenlemeyi, \u015fefkat, empati ve affedicili\u011fin prati\u011fini \u00f6\u011frendi\u011fini bilerek davran\u0131r. \u0130taat veya boyun e\u011fdirmek de\u011fil sevgiyle, \u015fefkatle \u00f6z disiplin geli\u015ftirmek \u00f6zg\u00fcveni ve \u00f6zsayg\u0131s\u0131 geli\u015fmi\u015f birey olmaya giden yoldur. Bu yola ad\u0131m atan ebeveynler ve \u00e7ocuklar birbirlerini e\u011fitirken kendi kendilerine yetebildikleri daha sa\u011fl\u0131kl\u0131, huzurlu ve mutlu bir hayata do\u011fru ilerleyecektir. Yehudis Smith bu yol \u00fczerindeki engellerin nas\u0131l a\u015f\u0131laca\u011f\u0131n\u0131 anlat\u0131yor.<\/p>\n","protected":false},"excerpt":{"rendered":"<p>\u00c7ocu\u011funuzun sa\u011fl\u0131kl\u0131 geli\u015fimi i\u00e7in disiplinin gerekli oldu\u011funu biliyorsunuz. Ama bunu nas\u0131l yapacaks\u0131n\u0131z? Ba\u011f\u0131r\u0131p, \u00e7a\u011f\u0131rarak, ceza vererek ve sonu\u00e7ta boyun e\u011fmesini, itaat etmesini sa\u011flayarak yap\u0131lmamas\u0131 gerekti\u011fini de<span class=\"excerpt-hellip\"> [\u2026]<\/span><\/p>\n","protected":false},"featured_media":0,"template":"","meta":{"_monsterinsights_skip_tracking":false,"_monsterinsights_sitenote_active":false,"_monsterinsights_sitenote_note":"","_monsterinsights_sitenote_category":0},"product_brand":[],"product_cat":[17996,12364],"product_tag":[],"class_list":{"0":"post-745470","1":"product","2":"type-product","3":"status-publish","5":"product_cat-ebeveyn-kitaplari","6":"product_cat-genel-konular","7":"pa_cilt-ciltsiz","8":"pa_tur-kitap","9":"pa_yayinevi-kuraldisi-yayinevi","10":"pa_yazar-yehudis-smith","12":"first","13":"instock","14":"sale","15":"shipping-taxable","16":"purchasable","17":"product-type-simple"},"_links":{"self":[{"href":"https:\/\/roveyayinevi.com.tr\/index.php\/wp-json\/wp\/v2\/product\/745470","targetHints":{"allow":["GET"]}}],"collection":[{"href":"https:\/\/roveyayinevi.com.tr\/index.php\/wp-json\/wp\/v2\/product"}],"about":[{"href":"https:\/\/roveyayinevi.com.tr\/index.php\/wp-json\/wp\/v2\/types\/product"}],"wp:attachment":[{"href":"https:\/\/roveyayinevi.com.tr\/index.php\/wp-json\/wp\/v2\/media?parent=745470"}],"wp:term":[{"taxonomy":"product_brand","embeddable":true,"href":"https:\/\/roveyayinevi.com.tr\/index.php\/wp-json\/wp\/v2\/product_brand?post=745470"},{"taxonomy":"product_cat","embeddable":true,"href":"https:\/\/roveyayinevi.com.tr\/index.php\/wp-json\/wp\/v2\/product_cat?post=745470"},{"taxonomy":"product_tag","embeddable":true,"href":"https:\/\/roveyayinevi.com.tr\/index.php\/wp-json\/wp\/v2\/product_tag?post=745470"}],"curies":[{"name":"wp","href":"https:\/\/api.w.org\/{rel}","templated":true}]}}