{"id":745468,"date":"2025-08-28T02:20:39","date_gmt":"2025-08-27T23:20:39","guid":{"rendered":"https:\/\/roveyayinevi.com.tr\/index.php\/urun\/muzik-defteri-ciltli\/"},"modified":"2026-04-16T02:57:44","modified_gmt":"2026-04-15T23:57:44","slug":"muzik-defteri-ciltli","status":"publish","type":"product","link":"https:\/\/roveyayinevi.com.tr\/index.php\/urun\/muzik-defteri-ciltli\/","title":{"rendered":"M\u00fczik Defteri (Ciltli)"},"content":{"rendered":"<p>Alper Maral Yeni Bir \u0130mparatora Eski Bir Mar\u015f: Wagner\u2019den Williams\u2019a Star Wars Filminin  M\u00fczikleri Aysel Demir Bir Teorisyen Bir Besteci:  Jean Jacques Rousseau Bar\u0131\u015f Uzun Sembol Olarak M\u00fczikal Yap\u0131t Bertan Rona Raffaello\u2019nun Bir Yap\u0131t\u0131ndan Hareketle \u0130nsan ve Enstr\u00fcman Sesi D\u00fcalizmi Filiz Kamac\u0131o\u011flu Zoltan Kodaly ve M\u00fczik E\u011fitimi G\u00f6rkem Aytimur Bir Flan\u00f6r\u2019\u00fcn M\u00fczik Gezintisi Keysudar Sever M\u00fczik E\u011fitiminin \u0130ncelikleri Necati Giray T\u00fcrk M\u00fczi\u011fi Nota Sistemi \u00d6yk\u00fc Yan\u0131k Orta\u00e7a\u011fdan \u0130tibaren Do\u011fu Slavlar\u0131nda Lit\u00fcrjik M\u00fczik \u015eule Gece De\u011ferini Yaratan Bir Sanat T\u00fcr\u00fc Olarak M\u00fczik ve \u0130rade \u0130li\u015fkisi U\u011fur Ekren M\u00fczik Felsefesinde \u0130ncelemeler:  Johannes Brahms\u2019\u0131n M\u00fczi\u011finde Yans\u0131yan Duygu ve D\u00fc\u015f\u00fcnce Evreni <\/p>\n","protected":false},"excerpt":{"rendered":"<p>Alper Maral Yeni Bir \u0130mparatora Eski Bir Mar\u015f: Wagner\u2019den Williams\u2019a Star Wars Filminin M\u00fczikleri Aysel Demir Bir Teorisyen Bir Besteci: Jean Jacques Rousseau Bar\u0131\u015f Uzun Sembol<span class=\"excerpt-hellip\"> [\u2026]<\/span><\/p>\n","protected":false},"featured_media":0,"template":"","meta":{"_monsterinsights_skip_tracking":false,"_monsterinsights_sitenote_active":false,"_monsterinsights_sitenote_note":"","_monsterinsights_sitenote_category":0},"product_brand":[],"product_cat":[44608,12408],"product_tag":[],"class_list":{"0":"post-745468","1":"product","2":"type-product","3":"status-publish","5":"product_cat-diger-sanat","6":"product_cat-sanat","7":"pa_cilt-ciltli","8":"pa_tur-kitap","9":"pa_yayinevi-vakifbank-kultur-yayinlari","10":"pa_yazar-kolektif","12":"first","13":"instock","14":"sale","15":"shipping-taxable","16":"purchasable","17":"product-type-simple"},"_links":{"self":[{"href":"https:\/\/roveyayinevi.com.tr\/index.php\/wp-json\/wp\/v2\/product\/745468","targetHints":{"allow":["GET"]}}],"collection":[{"href":"https:\/\/roveyayinevi.com.tr\/index.php\/wp-json\/wp\/v2\/product"}],"about":[{"href":"https:\/\/roveyayinevi.com.tr\/index.php\/wp-json\/wp\/v2\/types\/product"}],"wp:attachment":[{"href":"https:\/\/roveyayinevi.com.tr\/index.php\/wp-json\/wp\/v2\/media?parent=745468"}],"wp:term":[{"taxonomy":"product_brand","embeddable":true,"href":"https:\/\/roveyayinevi.com.tr\/index.php\/wp-json\/wp\/v2\/product_brand?post=745468"},{"taxonomy":"product_cat","embeddable":true,"href":"https:\/\/roveyayinevi.com.tr\/index.php\/wp-json\/wp\/v2\/product_cat?post=745468"},{"taxonomy":"product_tag","embeddable":true,"href":"https:\/\/roveyayinevi.com.tr\/index.php\/wp-json\/wp\/v2\/product_tag?post=745468"}],"curies":[{"name":"wp","href":"https:\/\/api.w.org\/{rel}","templated":true}]}}