{"id":745461,"date":"2025-08-28T02:20:29","date_gmt":"2025-08-27T23:20:29","guid":{"rendered":"https:\/\/roveyayinevi.com.tr\/index.php\/urun\/cok-uzak-fazla-yakin\/"},"modified":"2026-04-16T02:57:43","modified_gmt":"2026-04-15T23:57:43","slug":"cok-uzak-fazla-yakin","status":"publish","type":"product","link":"https:\/\/roveyayinevi.com.tr\/index.php\/urun\/cok-uzak-fazla-yakin\/","title":{"rendered":"\u00c7ok Uzak Fazla Yak\u0131n"},"content":{"rendered":"<p>Do\u011fan\u0131n ola\u011fan\u00fcst\u00fc d\u00f6ng\u00fcs\u00fcn\u00fc fark eden k\u00fc\u00e7\u00fck bir k\u00e2\u015fifin maceras\u0131 ile tan\u0131\u015facaks\u0131n\u0131z bu kitapta. O uzakta g\u00f6r\u00fcnenler de ne? K\u0131rm\u0131z\u0131 u\u011fur b\u00f6ce\u011fi\u2026 \u00c7al\u0131\u015fkan ar\u0131\u2026 Mavi kelebek\u2026   Uzaktan farkl\u0131, yak\u0131ndan farkl\u0131 g\u00f6rmenin sihri\u2026 Farkl\u0131 g\u00f6r\u00fclen sadece canl\u0131lar ya da objeler mi? Sevin\u00e7lerimiz\u2026 Korkular\u0131m\u0131z\u2026 Ve daha niceleri\u2026 Daha iyi anlamak i\u00e7in ne yapmal\u0131?   ***   Nazmie Midilli, e\u011flenceli bir dille, uzak ve yak\u0131n kavramlar\u0131n\u0131 somut olarak ortaya koyarken, ayn\u0131 kavramlar\u0131n, olaylar\u0131 veya duygular\u0131 yorumlamak konusunda da fark\u0131ndal\u0131\u011f\u0131na davet ediyor \u00e7ocuklar\u0131.   *** \u201cDaha iyi anlamak i\u00e7in bazen yakla\u015fmak gerekebilir. Bazen de uzakla\u015fmak\u2026\u201d <\/p>\n","protected":false},"excerpt":{"rendered":"<p>Do\u011fan\u0131n ola\u011fan\u00fcst\u00fc d\u00f6ng\u00fcs\u00fcn\u00fc fark eden k\u00fc\u00e7\u00fck bir k\u00e2\u015fifin maceras\u0131 ile tan\u0131\u015facaks\u0131n\u0131z bu kitapta. O uzakta g\u00f6r\u00fcnenler de ne? K\u0131rm\u0131z\u0131 u\u011fur b\u00f6ce\u011fi\u2026 \u00c7al\u0131\u015fkan ar\u0131\u2026 Mavi kelebek\u2026 Uzaktan<span class=\"excerpt-hellip\"> [\u2026]<\/span><\/p>\n","protected":false},"featured_media":0,"template":"","meta":{"_monsterinsights_skip_tracking":false,"_monsterinsights_sitenote_active":false,"_monsterinsights_sitenote_note":"","_monsterinsights_sitenote_category":0},"product_brand":[],"product_cat":[12274,12284],"product_tag":[],"class_list":{"0":"post-745461","1":"product","2":"type-product","3":"status-publish","5":"product_cat-cocuk-ve-genclik-kitaplari","6":"product_cat-hikayeler","7":"pa_cilt-ciltsiz","8":"pa_tur-kitap","9":"pa_yayinevi-luna-cocuk-yayinlari","10":"pa_yazar-nazmie-midilli","12":"first","13":"instock","14":"sale","15":"shipping-taxable","16":"purchasable","17":"product-type-simple"},"_links":{"self":[{"href":"https:\/\/roveyayinevi.com.tr\/index.php\/wp-json\/wp\/v2\/product\/745461","targetHints":{"allow":["GET"]}}],"collection":[{"href":"https:\/\/roveyayinevi.com.tr\/index.php\/wp-json\/wp\/v2\/product"}],"about":[{"href":"https:\/\/roveyayinevi.com.tr\/index.php\/wp-json\/wp\/v2\/types\/product"}],"wp:attachment":[{"href":"https:\/\/roveyayinevi.com.tr\/index.php\/wp-json\/wp\/v2\/media?parent=745461"}],"wp:term":[{"taxonomy":"product_brand","embeddable":true,"href":"https:\/\/roveyayinevi.com.tr\/index.php\/wp-json\/wp\/v2\/product_brand?post=745461"},{"taxonomy":"product_cat","embeddable":true,"href":"https:\/\/roveyayinevi.com.tr\/index.php\/wp-json\/wp\/v2\/product_cat?post=745461"},{"taxonomy":"product_tag","embeddable":true,"href":"https:\/\/roveyayinevi.com.tr\/index.php\/wp-json\/wp\/v2\/product_tag?post=745461"}],"curies":[{"name":"wp","href":"https:\/\/api.w.org\/{rel}","templated":true}]}}