{"id":745460,"date":"2025-08-28T02:20:28","date_gmt":"2025-08-27T23:20:28","guid":{"rendered":"https:\/\/roveyayinevi.com.tr\/index.php\/urun\/bobo-tek-basina-uyurken\/"},"modified":"2026-04-03T03:00:46","modified_gmt":"2026-04-03T00:00:46","slug":"bobo-tek-basina-uyurken","status":"publish","type":"product","link":"https:\/\/roveyayinevi.com.tr\/index.php\/urun\/bobo-tek-basina-uyurken\/","title":{"rendered":"Bobo Tek Ba\u015f\u0131na Uyurken"},"content":{"rendered":"<p>Bobo, tek ba\u015f\u0131na yeme\u011fini yiyebiliyor, ayakkab\u0131lar\u0131n\u0131 giyebiliyor. Hatta sofra haz\u0131rlan\u0131rken tabaklar\u0131 tek ba\u015f\u0131na ta\u015f\u0131yabiliyor. Peki, Bobo tek ba\u015f\u0131na uyuyabilir mi? \u0130\u015fte bunu daha \u00f6nce hi\u00e7 denemedi. \u0130lk defa tek ba\u015f\u0131na uyuyaca\u011f\u0131 bu gecede, Bobo\u2019yla tan\u0131\u015fmaya haz\u0131r m\u0131s\u0131n? Ve belki de gezegenlerle! <\/p>\n","protected":false},"excerpt":{"rendered":"<p>Bobo, tek ba\u015f\u0131na yeme\u011fini yiyebiliyor, ayakkab\u0131lar\u0131n\u0131 giyebiliyor. Hatta sofra haz\u0131rlan\u0131rken tabaklar\u0131 tek ba\u015f\u0131na ta\u015f\u0131yabiliyor. Peki, Bobo tek ba\u015f\u0131na uyuyabilir mi? \u0130\u015fte bunu daha \u00f6nce hi\u00e7 denemedi.<span class=\"excerpt-hellip\"> [\u2026]<\/span><\/p>\n","protected":false},"featured_media":0,"template":"","meta":{"_monsterinsights_skip_tracking":false,"_monsterinsights_sitenote_active":false,"_monsterinsights_sitenote_note":"","_monsterinsights_sitenote_category":0},"product_brand":[],"product_cat":[12274,12284],"product_tag":[],"class_list":{"0":"post-745460","1":"product","2":"type-product","3":"status-publish","5":"product_cat-cocuk-ve-genclik-kitaplari","6":"product_cat-hikayeler","7":"pa_cilt-ciltsiz","8":"pa_tur-kitap","9":"pa_yayinevi-luna-cocuk-yayinlari","10":"pa_yazar-meltem-sahin-hassan","12":"first","13":"instock","14":"sale","15":"shipping-taxable","16":"purchasable","17":"product-type-simple"},"_links":{"self":[{"href":"https:\/\/roveyayinevi.com.tr\/index.php\/wp-json\/wp\/v2\/product\/745460","targetHints":{"allow":["GET"]}}],"collection":[{"href":"https:\/\/roveyayinevi.com.tr\/index.php\/wp-json\/wp\/v2\/product"}],"about":[{"href":"https:\/\/roveyayinevi.com.tr\/index.php\/wp-json\/wp\/v2\/types\/product"}],"wp:attachment":[{"href":"https:\/\/roveyayinevi.com.tr\/index.php\/wp-json\/wp\/v2\/media?parent=745460"}],"wp:term":[{"taxonomy":"product_brand","embeddable":true,"href":"https:\/\/roveyayinevi.com.tr\/index.php\/wp-json\/wp\/v2\/product_brand?post=745460"},{"taxonomy":"product_cat","embeddable":true,"href":"https:\/\/roveyayinevi.com.tr\/index.php\/wp-json\/wp\/v2\/product_cat?post=745460"},{"taxonomy":"product_tag","embeddable":true,"href":"https:\/\/roveyayinevi.com.tr\/index.php\/wp-json\/wp\/v2\/product_tag?post=745460"}],"curies":[{"name":"wp","href":"https:\/\/api.w.org\/{rel}","templated":true}]}}