{"id":745457,"date":"2025-08-28T02:20:24","date_gmt":"2025-08-27T23:20:24","guid":{"rendered":"https:\/\/roveyayinevi.com.tr\/index.php\/urun\/acik-parmak-pima\/"},"modified":"2026-04-16T02:57:43","modified_gmt":"2026-04-15T23:57:43","slug":"acik-parmak-pima","status":"publish","type":"product","link":"https:\/\/roveyayinevi.com.tr\/index.php\/urun\/acik-parmak-pima\/","title":{"rendered":"A\u00e7\u0131k Parmak Pima"},"content":{"rendered":"<p>\u0130\u00e7imizdeki g\u00fcc\u00fc ke\u015ffetmek i\u00e7in zor durumda kalmak m\u0131 gerekir? Do\u011fru zamanda, do\u011fru yerde bulunmak m\u0131? Yoksa hi\u00e7bir \u015feye ihtiyac\u0131m\u0131z yok mu?     Kapanmayan, a\u00e7\u0131k parmaklarla hayata ba\u015flayan yavru tersiyer Pima\u2019n\u0131n, ya\u015fad\u0131\u011f\u0131 ormanda \u00e7\u0131kan yang\u0131nda verdi\u011fi m\u00fccadele, belki de i\u00e7sel bir ke\u015fif yolculu\u011fudur. Eksik, farkl\u0131, yetenekli ya da yeteneksiz olman\u0131n \u00e7ok \u00f6tesinde ve \u00e7ok daha b\u00fcy\u00fck bir g\u00fc\u00e7ten bahsediyor Pima! \u00c7ocuk d\u00fcnyas\u0131na uygun bir hik\u00e2ye ile ve e\u011flenceli bir dille\u2026   Belki de t\u00fcm hayat\u0131m\u0131z boyunca yapabileceklerimizin fark\u0131nda de\u011filizdir. <\/p>\n","protected":false},"excerpt":{"rendered":"<p>\u0130\u00e7imizdeki g\u00fcc\u00fc ke\u015ffetmek i\u00e7in zor durumda kalmak m\u0131 gerekir? Do\u011fru zamanda, do\u011fru yerde bulunmak m\u0131? Yoksa hi\u00e7bir \u015feye ihtiyac\u0131m\u0131z yok mu? Kapanmayan, a\u00e7\u0131k parmaklarla hayata ba\u015flayan<span class=\"excerpt-hellip\"> [\u2026]<\/span><\/p>\n","protected":false},"featured_media":0,"template":"","meta":{"_monsterinsights_skip_tracking":false,"_monsterinsights_sitenote_active":false,"_monsterinsights_sitenote_note":"","_monsterinsights_sitenote_category":0},"product_brand":[],"product_cat":[12274,12284],"product_tag":[],"class_list":{"0":"post-745457","1":"product","2":"type-product","3":"status-publish","5":"product_cat-cocuk-ve-genclik-kitaplari","6":"product_cat-hikayeler","7":"pa_cilt-ciltsiz","8":"pa_tur-kitap","9":"pa_yayinevi-luna-cocuk-yayinlari","10":"pa_yazar-ayse-tekeli-karacayir","12":"first","13":"instock","14":"sale","15":"shipping-taxable","16":"purchasable","17":"product-type-simple"},"_links":{"self":[{"href":"https:\/\/roveyayinevi.com.tr\/index.php\/wp-json\/wp\/v2\/product\/745457","targetHints":{"allow":["GET"]}}],"collection":[{"href":"https:\/\/roveyayinevi.com.tr\/index.php\/wp-json\/wp\/v2\/product"}],"about":[{"href":"https:\/\/roveyayinevi.com.tr\/index.php\/wp-json\/wp\/v2\/types\/product"}],"wp:attachment":[{"href":"https:\/\/roveyayinevi.com.tr\/index.php\/wp-json\/wp\/v2\/media?parent=745457"}],"wp:term":[{"taxonomy":"product_brand","embeddable":true,"href":"https:\/\/roveyayinevi.com.tr\/index.php\/wp-json\/wp\/v2\/product_brand?post=745457"},{"taxonomy":"product_cat","embeddable":true,"href":"https:\/\/roveyayinevi.com.tr\/index.php\/wp-json\/wp\/v2\/product_cat?post=745457"},{"taxonomy":"product_tag","embeddable":true,"href":"https:\/\/roveyayinevi.com.tr\/index.php\/wp-json\/wp\/v2\/product_tag?post=745457"}],"curies":[{"name":"wp","href":"https:\/\/api.w.org\/{rel}","templated":true}]}}