{"id":745456,"date":"2025-08-28T02:20:23","date_gmt":"2025-08-27T23:20:23","guid":{"rendered":"https:\/\/roveyayinevi.com.tr\/index.php\/urun\/cesur-buyuyen-cocuklar\/"},"modified":"2026-04-16T02:57:43","modified_gmt":"2026-04-15T23:57:43","slug":"cesur-buyuyen-cocuklar","status":"publish","type":"product","link":"https:\/\/roveyayinevi.com.tr\/index.php\/urun\/cesur-buyuyen-cocuklar\/","title":{"rendered":"Cesur B\u00fcy\u00fcyen \u00c7ocuklar"},"content":{"rendered":"<p>Kayg\u0131l\u0131 bir \u00e7ocuk i\u00e7in en iyile\u015ftirici kaynak ebeveynidir. Ancak bug\u00fcn korku ve endi\u015fenin hakim oldu\u011fu bir \u00e7a\u011fda onlar\u0131n kayg\u0131lar\u0131n\u0131 ve anksiyetelerini yat\u0131\u015ft\u0131rmak her zaman kolay olmaz, ayn\u0131 zamanda cesaretlerini de g\u00fc\u00e7lendirmek gerekirD\u00fcnya \u00e7ap\u0131nda tan\u0131nan, \u00e7ocukluk korkusu ve kayg\u0131s\u0131 alan\u0131nda uzmanla\u015fm\u0131\u015f akademisyen Dr. Donna Pincus, Cesur B\u00fcy\u00fcyen \u00c7ocuklar kitab\u0131nda, g\u00fcnl\u00fck hayat\u0131n ola\u011fan stresine kar\u015f\u0131 a\u015f\u0131r\u0131 duyarl\u0131, kayg\u0131l\u0131 \u00e7ocuklar\u0131n ailelerinin kolayl\u0131kla uygulayabilece\u011fi y\u00f6ntemleri a\u00e7\u0131k bir dille anlat\u0131yor.\u00c7ocuklar\u0131n kayg\u0131lar\u0131n\u0131n ard\u0131ndaki ger\u00e7ek ihtiyac\u0131 anlaman\u0131n, onlar\u0131 daha cesur ve \u00f6zg\u00fcvenli hale getirmenin s\u0131rlar\u0131n\u0131 payla\u015f\u0131yor. Karma\u015f\u0131k bir \u00e7a\u011fda cesur bir \u00e7ocuk olmalar\u0131 i\u00e7in onlar\u0131 cesaret merdiveninde yukar\u0131ya t\u0131rmand\u0131r\u0131yor.Cesur B\u00fcy\u00fcyen \u00c7ocuklar, \u00e7ocuklarda kayg\u0131y\u0131 anlamak ve azaltmak isteyen ebeveynler, \u00f6\u011fretmenler ve t\u00fcm profesyoneller i\u00e7in \u00f6nemli bir ba\u015fucu rehberi.<\/p>\n","protected":false},"excerpt":{"rendered":"<p>Kayg\u0131l\u0131 bir \u00e7ocuk i\u00e7in en iyile\u015ftirici kaynak ebeveynidir. Ancak bug\u00fcn korku ve endi\u015fenin hakim oldu\u011fu bir \u00e7a\u011fda onlar\u0131n kayg\u0131lar\u0131n\u0131 ve anksiyetelerini yat\u0131\u015ft\u0131rmak her zaman kolay olmaz,<span class=\"excerpt-hellip\"> [\u2026]<\/span><\/p>\n","protected":false},"featured_media":0,"template":"","meta":{"_monsterinsights_skip_tracking":false,"_monsterinsights_sitenote_active":false,"_monsterinsights_sitenote_note":"","_monsterinsights_sitenote_category":0},"product_brand":[],"product_cat":[12831,12324],"product_tag":[],"class_list":{"0":"post-745456","1":"product","2":"type-product","3":"status-publish","5":"product_cat-aile-ve-cocuk","6":"product_cat-sosyoloji","7":"pa_cilt-ciltsiz","8":"pa_tur-kitap","9":"pa_yayinevi-serenad-yayinevi","10":"pa_yazar-donna-b-pincus","12":"first","13":"instock","14":"sale","15":"shipping-taxable","16":"purchasable","17":"product-type-simple"},"_links":{"self":[{"href":"https:\/\/roveyayinevi.com.tr\/index.php\/wp-json\/wp\/v2\/product\/745456","targetHints":{"allow":["GET"]}}],"collection":[{"href":"https:\/\/roveyayinevi.com.tr\/index.php\/wp-json\/wp\/v2\/product"}],"about":[{"href":"https:\/\/roveyayinevi.com.tr\/index.php\/wp-json\/wp\/v2\/types\/product"}],"wp:attachment":[{"href":"https:\/\/roveyayinevi.com.tr\/index.php\/wp-json\/wp\/v2\/media?parent=745456"}],"wp:term":[{"taxonomy":"product_brand","embeddable":true,"href":"https:\/\/roveyayinevi.com.tr\/index.php\/wp-json\/wp\/v2\/product_brand?post=745456"},{"taxonomy":"product_cat","embeddable":true,"href":"https:\/\/roveyayinevi.com.tr\/index.php\/wp-json\/wp\/v2\/product_cat?post=745456"},{"taxonomy":"product_tag","embeddable":true,"href":"https:\/\/roveyayinevi.com.tr\/index.php\/wp-json\/wp\/v2\/product_tag?post=745456"}],"curies":[{"name":"wp","href":"https:\/\/api.w.org\/{rel}","templated":true}]}}