{"id":745454,"date":"2025-08-28T02:20:20","date_gmt":"2025-08-27T23:20:20","guid":{"rendered":"https:\/\/roveyayinevi.com.tr\/index.php\/urun\/suclu-kiz-kardes\/"},"modified":"2026-04-16T02:57:43","modified_gmt":"2026-04-15T23:57:43","slug":"suclu-kiz-kardes","status":"publish","type":"product","link":"https:\/\/roveyayinevi.com.tr\/index.php\/urun\/suclu-kiz-kardes\/","title":{"rendered":"Su\u00e7lu K\u0131z Karde\u015f"},"content":{"rendered":"<p>Sara, k\u00f6pe\u011fini gezdirdi\u011fi Central Park\u2019ta Bradley ile tan\u0131\u015f\u0131r. Bradley, yaln\u0131zca \u015f\u0131k giyimli ve yak\u0131\u015f\u0131kl\u0131 olmakla kalmay\u0131p ayn\u0131 zamanda Wall Street\u2019te \u00e7al\u0131\u015fan, New York\u2019un g\u00f6steri\u015fli binalar\u0131ndan birinin \u00e7at\u0131 kat\u0131 dairesinde ya\u015fayan g\u00f6zde bir bek\u00e2rd\u0131r. S\u0131k s\u0131k g\u00f6r\u00fc\u015fmeye ba\u015flayan ikili zaman ge\u00e7tik\u00e7e ili\u015fkilerinde a\u015fama kaydeder. Sara, Bradley\u2019yi ailesiyle tan\u0131\u015ft\u0131rmak i\u00e7in ak\u015fam yeme\u011fine davet eder. Yeni sevgilisini yak\u0131ndan tan\u0131mak i\u00e7in yan\u0131p tutu\u015fan Bradley, davete hevesle gitse de yemek s\u0131ras\u0131nda \u00f6\u011frendi\u011fi bilgi onu \u00e7ok \u015fa\u015f\u0131rt\u0131r: Sara\u2019n\u0131n Cecelia ad\u0131nda t\u0131pat\u0131p benzeyen ikizi vard\u0131r. \u0130yi de, neden bunca zamand\u0131r kimse ondan bahsetmemi\u015ftir? Bir tarafta tekd\u00fcze ya\u015fant\u0131s\u0131 ve s\u0131radan g\u00f6r\u00fcn\u00fc\u015f\u00fcyle Bradley\u2019nin g\u00f6nl\u00fcne girmeyi ba\u015farm\u0131\u015f Sara, di\u011fer yanda egzotik plajlardan bikinili foto\u011fraflar payla\u015farak Instagram\u2019da y\u00fcz binlerce takip\u00e7i edinen \u015feytan t\u00fcyl\u00fc ikizi Cecelia&#8230; Bradley, bu kadar benzemelerine ra\u011fmen b\u00f6ylesine z\u0131t iki k\u0131z karde\u015fin aras\u0131ndan hasar almadan kurtulabilecek mi? New York\u2019un \u015f\u0131k mek\u00e2nlar\u0131ndan polis karakoluna uzanan Su\u00e7lu K\u0131z Karde\u015f, gerilim dozunu son sayfas\u0131na kadar koruyan bir roman.<\/p>\n","protected":false},"excerpt":{"rendered":"<p>Sara, k\u00f6pe\u011fini gezdirdi\u011fi Central Park\u2019ta Bradley ile tan\u0131\u015f\u0131r. Bradley, yaln\u0131zca \u015f\u0131k giyimli ve yak\u0131\u015f\u0131kl\u0131 olmakla kalmay\u0131p ayn\u0131 zamanda Wall Street\u2019te \u00e7al\u0131\u015fan, New York\u2019un g\u00f6steri\u015fli binalar\u0131ndan birinin<span class=\"excerpt-hellip\"> [\u2026]<\/span><\/p>\n","protected":false},"featured_media":0,"template":"","meta":{"_monsterinsights_skip_tracking":false,"_monsterinsights_sitenote_active":false,"_monsterinsights_sitenote_note":"","_monsterinsights_sitenote_category":0},"product_brand":[],"product_cat":[12291,17033],"product_tag":[],"class_list":{"0":"post-745454","1":"product","2":"type-product","3":"status-publish","5":"product_cat-edebiyat","6":"product_cat-korku-gerilim","7":"pa_cilt-ciltsiz","8":"pa_tur-kitap","9":"pa_yayinevi-nemesis-kitap","10":"pa_yazar-arianne-richmonde","12":"first","13":"instock","14":"sale","15":"shipping-taxable","16":"purchasable","17":"product-type-simple"},"_links":{"self":[{"href":"https:\/\/roveyayinevi.com.tr\/index.php\/wp-json\/wp\/v2\/product\/745454","targetHints":{"allow":["GET"]}}],"collection":[{"href":"https:\/\/roveyayinevi.com.tr\/index.php\/wp-json\/wp\/v2\/product"}],"about":[{"href":"https:\/\/roveyayinevi.com.tr\/index.php\/wp-json\/wp\/v2\/types\/product"}],"wp:attachment":[{"href":"https:\/\/roveyayinevi.com.tr\/index.php\/wp-json\/wp\/v2\/media?parent=745454"}],"wp:term":[{"taxonomy":"product_brand","embeddable":true,"href":"https:\/\/roveyayinevi.com.tr\/index.php\/wp-json\/wp\/v2\/product_brand?post=745454"},{"taxonomy":"product_cat","embeddable":true,"href":"https:\/\/roveyayinevi.com.tr\/index.php\/wp-json\/wp\/v2\/product_cat?post=745454"},{"taxonomy":"product_tag","embeddable":true,"href":"https:\/\/roveyayinevi.com.tr\/index.php\/wp-json\/wp\/v2\/product_tag?post=745454"}],"curies":[{"name":"wp","href":"https:\/\/api.w.org\/{rel}","templated":true}]}}