{"id":745452,"date":"2025-08-28T02:20:16","date_gmt":"2025-08-27T23:20:16","guid":{"rendered":"https:\/\/roveyayinevi.com.tr\/index.php\/urun\/mico\/"},"modified":"2026-04-16T02:57:43","modified_gmt":"2026-04-15T23:57:43","slug":"mico","status":"publish","type":"product","link":"https:\/\/roveyayinevi.com.tr\/index.php\/urun\/mico\/","title":{"rendered":"Mi\u00e7o"},"content":{"rendered":"<p>\u201c\u00c7aresizlik, elinde kalan en berbat se\u00e7ene\u011fin bile,bir y\u0131ld\u0131z gibi parlamas\u0131na neden oluyordu.\u00c7aresizdi. Hem de dibine kadar!\u201dAma bu, en g\u00fcvendi\u011finden s\u0131rt\u0131na darbe alan Ela\u2019y\u0131 y\u0131ld\u0131rmad\u0131. Ya\u015fad\u0131\u011f\u0131 korkun\u00e7 geceden sonra iki se\u00e7ene\u011fi vard\u0131; ya \u00f6lecekti ya da m\u00fccadele edecekti. Ve o, zor olan\u0131 se\u00e7ti. Sava\u015ft\u0131.Hem gelece\u011fiyle, hem bug\u00fcn\u00fcyle hem ge\u00e7mi\u015fiyle\u2026Bir de kar\u015f\u0131s\u0131na \u00e7\u0131kt\u0131\u011f\u0131nda kendisinden nefret eden Mira\u00e7 \u00c7al\u0131\u015f\u2019a kar\u015f\u0131 verdi\u011fi m\u00fccadele vard\u0131. Belki de bu, onun sava\u015f\u0131n\u0131n en zorlu etab\u0131yd\u0131. E\u011fer Ela, Mira\u00e7\u2019la girdi\u011fi bu yo\u011fun \u00e7arp\u0131\u015fmadan galip gelirse, belki de b\u00fct\u00fcn d\u00fcnyaya kar\u015f\u0131 kendisini galip sayacakt\u0131. \u00c7\u00fcnk\u00fc Mira\u00e7 \u00c7al\u0131\u015f, istedi\u011fi zaman hayat\u0131n en zorlu s\u0131nav\u0131 olabiliyordu.<\/p>\n","protected":false},"excerpt":{"rendered":"<p>\u201c\u00c7aresizlik, elinde kalan en berbat se\u00e7ene\u011fin bile,bir y\u0131ld\u0131z gibi parlamas\u0131na neden oluyordu.\u00c7aresizdi. Hem de dibine kadar!\u201dAma bu, en g\u00fcvendi\u011finden s\u0131rt\u0131na darbe alan Ela\u2019y\u0131 y\u0131ld\u0131rmad\u0131. Ya\u015fad\u0131\u011f\u0131 korkun\u00e7<span class=\"excerpt-hellip\"> [\u2026]<\/span><\/p>\n","protected":false},"featured_media":0,"template":"","meta":{"_monsterinsights_skip_tracking":false,"_monsterinsights_sitenote_active":false,"_monsterinsights_sitenote_note":"","_monsterinsights_sitenote_category":0},"product_brand":[],"product_cat":[12291,12711],"product_tag":[],"class_list":{"0":"post-745452","1":"product","2":"type-product","3":"status-publish","5":"product_cat-edebiyat","6":"product_cat-roman-oyku","7":"pa_cilt-ciltsiz","8":"pa_tur-kitap","9":"pa_yayinevi-nemesis-kitap","10":"pa_yazar-selvi-atici","12":"first","13":"instock","14":"sale","15":"shipping-taxable","16":"purchasable","17":"product-type-simple"},"_links":{"self":[{"href":"https:\/\/roveyayinevi.com.tr\/index.php\/wp-json\/wp\/v2\/product\/745452","targetHints":{"allow":["GET"]}}],"collection":[{"href":"https:\/\/roveyayinevi.com.tr\/index.php\/wp-json\/wp\/v2\/product"}],"about":[{"href":"https:\/\/roveyayinevi.com.tr\/index.php\/wp-json\/wp\/v2\/types\/product"}],"wp:attachment":[{"href":"https:\/\/roveyayinevi.com.tr\/index.php\/wp-json\/wp\/v2\/media?parent=745452"}],"wp:term":[{"taxonomy":"product_brand","embeddable":true,"href":"https:\/\/roveyayinevi.com.tr\/index.php\/wp-json\/wp\/v2\/product_brand?post=745452"},{"taxonomy":"product_cat","embeddable":true,"href":"https:\/\/roveyayinevi.com.tr\/index.php\/wp-json\/wp\/v2\/product_cat?post=745452"},{"taxonomy":"product_tag","embeddable":true,"href":"https:\/\/roveyayinevi.com.tr\/index.php\/wp-json\/wp\/v2\/product_tag?post=745452"}],"curies":[{"name":"wp","href":"https:\/\/api.w.org\/{rel}","templated":true}]}}