{"id":745451,"date":"2025-08-28T02:20:15","date_gmt":"2025-08-27T23:20:15","guid":{"rendered":"https:\/\/roveyayinevi.com.tr\/index.php\/urun\/2023-astrosifa-ajandasi\/"},"modified":"2026-04-16T02:57:43","modified_gmt":"2026-04-15T23:57:43","slug":"2023-astrosifa-ajandasi","status":"publish","type":"product","link":"https:\/\/roveyayinevi.com.tr\/index.php\/urun\/2023-astrosifa-ajandasi\/","title":{"rendered":"2023 Astro\u015fifa Ajandas\u0131"},"content":{"rendered":"<p>Hayallerinizi ger\u00e7e\u011fe \u00e7evirin. Yapabilece\u011finizi biliyorsunuz! Karanl\u0131k ve belirsiz senelerden ge\u00e7tik. Uzun s\u00fcredir umutla bu y\u0131l\u0131 bekliyorduk. Ve en nihayetinde hayat yolculu\u011fumuzda kendimizi ke\u015ffedece\u011fimiz bir d\u00f6neme giriyoruz. 2023 senesi kendi s\u0131n\u0131rlar\u0131m\u0131z\u0131 \u00e7izdi\u011fimiz bir sene. \u0130nsan bazen kendine olan inanc\u0131n\u0131 kaybeder. Devam edebilmek i\u00e7in birinin ona inanmas\u0131n\u0131, tek bir s\u00f6z s\u00f6ylemesini ister. \u0130\u015fte tam o anda art\u0131k kimseye ihtiyac\u0131n\u0131z yoktur. Bu ajanday\u0131 yan\u0131n\u0131zdan ay\u0131rmay\u0131n ve i\u015faretleri takip edin. Y\u0131ld\u0131zlar sizin i\u00e7in parlam\u0131yor diye umutsuzlu\u011fa d\u00fc\u015ft\u00fc\u011f\u00fcn\u00fczde, bu ajandadan alaca\u011f\u0131n\u0131z yard\u0131m size harika tecr\u00fcbeler kazand\u0131racak. \u00c7\u00fcnk\u00fc bu kitap size, herkes uykudayken g\u00fcn do\u011fumunu izlemeye gitmek gibi bir his verecek\u2026 I\u015f\u0131\u011f\u0131n\u0131z\u0131 parlat\u0131n \u00e7\u00fcnk\u00fc siz en parlak y\u0131ld\u0131zs\u0131n\u0131z\u2026<\/p>\n","protected":false},"excerpt":{"rendered":"<p>Hayallerinizi ger\u00e7e\u011fe \u00e7evirin. Yapabilece\u011finizi biliyorsunuz! Karanl\u0131k ve belirsiz senelerden ge\u00e7tik. Uzun s\u00fcredir umutla bu y\u0131l\u0131 bekliyorduk. Ve en nihayetinde hayat yolculu\u011fumuzda kendimizi ke\u015ffedece\u011fimiz bir d\u00f6neme giriyoruz.<span class=\"excerpt-hellip\"> [\u2026]<\/span><\/p>\n","protected":false},"featured_media":0,"template":"","meta":{"_monsterinsights_skip_tracking":false,"_monsterinsights_sitenote_active":false,"_monsterinsights_sitenote_note":"","_monsterinsights_sitenote_category":0},"product_brand":[],"product_cat":[18082,15563],"product_tag":[],"class_list":{"0":"post-745451","1":"product","2":"type-product","3":"status-publish","5":"product_cat-astroloji-fal-ruya","6":"product_cat-hobi","7":"pa_cilt-ciltsiz","8":"pa_tur-kitap","9":"pa_yayinevi-inkilap-kitabevi","10":"pa_yazar-aygul-aydin-ender-sarac","12":"first","13":"instock","14":"sale","15":"shipping-taxable","16":"purchasable","17":"product-type-simple"},"_links":{"self":[{"href":"https:\/\/roveyayinevi.com.tr\/index.php\/wp-json\/wp\/v2\/product\/745451","targetHints":{"allow":["GET"]}}],"collection":[{"href":"https:\/\/roveyayinevi.com.tr\/index.php\/wp-json\/wp\/v2\/product"}],"about":[{"href":"https:\/\/roveyayinevi.com.tr\/index.php\/wp-json\/wp\/v2\/types\/product"}],"wp:attachment":[{"href":"https:\/\/roveyayinevi.com.tr\/index.php\/wp-json\/wp\/v2\/media?parent=745451"}],"wp:term":[{"taxonomy":"product_brand","embeddable":true,"href":"https:\/\/roveyayinevi.com.tr\/index.php\/wp-json\/wp\/v2\/product_brand?post=745451"},{"taxonomy":"product_cat","embeddable":true,"href":"https:\/\/roveyayinevi.com.tr\/index.php\/wp-json\/wp\/v2\/product_cat?post=745451"},{"taxonomy":"product_tag","embeddable":true,"href":"https:\/\/roveyayinevi.com.tr\/index.php\/wp-json\/wp\/v2\/product_tag?post=745451"}],"curies":[{"name":"wp","href":"https:\/\/api.w.org\/{rel}","templated":true}]}}