{"id":745450,"date":"2025-08-28T02:20:14","date_gmt":"2025-08-27T23:20:14","guid":{"rendered":"https:\/\/roveyayinevi.com.tr\/index.php\/urun\/buyuyunce-ne-olsam\/"},"modified":"2026-04-11T14:14:20","modified_gmt":"2026-04-11T11:14:20","slug":"buyuyunce-ne-olsam","status":"publish","type":"product","link":"https:\/\/roveyayinevi.com.tr\/index.php\/urun\/buyuyunce-ne-olsam\/","title":{"rendered":"B\u00fcy\u00fcy\u00fcnce Ne Olsam?"},"content":{"rendered":"<p>Ahmet b\u00fcy\u00fcy\u00fcnce s\u00fcper kahraman olmak istiyordu. \u00c7\u00fcnk\u00fc t\u00fcm kahramanlar\u0131n pelerinleri vard\u0131. Okulun d\u00fczenledi\u011fi bir gezideyse Ahmet ve arkada\u015flar\u0131n\u0131 farkl\u0131 t\u00fcrde kahramanlar bekliyordu. Birbirinden ilgin\u00e7 ve e\u011flenceli bilgiler edinen \u00e7ocuklar\u0131n fikirleri bir anda de\u011fi\u015fivermi\u015fti. Acaba bizim Ahmet de pelerininden vazge\u00e7ecek miydi?   \u0130mren T\u00fcbcil\u2019in yaz\u0131p resimledi\u011fi B\u00fcy\u00fcy\u00fcnce Ne Olsam?, bir yandan \u00e7ocuklara meslekleri anlat\u0131rken bir yandan da hik\u00e2yesiyle okuyanlar\u0131 tatl\u0131 tatl\u0131 tebess\u00fcm ettiriyor. <\/p>\n","protected":false},"excerpt":{"rendered":"<p>Ahmet b\u00fcy\u00fcy\u00fcnce s\u00fcper kahraman olmak istiyordu. \u00c7\u00fcnk\u00fc t\u00fcm kahramanlar\u0131n pelerinleri vard\u0131. Okulun d\u00fczenledi\u011fi bir gezideyse Ahmet ve arkada\u015flar\u0131n\u0131 farkl\u0131 t\u00fcrde kahramanlar bekliyordu. Birbirinden ilgin\u00e7 ve e\u011flenceli<span class=\"excerpt-hellip\"> [\u2026]<\/span><\/p>\n","protected":false},"featured_media":0,"template":"","meta":{"_monsterinsights_skip_tracking":false,"_monsterinsights_sitenote_active":false,"_monsterinsights_sitenote_note":"","_monsterinsights_sitenote_category":0},"product_brand":[],"product_cat":[12274,12284],"product_tag":[],"class_list":{"0":"post-745450","1":"product","2":"type-product","3":"status-publish","5":"product_cat-cocuk-ve-genclik-kitaplari","6":"product_cat-hikayeler","7":"pa_cilt-ciltsiz","8":"pa_tur-kitap","9":"pa_yayinevi-masalperest","10":"pa_yazar-imren-tubcil","12":"first","13":"instock","14":"sale","15":"shipping-taxable","16":"purchasable","17":"product-type-simple"},"_links":{"self":[{"href":"https:\/\/roveyayinevi.com.tr\/index.php\/wp-json\/wp\/v2\/product\/745450","targetHints":{"allow":["GET"]}}],"collection":[{"href":"https:\/\/roveyayinevi.com.tr\/index.php\/wp-json\/wp\/v2\/product"}],"about":[{"href":"https:\/\/roveyayinevi.com.tr\/index.php\/wp-json\/wp\/v2\/types\/product"}],"wp:attachment":[{"href":"https:\/\/roveyayinevi.com.tr\/index.php\/wp-json\/wp\/v2\/media?parent=745450"}],"wp:term":[{"taxonomy":"product_brand","embeddable":true,"href":"https:\/\/roveyayinevi.com.tr\/index.php\/wp-json\/wp\/v2\/product_brand?post=745450"},{"taxonomy":"product_cat","embeddable":true,"href":"https:\/\/roveyayinevi.com.tr\/index.php\/wp-json\/wp\/v2\/product_cat?post=745450"},{"taxonomy":"product_tag","embeddable":true,"href":"https:\/\/roveyayinevi.com.tr\/index.php\/wp-json\/wp\/v2\/product_tag?post=745450"}],"curies":[{"name":"wp","href":"https:\/\/api.w.org\/{rel}","templated":true}]}}