{"id":745449,"date":"2025-08-28T02:20:13","date_gmt":"2025-08-27T23:20:13","guid":{"rendered":"https:\/\/roveyayinevi.com.tr\/index.php\/urun\/hosgoru-uzerine-bir-mektup\/"},"modified":"2026-04-16T02:57:43","modified_gmt":"2026-04-15T23:57:43","slug":"hosgoru-uzerine-bir-mektup","status":"publish","type":"product","link":"https:\/\/roveyayinevi.com.tr\/index.php\/urun\/hosgoru-uzerine-bir-mektup\/","title":{"rendered":"Ho\u015fg\u00f6ru\u0308 \u00dczerine Bir Mektup"},"content":{"rendered":"<p>1667 gibi erken bir tarihte kaleme al\u0131nan, ancak politik nedenlerle 1689\u2019a kadar yay\u0131mlanmayan Ho\u015fg\u00f6r\u00fc \u00dczerine Bir Mektup\u2019ta\u2013\u201c\u015eanl\u0131 Devrim\u201dden sonra\u2013 Locke, politik \u00f6zg\u00fcrl\u00fck arg\u00fcman\u0131na benzer gerek\u00e7elerle t\u00fcm insanlar\u0131n do\u011fas\u0131 gere\u011fi sahip oldu\u011funu \u00f6ne s\u00fcrd\u00fc\u011f\u00fc din\u00ee ho\u015fg\u00f6r\u00fcy\u00fc savunur. Di\u011fer bir ifadeyle, t\u00fcm insanlar do\u011fas\u0131 gere\u011fi \u201c\u00f6zg\u00fcr, e\u015fit ve ba\u011f\u0131ms\u0131zd\u0131r\u201d ve d\u00fc\u015f\u00fcnce \u00f6zg\u00fcrl\u00fc\u011f\u00fc, konu\u015fma \u00f6zg\u00fcrl\u00fc\u011f\u00fc ve ibadet \u00f6zg\u00fcrl\u00fc\u011f\u00fc hakk\u0131na sahiptir. \u0130kinci \u00f6zg\u00fcrl\u00fc\u011f\u00fcn garanti alt\u0131na al\u0131nmas\u0131na yard\u0131mc\u0131 olmak i\u00e7in Locke, kilise ile devletin ayr\u0131lmas\u0131 \u00e7a\u011fr\u0131s\u0131nda bulunur. Nesiller boyu toplumsal ve politik felsefenin temeli olan bu eser, \u0130ngiltere\u2019de ve Avrupa\u2019da modern demokratik devletin temellerinin at\u0131lmas\u0131na yard\u0131mc\u0131 olmu\u015ftur. Eserin \u00f6nemi, onu felsefe, tarih ve siyaset bilimi \u00f6\u011frencileri i\u00e7in temel bir okuma haline getiriyor.   \u201c\u0130\u015fte Ho\u015fg\u00f6r\u00fc \u00dczerine Bir Mektup Avrupa\u2019daki d\u00fc\u015f\u00fcnce gelene\u011finin temel bir kavram\u0131 olan ho\u015fg\u00f6r\u00fc kavram\u0131n\u0131n nas\u0131l geli\u015ftirilece\u011fine dair Locke\u2019un \u00e7a\u011flar\u0131 a\u015fan kavray\u0131\u015f\u0131n\u0131 bize sunuyor.\u201d <\/p>\n","protected":false},"excerpt":{"rendered":"<p>1667 gibi erken bir tarihte kaleme al\u0131nan, ancak politik nedenlerle 1689\u2019a kadar yay\u0131mlanmayan Ho\u015fg\u00f6r\u00fc \u00dczerine Bir Mektup\u2019ta\u2013\u201c\u015eanl\u0131 Devrim\u201dden sonra\u2013 Locke, politik \u00f6zg\u00fcrl\u00fck arg\u00fcman\u0131na benzer gerek\u00e7elerle t\u00fcm<span class=\"excerpt-hellip\"> [\u2026]<\/span><\/p>\n","protected":false},"featured_media":0,"template":"","meta":{"_monsterinsights_skip_tracking":false,"_monsterinsights_sitenote_active":false,"_monsterinsights_sitenote_note":"","_monsterinsights_sitenote_category":0},"product_brand":[],"product_cat":[20351,12388],"product_tag":[],"class_list":{"0":"post-745449","1":"product","2":"type-product","3":"status-publish","5":"product_cat-dusunce","6":"product_cat-felsefe","7":"pa_cilt-ciltsiz","8":"pa_tur-kitap","9":"pa_yayinevi-say-yayinlari","10":"pa_yazar-john-locke","12":"first","13":"instock","14":"sale","15":"shipping-taxable","16":"purchasable","17":"product-type-simple"},"_links":{"self":[{"href":"https:\/\/roveyayinevi.com.tr\/index.php\/wp-json\/wp\/v2\/product\/745449","targetHints":{"allow":["GET"]}}],"collection":[{"href":"https:\/\/roveyayinevi.com.tr\/index.php\/wp-json\/wp\/v2\/product"}],"about":[{"href":"https:\/\/roveyayinevi.com.tr\/index.php\/wp-json\/wp\/v2\/types\/product"}],"wp:attachment":[{"href":"https:\/\/roveyayinevi.com.tr\/index.php\/wp-json\/wp\/v2\/media?parent=745449"}],"wp:term":[{"taxonomy":"product_brand","embeddable":true,"href":"https:\/\/roveyayinevi.com.tr\/index.php\/wp-json\/wp\/v2\/product_brand?post=745449"},{"taxonomy":"product_cat","embeddable":true,"href":"https:\/\/roveyayinevi.com.tr\/index.php\/wp-json\/wp\/v2\/product_cat?post=745449"},{"taxonomy":"product_tag","embeddable":true,"href":"https:\/\/roveyayinevi.com.tr\/index.php\/wp-json\/wp\/v2\/product_tag?post=745449"}],"curies":[{"name":"wp","href":"https:\/\/api.w.org\/{rel}","templated":true}]}}