{"id":745445,"date":"2025-08-28T02:20:07","date_gmt":"2025-08-27T23:20:07","guid":{"rendered":"https:\/\/roveyayinevi.com.tr\/index.php\/urun\/re-terraform\/"},"modified":"2026-04-16T02:57:43","modified_gmt":"2026-04-15T23:57:43","slug":"re-terraform","status":"publish","type":"product","link":"https:\/\/roveyayinevi.com.tr\/index.php\/urun\/re-terraform\/","title":{"rendered":"Re-Terraform"},"content":{"rendered":"<p>\u201cAmerikal\u0131lar bu sene k\u00fck\u00fcrt kokan hava d\u0131\u015f\u0131nda \u00fc\u00e7 farkl\u0131 atmosferi soluyorlard\u0131: Ba\u015fkanl\u0131k se\u00e7imi, e-D\u00fcnya Kupas\u0131 ve Robot Olimpiyatlar\u0131.\u201d   Yak\u0131n bir gelecekte D\u00fcnya insanlar\u0131 i\u00e7in i\u015fler pek de yolunda gitmemektedir. \u0130nsano\u011flunun milyonlarca y\u0131ld\u0131r azar azar yok etti\u011fi D\u00fcnya art\u0131k pes edip kendini derin bir bo\u015flu\u011fa b\u0131rakmak \u00fczeredir. Direnen bir grup insan\u0131n hayali ve umutlar\u0131 ise siyasi birtak\u0131m arg\u00fcmanlar e\u015fli\u011finde s\u00fcrekli h\u00fcsrana u\u011framaya mahk\u00fbm edilmek istenmektedir.   Distopik bir kurgu olan Re-Terraform roman\u0131yla Volkan \u00c7ak\u0131r okura \u00e7ok \u201cmuhtemel bir gelecek\u201d vadediyor. <\/p>\n","protected":false},"excerpt":{"rendered":"<p>\u201cAmerikal\u0131lar bu sene k\u00fck\u00fcrt kokan hava d\u0131\u015f\u0131nda \u00fc\u00e7 farkl\u0131 atmosferi soluyorlard\u0131: Ba\u015fkanl\u0131k se\u00e7imi, e-D\u00fcnya Kupas\u0131 ve Robot Olimpiyatlar\u0131.\u201d Yak\u0131n bir gelecekte D\u00fcnya insanlar\u0131 i\u00e7in i\u015fler pek<span class=\"excerpt-hellip\"> [\u2026]<\/span><\/p>\n","protected":false},"featured_media":0,"template":"","meta":{"_monsterinsights_skip_tracking":false,"_monsterinsights_sitenote_active":false,"_monsterinsights_sitenote_note":"","_monsterinsights_sitenote_category":0},"product_brand":[],"product_cat":[12540,12291],"product_tag":[],"class_list":{"0":"post-745445","1":"product","2":"type-product","3":"status-publish","5":"product_cat-bilim-kurgu","6":"product_cat-edebiyat","7":"pa_cilt-ciltsiz","8":"pa_tur-kitap","9":"pa_yayinevi-elpis-yayinlari","10":"pa_yazar-volkan-cakir","12":"first","13":"instock","14":"sale","15":"shipping-taxable","16":"purchasable","17":"product-type-simple"},"_links":{"self":[{"href":"https:\/\/roveyayinevi.com.tr\/index.php\/wp-json\/wp\/v2\/product\/745445","targetHints":{"allow":["GET"]}}],"collection":[{"href":"https:\/\/roveyayinevi.com.tr\/index.php\/wp-json\/wp\/v2\/product"}],"about":[{"href":"https:\/\/roveyayinevi.com.tr\/index.php\/wp-json\/wp\/v2\/types\/product"}],"wp:attachment":[{"href":"https:\/\/roveyayinevi.com.tr\/index.php\/wp-json\/wp\/v2\/media?parent=745445"}],"wp:term":[{"taxonomy":"product_brand","embeddable":true,"href":"https:\/\/roveyayinevi.com.tr\/index.php\/wp-json\/wp\/v2\/product_brand?post=745445"},{"taxonomy":"product_cat","embeddable":true,"href":"https:\/\/roveyayinevi.com.tr\/index.php\/wp-json\/wp\/v2\/product_cat?post=745445"},{"taxonomy":"product_tag","embeddable":true,"href":"https:\/\/roveyayinevi.com.tr\/index.php\/wp-json\/wp\/v2\/product_tag?post=745445"}],"curies":[{"name":"wp","href":"https:\/\/api.w.org\/{rel}","templated":true}]}}