{"id":745439,"date":"2025-08-28T02:19:59","date_gmt":"2025-08-27T23:19:59","guid":{"rendered":"https:\/\/roveyayinevi.com.tr\/index.php\/urun\/gocebe-varligin-cobani\/"},"modified":"2026-04-16T02:57:43","modified_gmt":"2026-04-15T23:57:43","slug":"gocebe-varligin-cobani","status":"publish","type":"product","link":"https:\/\/roveyayinevi.com.tr\/index.php\/urun\/gocebe-varligin-cobani\/","title":{"rendered":"G\u00f6\u00e7ebe Varl\u0131\u011f\u0131n \u00c7oban\u0131"},"content":{"rendered":"<p>\u201cBenim yol arkada\u015f\u0131m, s\u0131rda\u015f\u0131m, her \u015feyde g\u00fcl\u00fcnecek bir taraf bulabilen sorumluluk sahibi e\u015fim, her zamankinden daha \u00e7ok espri yaparak k\u0131z\u0131na belli etmemeye \u00e7al\u0131\u015fsa da ruhundaki y\u0131k\u0131nt\u0131lar\u0131 g\u00f6rebiliyordum. \u00dczg\u00fcnd\u00fc, kafas\u0131nda bir s\u00fcr\u00fc soru i\u015fareti vard\u0131. \u0130\u00e7inden s\u0131yr\u0131lamad\u0131\u011f\u0131 bir \u015fey olmu\u015ftu ama belli de etmemeye \u00e7al\u0131\u015f\u0131yordu koca y\u00fcreklim. O h\u00e2lde, sahip olduklar\u0131m\u0131z\u0131 hat\u0131rlamas\u0131 i\u00e7in onlar\u0131 en g\u00fczel \u015fekilde sunmal\u0131yd\u0131m. Akl\u0131ma d\u0131\u015far\u0131da usul usul ya\u011fan kar geldi.\u201d G\u00f6\u00e7ebe Varl\u0131\u011f\u0131n \u00c7oban\u0131, P\u0131nar Eldem \u00c7ulhao\u011flu\u2019nun ikinci roman\u0131. \u0130lk roman\u0131 Nuh\u2019un Lezzet Gemisi \u00e7ok be\u011fenilmi\u015f ve okurlar\u0131ndan takdir toplam\u0131\u015ft\u0131. Yazar ikinci roman\u0131nda \u00e7\u0131tay\u0131 daha da y\u00fckseltiyor. Kitab\u0131nda insan hayat\u0131n\u0131, kad\u0131nlar\u0131n i\u00e7 d\u00fcnyas\u0131n\u0131 ve do\u011faya yeni bir perspektiften bakmam\u0131z gerekti\u011fini ilmik ilmik \u00f6r\u00fcyor. En k\u00f6t\u00fc durumda bile sevgi, duyarl\u0131l\u0131k ve anlay\u0131\u015fla her \u015feyin \u00fcstesinden gelinebilece\u011fini, her zaman ba\u015ftan ba\u015flama umudu oldu\u011funu hat\u0131rlat\u0131yor. Bir \u00e7\u0131rp\u0131da okuyaca\u011f\u0131n\u0131z ama bitirdi\u011finizde durup d\u00fc\u015f\u00fcnece\u011fimiz bir roman bu. <\/p>\n","protected":false},"excerpt":{"rendered":"<p>\u201cBenim yol arkada\u015f\u0131m, s\u0131rda\u015f\u0131m, her \u015feyde g\u00fcl\u00fcnecek bir taraf bulabilen sorumluluk sahibi e\u015fim, her zamankinden daha \u00e7ok espri yaparak k\u0131z\u0131na belli etmemeye \u00e7al\u0131\u015fsa da ruhundaki y\u0131k\u0131nt\u0131lar\u0131<span class=\"excerpt-hellip\"> [\u2026]<\/span><\/p>\n","protected":false},"featured_media":0,"template":"","meta":{"_monsterinsights_skip_tracking":false,"_monsterinsights_sitenote_active":false,"_monsterinsights_sitenote_note":"","_monsterinsights_sitenote_category":0},"product_brand":[],"product_cat":[12291,12711],"product_tag":[],"class_list":{"0":"post-745439","1":"product","2":"type-product","3":"status-publish","5":"product_cat-edebiyat","6":"product_cat-roman-oyku","7":"pa_cilt-ciltsiz","8":"pa_tur-kitap","9":"pa_yayinevi-yeni-insan-yayinlari","10":"pa_yazar-pinar-eldem-culhaoglu","12":"first","13":"instock","14":"sale","15":"shipping-taxable","16":"purchasable","17":"product-type-simple"},"_links":{"self":[{"href":"https:\/\/roveyayinevi.com.tr\/index.php\/wp-json\/wp\/v2\/product\/745439","targetHints":{"allow":["GET"]}}],"collection":[{"href":"https:\/\/roveyayinevi.com.tr\/index.php\/wp-json\/wp\/v2\/product"}],"about":[{"href":"https:\/\/roveyayinevi.com.tr\/index.php\/wp-json\/wp\/v2\/types\/product"}],"wp:attachment":[{"href":"https:\/\/roveyayinevi.com.tr\/index.php\/wp-json\/wp\/v2\/media?parent=745439"}],"wp:term":[{"taxonomy":"product_brand","embeddable":true,"href":"https:\/\/roveyayinevi.com.tr\/index.php\/wp-json\/wp\/v2\/product_brand?post=745439"},{"taxonomy":"product_cat","embeddable":true,"href":"https:\/\/roveyayinevi.com.tr\/index.php\/wp-json\/wp\/v2\/product_cat?post=745439"},{"taxonomy":"product_tag","embeddable":true,"href":"https:\/\/roveyayinevi.com.tr\/index.php\/wp-json\/wp\/v2\/product_tag?post=745439"}],"curies":[{"name":"wp","href":"https:\/\/api.w.org\/{rel}","templated":true}]}}