{"id":745435,"date":"2025-08-28T02:19:55","date_gmt":"2025-08-27T23:19:55","guid":{"rendered":"https:\/\/roveyayinevi.com.tr\/index.php\/urun\/mulki-idare-klasikleri\/"},"modified":"2026-04-16T02:57:43","modified_gmt":"2026-04-15T23:57:43","slug":"mulki-idare-klasikleri","status":"publish","type":"product","link":"https:\/\/roveyayinevi.com.tr\/index.php\/urun\/mulki-idare-klasikleri\/","title":{"rendered":"M\u00fclki \u0130dare Klasikleri"},"content":{"rendered":"<p>T\u00fcrkiye\u2019de \u201cM\u00fclki \u0130dare Klasikleri\u201d adl\u0131 eserin kapsam\u0131n\u0131; ilgili alanlarda bir \u00e7al\u0131\u015fma yaparken literat\u00fcr incelemesi yap\u0131ld\u0131\u011f\u0131nda \u2018olmazsa olmaz\u2019 \u015feklinde tarif edebilece\u011fimiz makaleler olu\u015fturmaktad\u0131r. Teorisyen ve uygulay\u0131c\u0131lar\u0131n farkl\u0131 yerlerde yay\u0131nlanm\u0131\u015f makalelerinin bir arada yer ald\u0131\u011f\u0131 bu kitab\u0131n amac\u0131; s\u00f6z konusu alanlardaki birikimi belli bir kronoloji ve konsept i\u00e7erisinde sunmakt\u0131r. Klasikler olarak nitelendirilecek bu kitaplarla; da\u011f\u0131n\u0131k olan ba\u015fat \u00e7al\u0131\u015fmalar\u0131 bir araya getirerek siyaset\u00e7iler, b\u00fcrokratlar, akademisyenler, \u00f6\u011frenciler ve ilgilenen her kesim i\u00e7in ba\u015fucu eser ortaya \u00e7\u0131kmaktad\u0131r. Bu \u00e7al\u0131\u015fma, Cumhuriyet D\u00f6nemi\u2019nde m\u00fclki idare hakk\u0131nda yaz\u0131lan makale ve kitap b\u00f6l\u00fcmleri aras\u0131ndan se\u00e7ilenleri i\u00e7ermektedir. Ayr\u0131ca Tanzimat D\u00f6nemi\u2019nden itibaren m\u00fclki idare amiri olarak g\u00f6rev yapan ve \u0130z B\u0131rakan M\u00fclki \u0130dare Amirleri kitap serisinden se\u00e7ilen be\u015f m\u00fclki idare amirinin \u00f6zel ve mesleki ya\u015fam \u00f6yk\u00fcleri payla\u015f\u0131lmaktad\u0131r. <\/p>\n","protected":false},"excerpt":{"rendered":"<p>T\u00fcrkiye\u2019de \u201cM\u00fclki \u0130dare Klasikleri\u201d adl\u0131 eserin kapsam\u0131n\u0131; ilgili alanlarda bir \u00e7al\u0131\u015fma yaparken literat\u00fcr incelemesi yap\u0131ld\u0131\u011f\u0131nda \u2018olmazsa olmaz\u2019 \u015feklinde tarif edebilece\u011fimiz makaleler olu\u015fturmaktad\u0131r. Teorisyen ve uygulay\u0131c\u0131lar\u0131n farkl\u0131<span class=\"excerpt-hellip\"> [\u2026]<\/span><\/p>\n","protected":false},"featured_media":0,"template":"","meta":{"_monsterinsights_skip_tracking":false,"_monsterinsights_sitenote_active":false,"_monsterinsights_sitenote_note":"","_monsterinsights_sitenote_category":0},"product_brand":[],"product_cat":[12370,12304],"product_tag":[],"class_list":{"0":"post-745435","1":"product","2":"type-product","3":"status-publish","5":"product_cat-arastirma-inceleme","6":"product_cat-tarih","7":"pa_cilt-ciltsiz","8":"pa_tur-kitap","9":"pa_yayinevi-tiav","10":"pa_yazar-kolektif","12":"first","13":"instock","14":"sale","15":"shipping-taxable","16":"purchasable","17":"product-type-simple"},"_links":{"self":[{"href":"https:\/\/roveyayinevi.com.tr\/index.php\/wp-json\/wp\/v2\/product\/745435","targetHints":{"allow":["GET"]}}],"collection":[{"href":"https:\/\/roveyayinevi.com.tr\/index.php\/wp-json\/wp\/v2\/product"}],"about":[{"href":"https:\/\/roveyayinevi.com.tr\/index.php\/wp-json\/wp\/v2\/types\/product"}],"wp:attachment":[{"href":"https:\/\/roveyayinevi.com.tr\/index.php\/wp-json\/wp\/v2\/media?parent=745435"}],"wp:term":[{"taxonomy":"product_brand","embeddable":true,"href":"https:\/\/roveyayinevi.com.tr\/index.php\/wp-json\/wp\/v2\/product_brand?post=745435"},{"taxonomy":"product_cat","embeddable":true,"href":"https:\/\/roveyayinevi.com.tr\/index.php\/wp-json\/wp\/v2\/product_cat?post=745435"},{"taxonomy":"product_tag","embeddable":true,"href":"https:\/\/roveyayinevi.com.tr\/index.php\/wp-json\/wp\/v2\/product_tag?post=745435"}],"curies":[{"name":"wp","href":"https:\/\/api.w.org\/{rel}","templated":true}]}}